{"id":9732,"date":"2021-11-03T11:05:06","date_gmt":"2021-11-03T11:05:06","guid":{"rendered":"https:\/\/careers.expleo.com\/global\/en\/about-us-2\/"},"modified":"2026-01-19T12:11:25","modified_gmt":"2026-01-19T12:11:25","slug":"le-processus-de-recrutement","status":"publish","type":"page","link":"https:\/\/careers.expleo.com\/fr\/le-processus-de-recrutement\/","title":{"rendered":"Le processus de recrutement"},"content":{"rendered":"\t\t<div data-elementor-type=\"wp-page\" data-elementor-id=\"9732\" class=\"elementor elementor-9732\" data-elementor-post-type=\"page\">\n\t\t\t\t\t\t<section class=\"elementor-section elementor-top-section elementor-element elementor-element-79b3ff0 gg-banner-animation-rtl gg-standard-banner gg-container-small-pb-144 elementor-section-boxed elementor-section-height-default elementor-section-height-default\" data-id=\"79b3ff0\" data-element_type=\"section\" data-e-type=\"section\" data-settings=\"{&quot;background_background&quot;:&quot;classic&quot;}\">\n\t\t\t\t\t\t\t<div class=\"elementor-background-overlay\"><\/div>\n\t\t\t\t\t\t\t<div class=\"elementor-container elementor-column-gap-no\">\n\t\t\t\t\t<div class=\"elementor-column elementor-col-100 elementor-top-column elementor-element elementor-element-4fdafde\" data-id=\"4fdafde\" data-element_type=\"column\" data-e-type=\"column\">\n\t\t\t<div class=\"elementor-widget-wrap elementor-element-populated\">\n\t\t\t\t\t\t<div class=\"elementor-element elementor-element-6511216 elementor-widget elementor-widget-template\" data-id=\"6511216\" data-element_type=\"widget\" data-e-type=\"widget\" data-widget_type=\"template.default\">\n\t\t\t\t<div class=\"elementor-widget-container\">\n\t\t\t\t\t\t\t<div class=\"elementor-template\">\n\t\t\t\t\t<div data-elementor-type=\"section\" data-elementor-id=\"2396\" class=\"elementor elementor-2396\" data-elementor-post-type=\"elementor_library\">\n\t\t\t\t\t<section class=\"elementor-section elementor-top-section elementor-element elementor-element-32d90ec6 gg-font-v11 gg-breadcrumbs gg-breadcrumbs-page elementor-section-full_width elementor-hidden-mobile elementor-section-height-default elementor-section-height-default\" data-id=\"32d90ec6\" data-element_type=\"section\" data-e-type=\"section\">\n\t\t\t\t\t\t<div class=\"elementor-container elementor-column-gap-no\">\n\t\t\t\t\t<div class=\"elementor-column elementor-col-100 elementor-top-column elementor-element elementor-element-b0f6d34 gg-breadcrumbs-column\" data-id=\"b0f6d34\" data-element_type=\"column\" data-e-type=\"column\">\n\t\t\t<div class=\"elementor-widget-wrap elementor-element-populated\">\n\t\t\t\t\t\t<div class=\"elementor-element elementor-element-425d9abe elementor-widget elementor-widget-breadcrumbs\" data-id=\"425d9abe\" data-element_type=\"widget\" data-e-type=\"widget\" data-switcher=\"false\" data-widget_type=\"breadcrumbs.default\">\n\t\t\t\t<div class=\"elementor-widget-container\">\n\t\t\t\t\t<p id=\"breadcrumbs\"><span><span><a href=\"https:\/\/careers.expleo.com\/fr\/\">Home<\/a><\/span><\/span><\/p>\t\t\t\t<\/div>\n\t\t\t\t<\/div>\n\t\t\t\t\t<\/div>\n\t\t<\/div>\n\t\t\t\t\t<\/div>\n\t\t<\/section>\n\t\t\t\t<\/div>\n\t\t\t\t<\/div>\n\t\t\t\t\t\t<\/div>\n\t\t\t\t<\/div>\n\t\t\t\t<div class=\"elementor-element elementor-element-cf90d86 elementor-widget elementor-widget-gravity-advanced-cta\" data-id=\"cf90d86\" data-element_type=\"widget\" data-e-type=\"widget\" data-widget_type=\"gravity-advanced-cta.default\">\n\t\t\t\t<div class=\"elementor-widget-container\">\n\t\t\t\t\t        <div class=\"gg-advanced-cta\">\r\n            \r\n        <p class=\"gg-advanced-cta__heading gg-tagline-heading-left \">\r\n        <strong>        D\u00e9couvrez des opportunit\u00e9s infinies                <\/strong>        <\/p>\r\n        \r\n        <h1 class=\"gg-advanced-cta__subheading gg-font-v1 \">\r\n                <span>Le processus de recrutement<\/span>                <\/h1>\r\n                <div class=\"gg-advanced-cta__description \">\r\n            <span><p class=\"whitespace-pre-wrap break-words\">Votre aventure professionnelle avec Expleo d\u00e9bute ici. Notre processus de recrutement est con\u00e7u pour \u00eatre simple et transparent, permettant de mettre en avant vos talents uniques et trouver ensemble l&#8217;opportunit\u00e9 qui vous correspond le mieux. Nous privil\u00e9gions une approche \u00e9quitable o\u00f9 chacun &#8211; vous comme nous &#8211; peut \u00e9valuer sereinement l&#8217;ad\u00e9quation du poste propos\u00e9.<\/p><p class=\"whitespace-pre-wrap break-words\">Vous souhaitez en savoir plus ? D\u00e9couvrez \u00e9tape par \u00e9tape comment nous construisons ensemble votre parcours professionnel. Chaque phase de notre processus a \u00e9t\u00e9 pens\u00e9e pour aligner vos aspirations avec nos ambitions d&#8217;entreprise.<\/p><p class=\"whitespace-pre-wrap break-words\">\u2795 Cliquez sur les diff\u00e9rentes \u00e9tapes ci-dessous pour explorer en d\u00e9tail notre processus de recrutement.<\/p><\/span>        <\/div>\r\n                <\/div>\r\n\r\n        \t\t\t\t<\/div>\n\t\t\t\t<\/div>\n\t\t\t\t<div class=\"elementor-element elementor-element-1821a78 gg-outside-left-element elementor-widget elementor-widget-heading\" data-id=\"1821a78\" data-element_type=\"widget\" data-e-type=\"widget\" data-widget_type=\"heading.default\">\n\t\t\t\t<div class=\"elementor-widget-container\">\n\t\t\t\t\t<div class=\"elementor-heading-title elementor-size-default\">D\u00c9ROULER<\/div>\t\t\t\t<\/div>\n\t\t\t\t<\/div>\n\t\t\t\t\t<\/div>\n\t\t<\/div>\n\t\t\t\t\t<\/div>\n\t\t<\/section>\n\t\t\t\t<section class=\"elementor-section elementor-top-section elementor-element elementor-element-64fa89e elementor-section-boxed elementor-section-height-default elementor-section-height-default\" data-id=\"64fa89e\" data-element_type=\"section\" data-e-type=\"section\">\n\t\t\t\t\t\t<div class=\"elementor-container elementor-column-gap-default\">\n\t\t\t\t\t<div class=\"elementor-column elementor-col-100 elementor-top-column elementor-element elementor-element-081a293\" data-id=\"081a293\" data-element_type=\"column\" data-e-type=\"column\">\n\t\t\t<div class=\"elementor-widget-wrap elementor-element-populated\">\n\t\t\t\t\t\t<div class=\"elementor-element elementor-element-944e82e elementor-widget elementor-widget-spacer\" data-id=\"944e82e\" data-element_type=\"widget\" data-e-type=\"widget\" data-widget_type=\"spacer.default\">\n\t\t\t\t<div class=\"elementor-widget-container\">\n\t\t\t\t\t\t\t<div class=\"elementor-spacer\">\n\t\t\t<div class=\"elementor-spacer-inner\"><\/div>\n\t\t<\/div>\n\t\t\t\t\t\t<\/div>\n\t\t\t\t<\/div>\n\t\t\t\t\t<\/div>\n\t\t<\/div>\n\t\t\t\t\t<\/div>\n\t\t<\/section>\n\t\t\t\t<section class=\"elementor-section elementor-top-section elementor-element elementor-element-a254e47 elementor-section-boxed elementor-section-height-default elementor-section-height-default\" data-id=\"a254e47\" data-element_type=\"section\" data-e-type=\"section\">\n\t\t\t\t\t\t<div class=\"elementor-container elementor-column-gap-no\">\n\t\t\t\t\t<div class=\"elementor-column elementor-col-100 elementor-top-column elementor-element elementor-element-ddea6da\" data-id=\"ddea6da\" data-element_type=\"column\" data-e-type=\"column\">\n\t\t\t<div class=\"elementor-widget-wrap elementor-element-populated\">\n\t\t\t\t\t\t<div class=\"elementor-element elementor-element-f9d8d8c elementor-widget elementor-widget-html\" data-id=\"f9d8d8c\" data-element_type=\"widget\" data-e-type=\"widget\" data-widget_type=\"html.default\">\n\t\t\t\t<div class=\"elementor-widget-container\">\n\t\t\t\t\t<iframe width=\"960\" height=\"2026.0645161290322\" data-original-width=\"1240\" data-original-height=\"2617\" src=https:\/\/www.thinglink.com\/card\/1538584014716141569 type=\"text\/html\" frameborder=\"0\" webkitallowfullscreen mozallowfullscreen allowfullscreen scrolling=\"no\"><\/iframe><script async src=\"\/\/cdn.thinglink.me\/jse\/responsive.js\"><\/script>\t\t\t\t<\/div>\n\t\t\t\t<\/div>\n\t\t\t\t\t<\/div>\n\t\t<\/div>\n\t\t\t\t\t<\/div>\n\t\t<\/section>\n\t\t\t\t<\/div>\n\t\t","protected":false},"excerpt":{"rendered":"<p>D\u00e9couvrez des opportunit\u00e9s infinies Le processus de recrutement Votre aventure professionnelle avec Expleo d\u00e9bute ici. Notre processus de recrutement est con\u00e7u pour \u00eatre simple et transparent, permettant de mettre en avant vos talents uniques et trouver ensemble l&#8217;opportunit\u00e9 qui vous correspond le mieux. Nous privil\u00e9gions une approche \u00e9quitable o\u00f9 chacun &#8211; vous comme nous &#8211; [&hellip;]<\/p>\n","protected":false},"author":18,"featured_media":0,"parent":0,"menu_order":0,"comment_status":"closed","ping_status":"closed","template":"","meta":{"_oasis_is_in_workflow":0,"_oasis_original":0,"_oasis_task_priority":"","footnotes":""},"class_list":["post-9732","page","type-page","status-publish","hentry"],"yoast_head":"<!-- This site is optimized with the Yoast SEO Premium plugin v27.3 (Yoast SEO v27.4) - https:\/\/yoast.com\/product\/yoast-seo-premium-wordpress\/ -->\n<title>Expleo | Le processus de recrutement<\/title>\n<meta name=\"description\" content=\"Notre process simple et \u00e9quitable permet de d\u00e9finir ensemble quel poste correspond \u00e0 votre profil et \u00e0 vos comp\u00e9tences. En savoir plus\" \/>\n<meta name=\"robots\" content=\"index, follow, max-snippet:-1, max-image-preview:large, max-video-preview:-1\" \/>\n<link rel=\"canonical\" href=\"https:\/\/careers.expleo.com\/fr\/le-processus-de-recrutement\/\" \/>\n<meta property=\"og:locale\" content=\"fr_FR\" \/>\n<meta property=\"og:type\" content=\"article\" \/>\n<meta property=\"og:title\" content=\"Le processus de recrutement\" \/>\n<meta property=\"og:description\" content=\"Notre process simple et \u00e9quitable permet de d\u00e9finir ensemble quel poste correspond \u00e0 votre profil et \u00e0 vos comp\u00e9tences. En savoir plus\" \/>\n<meta property=\"og:url\" content=\"https:\/\/careers.expleo.com\/fr\/le-processus-de-recrutement\/\" \/>\n<meta property=\"og:site_name\" content=\"FR\" \/>\n<meta property=\"article:modified_time\" content=\"2026-01-19T12:11:25+00:00\" \/>\n<meta name=\"twitter:card\" content=\"summary_large_image\" \/>\n<meta name=\"twitter:label1\" content=\"Est. reading time\" \/>\n\t<meta name=\"twitter:data1\" content=\"1 minute\" \/>\n<script type=\"application\/ld+json\" class=\"yoast-schema-graph\">{\"@context\":\"https:\\\/\\\/schema.org\",\"@graph\":[{\"@type\":\"WebPage\",\"@id\":\"https:\\\/\\\/careers.expleo.com\\\/fr\\\/le-processus-de-recrutement\\\/\",\"url\":\"https:\\\/\\\/careers.expleo.com\\\/fr\\\/le-processus-de-recrutement\\\/\",\"name\":\"Expleo | Le processus de recrutement\",\"isPartOf\":{\"@id\":\"https:\\\/\\\/careers.expleo.com\\\/fr\\\/#website\"},\"datePublished\":\"2021-11-03T11:05:06+00:00\",\"dateModified\":\"2026-01-19T12:11:25+00:00\",\"description\":\"Notre process simple et \u00e9quitable permet de d\u00e9finir ensemble quel poste correspond \u00e0 votre profil et \u00e0 vos comp\u00e9tences. En savoir plus\",\"breadcrumb\":{\"@id\":\"https:\\\/\\\/careers.expleo.com\\\/fr\\\/le-processus-de-recrutement\\\/#breadcrumb\"},\"inLanguage\":\"fr-FR\",\"potentialAction\":[{\"@type\":\"ReadAction\",\"target\":[\"https:\\\/\\\/careers.expleo.com\\\/fr\\\/le-processus-de-recrutement\\\/\"]}]},{\"@type\":\"BreadcrumbList\",\"@id\":\"https:\\\/\\\/careers.expleo.com\\\/fr\\\/le-processus-de-recrutement\\\/#breadcrumb\",\"itemListElement\":[{\"@type\":\"ListItem\",\"position\":1,\"name\":\"Home\",\"item\":\"https:\\\/\\\/careers.expleo.com\\\/fr\\\/\"},{\"@type\":\"ListItem\",\"position\":2,\"name\":\"Le processus de recrutement\"}]},{\"@type\":\"WebSite\",\"@id\":\"https:\\\/\\\/careers.expleo.com\\\/fr\\\/#website\",\"url\":\"https:\\\/\\\/careers.expleo.com\\\/fr\\\/\",\"name\":\"EXPLEO | FR\",\"description\":\"Expleo\",\"publisher\":{\"@id\":\"https:\\\/\\\/careers.expleo.com\\\/fr\\\/#organization\"},\"potentialAction\":[{\"@type\":\"SearchAction\",\"target\":{\"@type\":\"EntryPoint\",\"urlTemplate\":\"https:\\\/\\\/careers.expleo.com\\\/fr\\\/?s={search_term_string}\"},\"query-input\":{\"@type\":\"PropertyValueSpecification\",\"valueRequired\":true,\"valueName\":\"search_term_string\"}}],\"inLanguage\":\"fr-FR\"},{\"@type\":\"Organization\",\"@id\":\"https:\\\/\\\/careers.expleo.com\\\/fr\\\/#organization\",\"name\":\"EXPLEO | FR\",\"url\":\"https:\\\/\\\/careers.expleo.com\\\/fr\\\/\",\"logo\":{\"@type\":\"ImageObject\",\"inLanguage\":\"fr-FR\",\"@id\":\"https:\\\/\\\/careers.expleo.com\\\/fr\\\/#\\\/schema\\\/logo\\\/image\\\/\",\"url\":\"https:\\\/\\\/careers.expleo.com\\\/fr\\\/wp-content\\\/uploads\\\/2019\\\/02\\\/expleo-logo-and-tagline.png\",\"contentUrl\":\"https:\\\/\\\/careers.expleo.com\\\/fr\\\/wp-content\\\/uploads\\\/2019\\\/02\\\/expleo-logo-and-tagline.png\",\"width\":1600,\"height\":774,\"caption\":\"EXPLEO | FR\"},\"image\":{\"@id\":\"https:\\\/\\\/careers.expleo.com\\\/fr\\\/#\\\/schema\\\/logo\\\/image\\\/\"}}]}<\/script>\n<!-- \/ Yoast SEO Premium plugin. -->","yoast_head_json":{"title":"Expleo | Le processus de recrutement","description":"Notre process simple et \u00e9quitable permet de d\u00e9finir ensemble quel poste correspond \u00e0 votre profil et \u00e0 vos comp\u00e9tences. En savoir plus","robots":{"index":"index","follow":"follow","max-snippet":"max-snippet:-1","max-image-preview":"max-image-preview:large","max-video-preview":"max-video-preview:-1"},"canonical":"https:\/\/careers.expleo.com\/fr\/le-processus-de-recrutement\/","og_locale":"fr_FR","og_type":"article","og_title":"Le processus de recrutement","og_description":"Notre process simple et \u00e9quitable permet de d\u00e9finir ensemble quel poste correspond \u00e0 votre profil et \u00e0 vos comp\u00e9tences. En savoir plus","og_url":"https:\/\/careers.expleo.com\/fr\/le-processus-de-recrutement\/","og_site_name":"FR","article_modified_time":"2026-01-19T12:11:25+00:00","twitter_card":"summary_large_image","twitter_misc":{"Est. reading time":"1 minute"},"schema":{"@context":"https:\/\/schema.org","@graph":[{"@type":"WebPage","@id":"https:\/\/careers.expleo.com\/fr\/le-processus-de-recrutement\/","url":"https:\/\/careers.expleo.com\/fr\/le-processus-de-recrutement\/","name":"Expleo | Le processus de recrutement","isPartOf":{"@id":"https:\/\/careers.expleo.com\/fr\/#website"},"datePublished":"2021-11-03T11:05:06+00:00","dateModified":"2026-01-19T12:11:25+00:00","description":"Notre process simple et \u00e9quitable permet de d\u00e9finir ensemble quel poste correspond \u00e0 votre profil et \u00e0 vos comp\u00e9tences. En savoir plus","breadcrumb":{"@id":"https:\/\/careers.expleo.com\/fr\/le-processus-de-recrutement\/#breadcrumb"},"inLanguage":"fr-FR","potentialAction":[{"@type":"ReadAction","target":["https:\/\/careers.expleo.com\/fr\/le-processus-de-recrutement\/"]}]},{"@type":"BreadcrumbList","@id":"https:\/\/careers.expleo.com\/fr\/le-processus-de-recrutement\/#breadcrumb","itemListElement":[{"@type":"ListItem","position":1,"name":"Home","item":"https:\/\/careers.expleo.com\/fr\/"},{"@type":"ListItem","position":2,"name":"Le processus de recrutement"}]},{"@type":"WebSite","@id":"https:\/\/careers.expleo.com\/fr\/#website","url":"https:\/\/careers.expleo.com\/fr\/","name":"EXPLEO | FR","description":"Expleo","publisher":{"@id":"https:\/\/careers.expleo.com\/fr\/#organization"},"potentialAction":[{"@type":"SearchAction","target":{"@type":"EntryPoint","urlTemplate":"https:\/\/careers.expleo.com\/fr\/?s={search_term_string}"},"query-input":{"@type":"PropertyValueSpecification","valueRequired":true,"valueName":"search_term_string"}}],"inLanguage":"fr-FR"},{"@type":"Organization","@id":"https:\/\/careers.expleo.com\/fr\/#organization","name":"EXPLEO | FR","url":"https:\/\/careers.expleo.com\/fr\/","logo":{"@type":"ImageObject","inLanguage":"fr-FR","@id":"https:\/\/careers.expleo.com\/fr\/#\/schema\/logo\/image\/","url":"https:\/\/careers.expleo.com\/fr\/wp-content\/uploads\/2019\/02\/expleo-logo-and-tagline.png","contentUrl":"https:\/\/careers.expleo.com\/fr\/wp-content\/uploads\/2019\/02\/expleo-logo-and-tagline.png","width":1600,"height":774,"caption":"EXPLEO | FR"},"image":{"@id":"https:\/\/careers.expleo.com\/fr\/#\/schema\/logo\/image\/"}}]}},"hreflang":{"rendered":"<link rel=\"alternate\" href=\"https:\/\/careers.expleo.com\/en\/recruitment-process\/\" hreflang=\"x-default\"\/>\n<link rel=\"alternate\" href=\"https:\/\/careers.expleo.com\/en\/recruitment-process\/\" hreflang=\"en\"\/>\n<link rel=\"alternate\" href=\"https:\/\/careers.expleo.com\/fr\/le-processus-de-recrutement\/\" hreflang=\"fr\"\/>\n<link rel=\"alternate\" href=\"https:\/\/careers.expleo.com\/de\/einstellungsverfahren\/\" hreflang=\"de\"\/>\n","structure":[{"blogId":4,"blogIsHidden":false,"postId":15478,"url":"https:\/\/careers.expleo.com\/en\/recruitment-process\/","language":"en","default":true},{"blogId":5,"blogIsHidden":false,"postId":9732,"url":"https:\/\/careers.expleo.com\/fr\/le-processus-de-recrutement\/","language":"fr","default":false},{"blogId":6,"blogIsHidden":false,"postId":10775,"url":"https:\/\/careers.expleo.com\/de\/einstellungsverfahren\/","language":"de","default":false}]},"_links":{"self":[{"href":"https:\/\/careers.expleo.com\/fr\/wp-json\/wp\/v2\/pages\/9732","targetHints":{"allow":["GET"]}}],"collection":[{"href":"https:\/\/careers.expleo.com\/fr\/wp-json\/wp\/v2\/pages"}],"about":[{"href":"https:\/\/careers.expleo.com\/fr\/wp-json\/wp\/v2\/types\/page"}],"author":[{"embeddable":true,"href":"https:\/\/careers.expleo.com\/fr\/wp-json\/wp\/v2\/users\/18"}],"replies":[{"embeddable":true,"href":"https:\/\/careers.expleo.com\/fr\/wp-json\/wp\/v2\/comments?post=9732"}],"version-history":[{"count":10,"href":"https:\/\/careers.expleo.com\/fr\/wp-json\/wp\/v2\/pages\/9732\/revisions"}],"predecessor-version":[{"id":29360,"href":"https:\/\/careers.expleo.com\/fr\/wp-json\/wp\/v2\/pages\/9732\/revisions\/29360"}],"wp:attachment":[{"href":"https:\/\/careers.expleo.com\/fr\/wp-json\/wp\/v2\/media?parent=9732"}],"curies":[{"name":"wp","href":"https:\/\/api.w.org\/{rel}","templated":true}]}}