{"id":7000,"date":"2021-02-08T12:29:00","date_gmt":"2021-02-08T12:29:00","guid":{"rendered":"https:\/\/careers.expleo.com\/data-protection-template-2\/"},"modified":"2023-03-01T04:08:01","modified_gmt":"2023-03-01T04:08:01","slug":"protection-des-donnees-personnelles","status":"publish","type":"page","link":"https:\/\/careers.expleo.com\/fr\/protection-des-donnees-personnelles\/","title":{"rendered":"Protection des donn\u00e9es personnelles"},"content":{"rendered":"\t\t<div data-elementor-type=\"wp-page\" data-elementor-id=\"7000\" class=\"elementor elementor-7000\" data-elementor-post-type=\"page\">\n\t\t\t\t\t\t<section class=\"elementor-section elementor-top-section elementor-element elementor-element-334c144b gg-simple-banner gg-container-small-pb-144 elementor-section-boxed elementor-section-height-default elementor-section-height-default\" data-id=\"334c144b\" data-element_type=\"section\" data-e-type=\"section\">\n\t\t\t\t\t\t\t<div class=\"elementor-background-overlay\"><\/div>\n\t\t\t\t\t\t\t<div class=\"elementor-container elementor-column-gap-no\">\n\t\t\t\t\t<div class=\"elementor-column elementor-col-100 elementor-top-column elementor-element elementor-element-3b14ada9\" data-id=\"3b14ada9\" data-element_type=\"column\" data-e-type=\"column\">\n\t\t\t<div class=\"elementor-widget-wrap elementor-element-populated\">\n\t\t\t\t\t\t<div class=\"elementor-element elementor-element-4341bd1 elementor-widget elementor-widget-template\" data-id=\"4341bd1\" data-element_type=\"widget\" data-e-type=\"widget\" data-widget_type=\"template.default\">\n\t\t\t\t<div class=\"elementor-widget-container\">\n\t\t\t\t\t\t\t<div class=\"elementor-template\">\n\t\t\t\t\t<div data-elementor-type=\"section\" data-elementor-id=\"2396\" class=\"elementor elementor-2396\" data-elementor-post-type=\"elementor_library\">\n\t\t\t\t\t<section class=\"elementor-section elementor-top-section elementor-element elementor-element-32d90ec6 gg-font-v11 gg-breadcrumbs gg-breadcrumbs-page elementor-section-full_width elementor-hidden-mobile elementor-section-height-default elementor-section-height-default\" data-id=\"32d90ec6\" data-element_type=\"section\" data-e-type=\"section\">\n\t\t\t\t\t\t<div class=\"elementor-container elementor-column-gap-no\">\n\t\t\t\t\t<div class=\"elementor-column elementor-col-100 elementor-top-column elementor-element elementor-element-b0f6d34 gg-breadcrumbs-column\" data-id=\"b0f6d34\" data-element_type=\"column\" data-e-type=\"column\">\n\t\t\t<div class=\"elementor-widget-wrap elementor-element-populated\">\n\t\t\t\t\t\t<div class=\"elementor-element elementor-element-425d9abe elementor-widget elementor-widget-breadcrumbs\" data-id=\"425d9abe\" data-element_type=\"widget\" data-e-type=\"widget\" data-switcher=\"false\" data-widget_type=\"breadcrumbs.default\">\n\t\t\t\t<div class=\"elementor-widget-container\">\n\t\t\t\t\t<p id=\"breadcrumbs\"><span><span><a href=\"https:\/\/careers.expleo.com\/fr\/\">Home<\/a><\/span><\/span><\/p>\t\t\t\t<\/div>\n\t\t\t\t<\/div>\n\t\t\t\t\t<\/div>\n\t\t<\/div>\n\t\t\t\t\t<\/div>\n\t\t<\/section>\n\t\t\t\t<\/div>\n\t\t\t\t<\/div>\n\t\t\t\t\t\t<\/div>\n\t\t\t\t<\/div>\n\t\t\t\t<div class=\"elementor-element elementor-element-68254987 gg-simple-banner_title elementor-widget elementor-widget-heading\" data-id=\"68254987\" data-element_type=\"widget\" data-e-type=\"widget\" data-widget_type=\"heading.default\">\n\t\t\t\t<div class=\"elementor-widget-container\">\n\t\t\t\t\t<h1 class=\"elementor-heading-title elementor-size-default\">Protection des <br> donn\u00e9es personnelles<\/h1>\t\t\t\t<\/div>\n\t\t\t\t<\/div>\n\t\t\t\t\t<\/div>\n\t\t<\/div>\n\t\t\t\t\t<\/div>\n\t\t<\/section>\n\t\t\t\t<section class=\"elementor-section elementor-top-section elementor-element elementor-element-4245e04 elementor-section-boxed elementor-section-height-default elementor-section-height-default\" data-id=\"4245e04\" data-element_type=\"section\" data-e-type=\"section\">\n\t\t\t\t\t\t<div class=\"elementor-container elementor-column-gap-default\">\n\t\t\t\t\t<div class=\"elementor-column elementor-col-100 elementor-top-column elementor-element elementor-element-f1f8408\" data-id=\"f1f8408\" data-element_type=\"column\" data-e-type=\"column\">\n\t\t\t<div class=\"elementor-widget-wrap elementor-element-populated\">\n\t\t\t\t\t\t<div class=\"elementor-element elementor-element-fb4f8c0 elementor-widget elementor-widget-shortcode\" data-id=\"fb4f8c0\" data-element_type=\"widget\" data-e-type=\"widget\" data-widget_type=\"shortcode.default\">\n\t\t\t\t<div class=\"elementor-widget-container\">\n\t\t\t\t\t\t\t<div class=\"elementor-shortcode\"><!-- OneTrust Privacy Notice start --><!-- Container in which the privacy notice will be rendered --><div id=\"otnotice-d2727e05-435d-43a1-9fff-9996fdbb57cb\" class=\"otnotice\"><\/div><script src=\"https:\/\/privacyportal-free-cdn.onetrust.com\/privacy-notice-scripts\/otnotice-1.0.min.js\" type=\"text\/javascript\" charset=\"UTF-8\" id=\"otprivacy-notice-script\">\n      settings=\"eyJjYWxsYmFja1VybCI6Imh0dHBzOi8vZXhwbGVvLXByaXZhY3kubXkub25ldHJ1c3QuY29tL3JlcXVlc3QvdjEvcHJpdmFjeU5vdGljZXMvc3RhdHMvdmlld3MifQ==\"\n    <\/script><script type=\"text\/javascript\" charset=\"UTF-8\">\n      \/\/ To ensure external settings are loaded, use the Initialized promise:\n      OneTrust.NoticeApi.Initialized.then(function() {\n        OneTrust.NoticeApi.LoadNotices([\"https:\/\/privacyportal-free-cdn.onetrust.com\/1d7bd6ee-796f-4882-8123-f407de57ab3b\/privacy-notices\/d2727e05-435d-43a1-9fff-9996fdbb57cb.json\"]);\n      });\n    <\/script><!-- OneTrust Privacy Notice end --><\/div>\n\t\t\t\t\t\t<\/div>\n\t\t\t\t<\/div>\n\t\t\t\t\t<\/div>\n\t\t<\/div>\n\t\t\t\t\t<\/div>\n\t\t<\/section>\n\t\t\t\t<\/div>\n\t\t","protected":false},"excerpt":{"rendered":"<p>Protection des donn\u00e9es personnelles<\/p>\n","protected":false},"author":39,"featured_media":0,"parent":0,"menu_order":0,"comment_status":"closed","ping_status":"closed","template":"","meta":{"_oasis_is_in_workflow":0,"_oasis_original":0,"_oasis_task_priority":"","footnotes":""},"class_list":["post-7000","page","type-page","status-publish","hentry"],"yoast_head":"<!-- This site is optimized with the Yoast SEO Premium plugin v27.3 (Yoast SEO v27.4) - https:\/\/yoast.com\/product\/yoast-seo-premium-wordpress\/ -->\n<title>Expleo | Protection des donn\u00e9es personnelles<\/title>\n<meta name=\"description\" content=\"Identit\u00e9 du responsable de traitement et du d\u00e9l\u00e9gu\u00e9 \u00e0 la protection des donn\u00e9es personnelles.\" \/>\n<meta name=\"robots\" content=\"index, follow, max-snippet:-1, max-image-preview:large, max-video-preview:-1\" \/>\n<link rel=\"canonical\" href=\"https:\/\/careers.expleo.com\/fr\/protection-des-donnees-personnelles\/\" \/>\n<meta property=\"og:locale\" content=\"fr_FR\" \/>\n<meta property=\"og:type\" content=\"article\" \/>\n<meta property=\"og:title\" content=\"Protection des donn\u00e9es personnelles\" \/>\n<meta property=\"og:description\" content=\"Identit\u00e9 du responsable de traitement et du d\u00e9l\u00e9gu\u00e9 \u00e0 la protection des donn\u00e9es personnelles.\" \/>\n<meta property=\"og:url\" content=\"https:\/\/careers.expleo.com\/fr\/protection-des-donnees-personnelles\/\" \/>\n<meta property=\"og:site_name\" content=\"FR\" \/>\n<meta property=\"article:modified_time\" content=\"2023-03-01T04:08:01+00:00\" \/>\n<meta name=\"twitter:card\" content=\"summary_large_image\" \/>\n<meta name=\"twitter:label1\" content=\"Est. reading time\" \/>\n\t<meta name=\"twitter:data1\" content=\"1 minute\" \/>\n<script type=\"application\/ld+json\" class=\"yoast-schema-graph\">{\"@context\":\"https:\\\/\\\/schema.org\",\"@graph\":[{\"@type\":\"WebPage\",\"@id\":\"https:\\\/\\\/careers.expleo.com\\\/fr\\\/protection-des-donnees-personnelles\\\/\",\"url\":\"https:\\\/\\\/careers.expleo.com\\\/fr\\\/protection-des-donnees-personnelles\\\/\",\"name\":\"Expleo | Protection des donn\u00e9es personnelles\",\"isPartOf\":{\"@id\":\"https:\\\/\\\/careers.expleo.com\\\/fr\\\/#website\"},\"datePublished\":\"2021-02-08T12:29:00+00:00\",\"dateModified\":\"2023-03-01T04:08:01+00:00\",\"description\":\"Identit\u00e9 du responsable de traitement et du d\u00e9l\u00e9gu\u00e9 \u00e0 la protection des donn\u00e9es personnelles.\",\"breadcrumb\":{\"@id\":\"https:\\\/\\\/careers.expleo.com\\\/fr\\\/protection-des-donnees-personnelles\\\/#breadcrumb\"},\"inLanguage\":\"fr-FR\",\"potentialAction\":[{\"@type\":\"ReadAction\",\"target\":[\"https:\\\/\\\/careers.expleo.com\\\/fr\\\/protection-des-donnees-personnelles\\\/\"]}]},{\"@type\":\"BreadcrumbList\",\"@id\":\"https:\\\/\\\/careers.expleo.com\\\/fr\\\/protection-des-donnees-personnelles\\\/#breadcrumb\",\"itemListElement\":[{\"@type\":\"ListItem\",\"position\":1,\"name\":\"Home\",\"item\":\"https:\\\/\\\/careers.expleo.com\\\/fr\\\/\"},{\"@type\":\"ListItem\",\"position\":2,\"name\":\"Protection des donn\u00e9es personnelles\"}]},{\"@type\":\"WebSite\",\"@id\":\"https:\\\/\\\/careers.expleo.com\\\/fr\\\/#website\",\"url\":\"https:\\\/\\\/careers.expleo.com\\\/fr\\\/\",\"name\":\"EXPLEO | FR\",\"description\":\"Expleo\",\"publisher\":{\"@id\":\"https:\\\/\\\/careers.expleo.com\\\/fr\\\/#organization\"},\"potentialAction\":[{\"@type\":\"SearchAction\",\"target\":{\"@type\":\"EntryPoint\",\"urlTemplate\":\"https:\\\/\\\/careers.expleo.com\\\/fr\\\/?s={search_term_string}\"},\"query-input\":{\"@type\":\"PropertyValueSpecification\",\"valueRequired\":true,\"valueName\":\"search_term_string\"}}],\"inLanguage\":\"fr-FR\"},{\"@type\":\"Organization\",\"@id\":\"https:\\\/\\\/careers.expleo.com\\\/fr\\\/#organization\",\"name\":\"EXPLEO | FR\",\"url\":\"https:\\\/\\\/careers.expleo.com\\\/fr\\\/\",\"logo\":{\"@type\":\"ImageObject\",\"inLanguage\":\"fr-FR\",\"@id\":\"https:\\\/\\\/careers.expleo.com\\\/fr\\\/#\\\/schema\\\/logo\\\/image\\\/\",\"url\":\"https:\\\/\\\/careers.expleo.com\\\/fr\\\/wp-content\\\/uploads\\\/2019\\\/02\\\/expleo-logo-and-tagline.png\",\"contentUrl\":\"https:\\\/\\\/careers.expleo.com\\\/fr\\\/wp-content\\\/uploads\\\/2019\\\/02\\\/expleo-logo-and-tagline.png\",\"width\":1600,\"height\":774,\"caption\":\"EXPLEO | FR\"},\"image\":{\"@id\":\"https:\\\/\\\/careers.expleo.com\\\/fr\\\/#\\\/schema\\\/logo\\\/image\\\/\"}}]}<\/script>\n<!-- \/ Yoast SEO Premium plugin. -->","yoast_head_json":{"title":"Expleo | Protection des donn\u00e9es personnelles","description":"Identit\u00e9 du responsable de traitement et du d\u00e9l\u00e9gu\u00e9 \u00e0 la protection des donn\u00e9es personnelles.","robots":{"index":"index","follow":"follow","max-snippet":"max-snippet:-1","max-image-preview":"max-image-preview:large","max-video-preview":"max-video-preview:-1"},"canonical":"https:\/\/careers.expleo.com\/fr\/protection-des-donnees-personnelles\/","og_locale":"fr_FR","og_type":"article","og_title":"Protection des donn\u00e9es personnelles","og_description":"Identit\u00e9 du responsable de traitement et du d\u00e9l\u00e9gu\u00e9 \u00e0 la protection des donn\u00e9es personnelles.","og_url":"https:\/\/careers.expleo.com\/fr\/protection-des-donnees-personnelles\/","og_site_name":"FR","article_modified_time":"2023-03-01T04:08:01+00:00","twitter_card":"summary_large_image","twitter_misc":{"Est. reading time":"1 minute"},"schema":{"@context":"https:\/\/schema.org","@graph":[{"@type":"WebPage","@id":"https:\/\/careers.expleo.com\/fr\/protection-des-donnees-personnelles\/","url":"https:\/\/careers.expleo.com\/fr\/protection-des-donnees-personnelles\/","name":"Expleo | Protection des donn\u00e9es personnelles","isPartOf":{"@id":"https:\/\/careers.expleo.com\/fr\/#website"},"datePublished":"2021-02-08T12:29:00+00:00","dateModified":"2023-03-01T04:08:01+00:00","description":"Identit\u00e9 du responsable de traitement et du d\u00e9l\u00e9gu\u00e9 \u00e0 la protection des donn\u00e9es personnelles.","breadcrumb":{"@id":"https:\/\/careers.expleo.com\/fr\/protection-des-donnees-personnelles\/#breadcrumb"},"inLanguage":"fr-FR","potentialAction":[{"@type":"ReadAction","target":["https:\/\/careers.expleo.com\/fr\/protection-des-donnees-personnelles\/"]}]},{"@type":"BreadcrumbList","@id":"https:\/\/careers.expleo.com\/fr\/protection-des-donnees-personnelles\/#breadcrumb","itemListElement":[{"@type":"ListItem","position":1,"name":"Home","item":"https:\/\/careers.expleo.com\/fr\/"},{"@type":"ListItem","position":2,"name":"Protection des donn\u00e9es personnelles"}]},{"@type":"WebSite","@id":"https:\/\/careers.expleo.com\/fr\/#website","url":"https:\/\/careers.expleo.com\/fr\/","name":"EXPLEO | FR","description":"Expleo","publisher":{"@id":"https:\/\/careers.expleo.com\/fr\/#organization"},"potentialAction":[{"@type":"SearchAction","target":{"@type":"EntryPoint","urlTemplate":"https:\/\/careers.expleo.com\/fr\/?s={search_term_string}"},"query-input":{"@type":"PropertyValueSpecification","valueRequired":true,"valueName":"search_term_string"}}],"inLanguage":"fr-FR"},{"@type":"Organization","@id":"https:\/\/careers.expleo.com\/fr\/#organization","name":"EXPLEO | FR","url":"https:\/\/careers.expleo.com\/fr\/","logo":{"@type":"ImageObject","inLanguage":"fr-FR","@id":"https:\/\/careers.expleo.com\/fr\/#\/schema\/logo\/image\/","url":"https:\/\/careers.expleo.com\/fr\/wp-content\/uploads\/2019\/02\/expleo-logo-and-tagline.png","contentUrl":"https:\/\/careers.expleo.com\/fr\/wp-content\/uploads\/2019\/02\/expleo-logo-and-tagline.png","width":1600,"height":774,"caption":"EXPLEO | FR"},"image":{"@id":"https:\/\/careers.expleo.com\/fr\/#\/schema\/logo\/image\/"}}]}},"hreflang":{"rendered":"<link rel=\"alternate\" href=\"https:\/\/careers.expleo.com\/en\/data-protection\/\" hreflang=\"x-default\"\/>\n<link rel=\"alternate\" href=\"https:\/\/careers.expleo.com\/en\/data-protection\/\" hreflang=\"en\"\/>\n<link rel=\"alternate\" href=\"https:\/\/careers.expleo.com\/fr\/protection-des-donnees-personnelles\/\" hreflang=\"fr\"\/>\n<link rel=\"alternate\" href=\"https:\/\/careers.expleo.com\/de\/datenschutzerklarung\/\" hreflang=\"de\"\/>\n","structure":[{"blogId":4,"blogIsHidden":false,"postId":10773,"url":"https:\/\/careers.expleo.com\/en\/data-protection\/","language":"en","default":true},{"blogId":5,"blogIsHidden":false,"postId":7000,"url":"https:\/\/careers.expleo.com\/fr\/protection-des-donnees-personnelles\/","language":"fr","default":false},{"blogId":6,"blogIsHidden":false,"postId":7261,"url":"https:\/\/careers.expleo.com\/de\/datenschutzerklarung\/","language":"de","default":false}]},"_links":{"self":[{"href":"https:\/\/careers.expleo.com\/fr\/wp-json\/wp\/v2\/pages\/7000","targetHints":{"allow":["GET"]}}],"collection":[{"href":"https:\/\/careers.expleo.com\/fr\/wp-json\/wp\/v2\/pages"}],"about":[{"href":"https:\/\/careers.expleo.com\/fr\/wp-json\/wp\/v2\/types\/page"}],"author":[{"embeddable":true,"href":"https:\/\/careers.expleo.com\/fr\/wp-json\/wp\/v2\/users\/39"}],"replies":[{"embeddable":true,"href":"https:\/\/careers.expleo.com\/fr\/wp-json\/wp\/v2\/comments?post=7000"}],"version-history":[{"count":10,"href":"https:\/\/careers.expleo.com\/fr\/wp-json\/wp\/v2\/pages\/7000\/revisions"}],"predecessor-version":[{"id":27835,"href":"https:\/\/careers.expleo.com\/fr\/wp-json\/wp\/v2\/pages\/7000\/revisions\/27835"}],"wp:attachment":[{"href":"https:\/\/careers.expleo.com\/fr\/wp-json\/wp\/v2\/media?parent=7000"}],"curies":[{"name":"wp","href":"https:\/\/api.w.org\/{rel}","templated":true}]}}