{"id":6823,"date":"2019-04-05T12:18:00","date_gmt":"2019-04-05T12:18:00","guid":{"rendered":"https:\/\/careers.expleo.com\/data-protection-2\/"},"modified":"2026-04-15T08:10:53","modified_gmt":"2026-04-15T08:10:53","slug":"mentions-legales","status":"publish","type":"page","link":"https:\/\/careers.expleo.com\/fr\/mentions-legales\/","title":{"rendered":"Mentions l\u00e9gales"},"content":{"rendered":"\t\t<div data-elementor-type=\"wp-page\" data-elementor-id=\"6823\" class=\"elementor elementor-6823\" data-elementor-post-type=\"page\">\n\t\t\t\t\t\t<section class=\"elementor-section elementor-top-section elementor-element elementor-element-334c144b gg-simple-banner gg-container-small-pb-144 elementor-section-boxed elementor-section-height-default elementor-section-height-default\" data-id=\"334c144b\" data-element_type=\"section\" data-e-type=\"section\">\n\t\t\t\t\t\t\t<div class=\"elementor-background-overlay\"><\/div>\n\t\t\t\t\t\t\t<div class=\"elementor-container elementor-column-gap-no\">\n\t\t\t\t\t<div class=\"elementor-column elementor-col-100 elementor-top-column elementor-element elementor-element-3b14ada9\" data-id=\"3b14ada9\" data-element_type=\"column\" data-e-type=\"column\">\n\t\t\t<div class=\"elementor-widget-wrap elementor-element-populated\">\n\t\t\t\t\t\t<div class=\"elementor-element elementor-element-4341bd1 elementor-widget elementor-widget-template\" data-id=\"4341bd1\" data-element_type=\"widget\" data-e-type=\"widget\" data-widget_type=\"template.default\">\n\t\t\t\t<div class=\"elementor-widget-container\">\n\t\t\t\t\t\t\t<div class=\"elementor-template\">\n\t\t\t\t\t<div data-elementor-type=\"section\" data-elementor-id=\"2396\" class=\"elementor elementor-2396\" data-elementor-post-type=\"elementor_library\">\n\t\t\t\t\t<section class=\"elementor-section elementor-top-section elementor-element elementor-element-32d90ec6 gg-font-v11 gg-breadcrumbs gg-breadcrumbs-page elementor-section-full_width elementor-hidden-mobile elementor-section-height-default elementor-section-height-default\" data-id=\"32d90ec6\" data-element_type=\"section\" data-e-type=\"section\">\n\t\t\t\t\t\t<div class=\"elementor-container elementor-column-gap-no\">\n\t\t\t\t\t<div class=\"elementor-column elementor-col-100 elementor-top-column elementor-element elementor-element-b0f6d34 gg-breadcrumbs-column\" data-id=\"b0f6d34\" data-element_type=\"column\" data-e-type=\"column\">\n\t\t\t<div class=\"elementor-widget-wrap elementor-element-populated\">\n\t\t\t\t\t\t<div class=\"elementor-element elementor-element-425d9abe elementor-widget elementor-widget-breadcrumbs\" data-id=\"425d9abe\" data-element_type=\"widget\" data-e-type=\"widget\" data-switcher=\"false\" data-widget_type=\"breadcrumbs.default\">\n\t\t\t\t<div class=\"elementor-widget-container\">\n\t\t\t\t\t<p id=\"breadcrumbs\"><span><span><a href=\"https:\/\/careers.expleo.com\/fr\/\">Home<\/a><\/span><\/span><\/p>\t\t\t\t<\/div>\n\t\t\t\t<\/div>\n\t\t\t\t\t<\/div>\n\t\t<\/div>\n\t\t\t\t\t<\/div>\n\t\t<\/section>\n\t\t\t\t<\/div>\n\t\t\t\t<\/div>\n\t\t\t\t\t\t<\/div>\n\t\t\t\t<\/div>\n\t\t\t\t<div class=\"elementor-element elementor-element-68254987 gg-simple-banner_title elementor-widget elementor-widget-heading\" data-id=\"68254987\" data-element_type=\"widget\" data-e-type=\"widget\" data-widget_type=\"heading.default\">\n\t\t\t\t<div class=\"elementor-widget-container\">\n\t\t\t\t\t<h1 class=\"elementor-heading-title elementor-size-default\">Mentions l\u00e9gales<\/h1>\t\t\t\t<\/div>\n\t\t\t\t<\/div>\n\t\t\t\t\t<\/div>\n\t\t<\/div>\n\t\t\t\t\t<\/div>\n\t\t<\/section>\n\t\t\t\t<section class=\"elementor-section elementor-top-section elementor-element elementor-element-aca686a gg-container-small gg-text-box-with-background gg-article-content gg-class-for-iphone8 elementor-section-boxed elementor-section-height-default elementor-section-height-default\" data-id=\"aca686a\" data-element_type=\"section\" data-e-type=\"section\" data-settings=\"{&quot;background_background&quot;:&quot;classic&quot;}\">\n\t\t\t\t\t\t<div class=\"elementor-container elementor-column-gap-no\">\n\t\t\t\t\t<div class=\"elementor-column elementor-col-100 elementor-top-column elementor-element elementor-element-36b364f\" data-id=\"36b364f\" data-element_type=\"column\" data-e-type=\"column\" data-settings=\"{&quot;background_background&quot;:&quot;classic&quot;}\">\n\t\t\t<div class=\"elementor-widget-wrap elementor-element-populated\">\n\t\t\t\t\t<div class=\"elementor-background-overlay\"><\/div>\n\t\t\t\t\t\t<div class=\"elementor-element elementor-element-73a9847c elementor-widget elementor-widget-text-editor\" data-id=\"73a9847c\" data-element_type=\"widget\" data-e-type=\"widget\" data-widget_type=\"text-editor.default\">\n\t\t\t\t<div class=\"elementor-widget-container\">\n\t\t\t\t\t\t\t\t\t<p>Nom de la soci\u00e9t\u00e9 : Expleo Group SAS<\/p><p>Une soci\u00e9t\u00e9 de droit fran\u00e7ais r\u00e9gie par les lois fran\u00e7aises<\/p><p>Soci\u00e9t\u00e9 par Actions Simplifi\u00e9e au capital de\u00a0<span style=\"font-family: Montserrat-Medium, sans-serif; font-size: 16px; font-style: normal; font-variant-ligatures: normal; font-variant-caps: normal; font-weight: 500;\">248\u00a0523\u00a0955,00<\/span>\u00a0euros<\/p><p>Si\u00e8ge Social : 3 avenue des Pr\u00e9s, 78180 Montigny-le-Bretonneux, France<\/p><p>Immatricul\u00e9e Registre du Commerce et des Soci\u00e9t\u00e9s sous le num\u00e9ro : 831 178 785 RCS VERSAILLES<\/p><p>T\u00e9l\u00e9phone : +33 130122500<\/p><p>Adresse email : <a href=\"mailto:dpo@expleogroup.com\">dpo@expleogroup.com<\/a><br \/>Site Internet: <a href=\"https:\/\/careers.expleo.com\/fr\/\">https:\/\/careers.expleo.com\/<\/a><\/p><p>N\u00b0 TVA : FR 47831178785<\/p><p>Directeur de la publication : Monsieur Walter Cappilati, Chief Executive Officer<\/p><p>H\u00e9bergeur : GoDaddy.com, LLC, a Delaware limited liability company<br \/>14455 North Hayden Road., Suite. 219 &#8211; Scottsdale, AZ 85260 USA<\/p><p>Phone: +44 20 7084 1810 (toll-free: 1-866-GODADDY)<\/p>\t\t\t\t\t\t\t\t<\/div>\n\t\t\t\t<\/div>\n\t\t\t\t\t<\/div>\n\t\t<\/div>\n\t\t\t\t\t<\/div>\n\t\t<\/section>\n\t\t\t\t<\/div>\n\t\t","protected":false},"excerpt":{"rendered":"<p>Mentions l\u00e9gales Nom de la soci\u00e9t\u00e9 : Expleo Group SAS Une soci\u00e9t\u00e9 de droit fran\u00e7ais r\u00e9gie par les lois fran\u00e7aises Soci\u00e9t\u00e9 par Actions Simplifi\u00e9e au capital de\u00a0248\u00a0523\u00a0955,00\u00a0euros Si\u00e8ge Social : 3 avenue des Pr\u00e9s, 78180 Montigny-le-Bretonneux, France Immatricul\u00e9e Registre du Commerce et des Soci\u00e9t\u00e9s sous le num\u00e9ro : 831 178 785 RCS VERSAILLES T\u00e9l\u00e9phone : [&hellip;]<\/p>\n","protected":false},"author":39,"featured_media":0,"parent":0,"menu_order":0,"comment_status":"closed","ping_status":"closed","template":"","meta":{"_oasis_is_in_workflow":0,"_oasis_original":0,"_oasis_task_priority":"","footnotes":""},"class_list":["post-6823","page","type-page","status-publish","hentry"],"yoast_head":"<!-- This site is optimized with the Yoast SEO Premium plugin v27.3 (Yoast SEO v27.4) - https:\/\/yoast.com\/product\/yoast-seo-premium-wordpress\/ -->\n<title>Expleo | Mentions l\u00e9gales<\/title>\n<meta name=\"description\" content=\"Consultez les mentions l\u00e9gales d&#039;Expleo pour conna\u00eetre les informations juridiques, l\u2019\u00e9diteur, l\u2019h\u00e9bergement et les conditions d\u2019utilisation.\" \/>\n<meta name=\"robots\" content=\"index, follow, max-snippet:-1, max-image-preview:large, max-video-preview:-1\" \/>\n<link rel=\"canonical\" href=\"https:\/\/careers.expleo.com\/fr\/mentions-legales\/\" \/>\n<meta property=\"og:locale\" content=\"fr_FR\" \/>\n<meta property=\"og:type\" content=\"article\" \/>\n<meta property=\"og:title\" content=\"Mentions l\u00e9gales\" \/>\n<meta property=\"og:description\" content=\"Consultez les mentions l\u00e9gales d&#039;Expleo pour conna\u00eetre les informations juridiques, l\u2019\u00e9diteur, l\u2019h\u00e9bergement et les conditions d\u2019utilisation.\" \/>\n<meta property=\"og:url\" content=\"https:\/\/careers.expleo.com\/fr\/mentions-legales\/\" \/>\n<meta property=\"og:site_name\" content=\"FR\" \/>\n<meta property=\"article:modified_time\" content=\"2026-04-15T08:10:53+00:00\" \/>\n<meta name=\"twitter:card\" content=\"summary_large_image\" \/>\n<meta name=\"twitter:label1\" content=\"Est. reading time\" \/>\n\t<meta name=\"twitter:data1\" content=\"1 minute\" \/>\n<script type=\"application\/ld+json\" class=\"yoast-schema-graph\">{\"@context\":\"https:\\\/\\\/schema.org\",\"@graph\":[{\"@type\":\"WebPage\",\"@id\":\"https:\\\/\\\/careers.expleo.com\\\/fr\\\/mentions-legales\\\/\",\"url\":\"https:\\\/\\\/careers.expleo.com\\\/fr\\\/mentions-legales\\\/\",\"name\":\"Expleo | Mentions l\u00e9gales\",\"isPartOf\":{\"@id\":\"https:\\\/\\\/careers.expleo.com\\\/fr\\\/#website\"},\"datePublished\":\"2019-04-05T12:18:00+00:00\",\"dateModified\":\"2026-04-15T08:10:53+00:00\",\"description\":\"Consultez les mentions l\u00e9gales d'Expleo pour conna\u00eetre les informations juridiques, l\u2019\u00e9diteur, l\u2019h\u00e9bergement et les conditions d\u2019utilisation.\",\"breadcrumb\":{\"@id\":\"https:\\\/\\\/careers.expleo.com\\\/fr\\\/mentions-legales\\\/#breadcrumb\"},\"inLanguage\":\"fr-FR\",\"potentialAction\":[{\"@type\":\"ReadAction\",\"target\":[\"https:\\\/\\\/careers.expleo.com\\\/fr\\\/mentions-legales\\\/\"]}]},{\"@type\":\"BreadcrumbList\",\"@id\":\"https:\\\/\\\/careers.expleo.com\\\/fr\\\/mentions-legales\\\/#breadcrumb\",\"itemListElement\":[{\"@type\":\"ListItem\",\"position\":1,\"name\":\"Home\",\"item\":\"https:\\\/\\\/careers.expleo.com\\\/fr\\\/\"},{\"@type\":\"ListItem\",\"position\":2,\"name\":\"Mentions l\u00e9gales\"}]},{\"@type\":\"WebSite\",\"@id\":\"https:\\\/\\\/careers.expleo.com\\\/fr\\\/#website\",\"url\":\"https:\\\/\\\/careers.expleo.com\\\/fr\\\/\",\"name\":\"EXPLEO | FR\",\"description\":\"Expleo\",\"publisher\":{\"@id\":\"https:\\\/\\\/careers.expleo.com\\\/fr\\\/#organization\"},\"potentialAction\":[{\"@type\":\"SearchAction\",\"target\":{\"@type\":\"EntryPoint\",\"urlTemplate\":\"https:\\\/\\\/careers.expleo.com\\\/fr\\\/?s={search_term_string}\"},\"query-input\":{\"@type\":\"PropertyValueSpecification\",\"valueRequired\":true,\"valueName\":\"search_term_string\"}}],\"inLanguage\":\"fr-FR\"},{\"@type\":\"Organization\",\"@id\":\"https:\\\/\\\/careers.expleo.com\\\/fr\\\/#organization\",\"name\":\"EXPLEO | FR\",\"url\":\"https:\\\/\\\/careers.expleo.com\\\/fr\\\/\",\"logo\":{\"@type\":\"ImageObject\",\"inLanguage\":\"fr-FR\",\"@id\":\"https:\\\/\\\/careers.expleo.com\\\/fr\\\/#\\\/schema\\\/logo\\\/image\\\/\",\"url\":\"https:\\\/\\\/careers.expleo.com\\\/fr\\\/wp-content\\\/uploads\\\/2019\\\/02\\\/expleo-logo-and-tagline.png\",\"contentUrl\":\"https:\\\/\\\/careers.expleo.com\\\/fr\\\/wp-content\\\/uploads\\\/2019\\\/02\\\/expleo-logo-and-tagline.png\",\"width\":1600,\"height\":774,\"caption\":\"EXPLEO | FR\"},\"image\":{\"@id\":\"https:\\\/\\\/careers.expleo.com\\\/fr\\\/#\\\/schema\\\/logo\\\/image\\\/\"}}]}<\/script>\n<!-- \/ Yoast SEO Premium plugin. -->","yoast_head_json":{"title":"Expleo | Mentions l\u00e9gales","description":"Consultez les mentions l\u00e9gales d'Expleo pour conna\u00eetre les informations juridiques, l\u2019\u00e9diteur, l\u2019h\u00e9bergement et les conditions d\u2019utilisation.","robots":{"index":"index","follow":"follow","max-snippet":"max-snippet:-1","max-image-preview":"max-image-preview:large","max-video-preview":"max-video-preview:-1"},"canonical":"https:\/\/careers.expleo.com\/fr\/mentions-legales\/","og_locale":"fr_FR","og_type":"article","og_title":"Mentions l\u00e9gales","og_description":"Consultez les mentions l\u00e9gales d'Expleo pour conna\u00eetre les informations juridiques, l\u2019\u00e9diteur, l\u2019h\u00e9bergement et les conditions d\u2019utilisation.","og_url":"https:\/\/careers.expleo.com\/fr\/mentions-legales\/","og_site_name":"FR","article_modified_time":"2026-04-15T08:10:53+00:00","twitter_card":"summary_large_image","twitter_misc":{"Est. reading time":"1 minute"},"schema":{"@context":"https:\/\/schema.org","@graph":[{"@type":"WebPage","@id":"https:\/\/careers.expleo.com\/fr\/mentions-legales\/","url":"https:\/\/careers.expleo.com\/fr\/mentions-legales\/","name":"Expleo | Mentions l\u00e9gales","isPartOf":{"@id":"https:\/\/careers.expleo.com\/fr\/#website"},"datePublished":"2019-04-05T12:18:00+00:00","dateModified":"2026-04-15T08:10:53+00:00","description":"Consultez les mentions l\u00e9gales d'Expleo pour conna\u00eetre les informations juridiques, l\u2019\u00e9diteur, l\u2019h\u00e9bergement et les conditions d\u2019utilisation.","breadcrumb":{"@id":"https:\/\/careers.expleo.com\/fr\/mentions-legales\/#breadcrumb"},"inLanguage":"fr-FR","potentialAction":[{"@type":"ReadAction","target":["https:\/\/careers.expleo.com\/fr\/mentions-legales\/"]}]},{"@type":"BreadcrumbList","@id":"https:\/\/careers.expleo.com\/fr\/mentions-legales\/#breadcrumb","itemListElement":[{"@type":"ListItem","position":1,"name":"Home","item":"https:\/\/careers.expleo.com\/fr\/"},{"@type":"ListItem","position":2,"name":"Mentions l\u00e9gales"}]},{"@type":"WebSite","@id":"https:\/\/careers.expleo.com\/fr\/#website","url":"https:\/\/careers.expleo.com\/fr\/","name":"EXPLEO | FR","description":"Expleo","publisher":{"@id":"https:\/\/careers.expleo.com\/fr\/#organization"},"potentialAction":[{"@type":"SearchAction","target":{"@type":"EntryPoint","urlTemplate":"https:\/\/careers.expleo.com\/fr\/?s={search_term_string}"},"query-input":{"@type":"PropertyValueSpecification","valueRequired":true,"valueName":"search_term_string"}}],"inLanguage":"fr-FR"},{"@type":"Organization","@id":"https:\/\/careers.expleo.com\/fr\/#organization","name":"EXPLEO | FR","url":"https:\/\/careers.expleo.com\/fr\/","logo":{"@type":"ImageObject","inLanguage":"fr-FR","@id":"https:\/\/careers.expleo.com\/fr\/#\/schema\/logo\/image\/","url":"https:\/\/careers.expleo.com\/fr\/wp-content\/uploads\/2019\/02\/expleo-logo-and-tagline.png","contentUrl":"https:\/\/careers.expleo.com\/fr\/wp-content\/uploads\/2019\/02\/expleo-logo-and-tagline.png","width":1600,"height":774,"caption":"EXPLEO | FR"},"image":{"@id":"https:\/\/careers.expleo.com\/fr\/#\/schema\/logo\/image\/"}}]}},"hreflang":{"rendered":"<link rel=\"alternate\" href=\"https:\/\/careers.expleo.com\/en\/imprint\/\" hreflang=\"x-default\"\/>\n<link rel=\"alternate\" href=\"https:\/\/careers.expleo.com\/en\/imprint\/\" hreflang=\"en\"\/>\n<link rel=\"alternate\" href=\"https:\/\/careers.expleo.com\/fr\/mentions-legales\/\" hreflang=\"fr\"\/>\n<link rel=\"alternate\" href=\"https:\/\/careers.expleo.com\/de\/imprint\/\" hreflang=\"de\"\/>\n","structure":[{"blogId":4,"blogIsHidden":false,"postId":10697,"url":"https:\/\/careers.expleo.com\/en\/imprint\/","language":"en","default":true},{"blogId":5,"blogIsHidden":false,"postId":6823,"url":"https:\/\/careers.expleo.com\/fr\/mentions-legales\/","language":"fr","default":false},{"blogId":6,"blogIsHidden":false,"postId":6907,"url":"https:\/\/careers.expleo.com\/de\/imprint\/","language":"de","default":false}]},"_links":{"self":[{"href":"https:\/\/careers.expleo.com\/fr\/wp-json\/wp\/v2\/pages\/6823","targetHints":{"allow":["GET"]}}],"collection":[{"href":"https:\/\/careers.expleo.com\/fr\/wp-json\/wp\/v2\/pages"}],"about":[{"href":"https:\/\/careers.expleo.com\/fr\/wp-json\/wp\/v2\/types\/page"}],"author":[{"embeddable":true,"href":"https:\/\/careers.expleo.com\/fr\/wp-json\/wp\/v2\/users\/39"}],"replies":[{"embeddable":true,"href":"https:\/\/careers.expleo.com\/fr\/wp-json\/wp\/v2\/comments?post=6823"}],"version-history":[{"count":5,"href":"https:\/\/careers.expleo.com\/fr\/wp-json\/wp\/v2\/pages\/6823\/revisions"}],"predecessor-version":[{"id":101342,"href":"https:\/\/careers.expleo.com\/fr\/wp-json\/wp\/v2\/pages\/6823\/revisions\/101342"}],"wp:attachment":[{"href":"https:\/\/careers.expleo.com\/fr\/wp-json\/wp\/v2\/media?parent=6823"}],"curies":[{"name":"wp","href":"https:\/\/api.w.org\/{rel}","templated":true}]}}