{"id":29017,"date":"2024-07-18T03:35:23","date_gmt":"2024-07-18T03:35:23","guid":{"rendered":"https:\/\/careers.expleo.com\/fr\/?page_id=29017"},"modified":"2026-03-26T08:52:13","modified_gmt":"2026-03-26T08:52:13","slug":"plan-du-site","status":"publish","type":"page","link":"https:\/\/careers.expleo.com\/fr\/plan-du-site\/","title":{"rendered":"Plan du Site"},"content":{"rendered":"\t\t<div data-elementor-type=\"wp-page\" data-elementor-id=\"29017\" class=\"elementor elementor-29017\" data-elementor-post-type=\"page\">\n\t\t\t\t\t\t<section class=\"elementor-section elementor-top-section elementor-element elementor-element-97ec125 gg-simple-banner gg-container-small-pb-144 elementor-section-boxed elementor-section-height-default elementor-section-height-default\" data-id=\"97ec125\" data-element_type=\"section\" data-e-type=\"section\">\n\t\t\t\t\t\t\t<div class=\"elementor-background-overlay\"><\/div>\n\t\t\t\t\t\t\t<div class=\"elementor-container elementor-column-gap-no\">\n\t\t\t\t\t<div class=\"elementor-column elementor-col-100 elementor-top-column elementor-element elementor-element-b1042cd\" data-id=\"b1042cd\" data-element_type=\"column\" data-e-type=\"column\">\n\t\t\t<div class=\"elementor-widget-wrap elementor-element-populated\">\n\t\t\t\t\t\t<div class=\"elementor-element elementor-element-ce688fd elementor-widget elementor-widget-template\" data-id=\"ce688fd\" data-element_type=\"widget\" data-e-type=\"widget\" data-widget_type=\"template.default\">\n\t\t\t\t<div class=\"elementor-widget-container\">\n\t\t\t\t\t\t\t<div class=\"elementor-template\">\n\t\t\t\t\t<div data-elementor-type=\"section\" data-elementor-id=\"2396\" class=\"elementor elementor-2396\" data-elementor-post-type=\"elementor_library\">\n\t\t\t\t\t<section class=\"elementor-section elementor-top-section elementor-element elementor-element-32d90ec6 gg-font-v11 gg-breadcrumbs gg-breadcrumbs-page elementor-section-full_width elementor-hidden-mobile elementor-section-height-default elementor-section-height-default\" data-id=\"32d90ec6\" data-element_type=\"section\" data-e-type=\"section\">\n\t\t\t\t\t\t<div class=\"elementor-container elementor-column-gap-no\">\n\t\t\t\t\t<div class=\"elementor-column elementor-col-100 elementor-top-column elementor-element elementor-element-b0f6d34 gg-breadcrumbs-column\" data-id=\"b0f6d34\" data-element_type=\"column\" data-e-type=\"column\">\n\t\t\t<div class=\"elementor-widget-wrap elementor-element-populated\">\n\t\t\t\t\t\t<div class=\"elementor-element elementor-element-425d9abe elementor-widget elementor-widget-breadcrumbs\" data-id=\"425d9abe\" data-element_type=\"widget\" data-e-type=\"widget\" data-switcher=\"false\" data-widget_type=\"breadcrumbs.default\">\n\t\t\t\t<div class=\"elementor-widget-container\">\n\t\t\t\t\t<p id=\"breadcrumbs\"><span><span><a href=\"https:\/\/careers.expleo.com\/fr\/\">Home<\/a><\/span><\/span><\/p>\t\t\t\t<\/div>\n\t\t\t\t<\/div>\n\t\t\t\t\t<\/div>\n\t\t<\/div>\n\t\t\t\t\t<\/div>\n\t\t<\/section>\n\t\t\t\t<\/div>\n\t\t\t\t<\/div>\n\t\t\t\t\t\t<\/div>\n\t\t\t\t<\/div>\n\t\t\t\t<div class=\"elementor-element elementor-element-32a4a09 gg-simple-banner_title elementor-widget elementor-widget-heading\" data-id=\"32a4a09\" data-element_type=\"widget\" data-e-type=\"widget\" data-widget_type=\"heading.default\">\n\t\t\t\t<div class=\"elementor-widget-container\">\n\t\t\t\t\t<h1 class=\"elementor-heading-title elementor-size-default\">Plan du Site<\/h1>\t\t\t\t<\/div>\n\t\t\t\t<\/div>\n\t\t\t\t\t<\/div>\n\t\t<\/div>\n\t\t\t\t\t<\/div>\n\t\t<\/section>\n\t\t\t\t<section class=\"elementor-section elementor-top-section elementor-element elementor-element-0f7488a gg-simple-cta-white-section gg-container-small-ptb-96 elementor-section-boxed elementor-section-height-default elementor-section-height-default\" data-id=\"0f7488a\" data-element_type=\"section\" data-e-type=\"section\">\n\t\t\t\t\t\t<div class=\"elementor-container elementor-column-gap-default\">\n\t\t\t\t\t<div class=\"elementor-column elementor-col-100 elementor-top-column elementor-element elementor-element-c620af4\" data-id=\"c620af4\" data-element_type=\"column\" data-e-type=\"column\">\n\t\t\t<div class=\"elementor-widget-wrap elementor-element-populated\">\n\t\t\t\t\t\t<section class=\"elementor-section elementor-inner-section elementor-element elementor-element-4201db1 elementor-section-boxed elementor-section-height-default elementor-section-height-default\" data-id=\"4201db1\" data-element_type=\"section\" data-e-type=\"section\">\n\t\t\t\t\t\t<div class=\"elementor-container elementor-column-gap-default\">\n\t\t\t\t\t<div class=\"elementor-column elementor-col-50 elementor-inner-column elementor-element elementor-element-12c2872\" data-id=\"12c2872\" data-element_type=\"column\" data-e-type=\"column\">\n\t\t\t<div class=\"elementor-widget-wrap elementor-element-populated\">\n\t\t\t\t\t\t<div class=\"elementor-element elementor-element-497bda3 elementor-widget elementor-widget-heading\" data-id=\"497bda3\" data-element_type=\"widget\" data-e-type=\"widget\" data-widget_type=\"heading.default\">\n\t\t\t\t<div class=\"elementor-widget-container\">\n\t\t\t\t\t<h2 class=\"elementor-heading-title elementor-size-default\">Carri\u00e8res<\/h2>\t\t\t\t<\/div>\n\t\t\t\t<\/div>\n\t\t\t\t<div class=\"elementor-element elementor-element-16b0a09 elementor-align-start elementor-icon-list--layout-traditional elementor-list-item-link-full_width elementor-widget elementor-widget-icon-list\" data-id=\"16b0a09\" data-element_type=\"widget\" data-e-type=\"widget\" data-widget_type=\"icon-list.default\">\n\t\t\t\t<div class=\"elementor-widget-container\">\n\t\t\t\t\t\t\t<ul class=\"elementor-icon-list-items\">\n\t\t\t\t\t\t\t<li class=\"elementor-icon-list-item\">\n\t\t\t\t\t\t\t\t\t\t\t<a href=\"https:\/\/careers.expleo.com\/fr\/le-processus-de-recrutement\/\">\n\n\t\t\t\t\t\t\t\t\t\t\t<span class=\"elementor-icon-list-text\">Le processus de recrutement<\/span>\n\t\t\t\t\t\t\t\t\t\t\t<\/a>\n\t\t\t\t\t\t\t\t\t<\/li>\n\t\t\t\t\t\t\t\t<li class=\"elementor-icon-list-item\">\n\t\t\t\t\t\t\t\t\t\t\t<a href=\"https:\/\/careers.expleo.com\/fr\/jeunes-diplomes\/\">\n\n\t\t\t\t\t\t\t\t\t\t\t<span class=\"elementor-icon-list-text\">Jeunes dipl\u00f4m\u00e9s<\/span>\n\t\t\t\t\t\t\t\t\t\t\t<\/a>\n\t\t\t\t\t\t\t\t\t<\/li>\n\t\t\t\t\t\t\t\t<li class=\"elementor-icon-list-item\">\n\t\t\t\t\t\t\t\t\t\t\t<a href=\"https:\/\/careers.expleo.com\/fr\/life-at-expleo\/\">\n\n\t\t\t\t\t\t\t\t\t\t\t<span class=\"elementor-icon-list-text\">La vie chez Expleo<\/span>\n\t\t\t\t\t\t\t\t\t\t\t<\/a>\n\t\t\t\t\t\t\t\t\t<\/li>\n\t\t\t\t\t\t\t\t<li class=\"elementor-icon-list-item\">\n\t\t\t\t\t\t\t\t\t\t\t<a href=\"https:\/\/careers.expleo.com\/fr\/expleo-academy\/\">\n\n\t\t\t\t\t\t\t\t\t\t\t<span class=\"elementor-icon-list-text\">Expleo Academy\u200b<\/span>\n\t\t\t\t\t\t\t\t\t\t\t<\/a>\n\t\t\t\t\t\t\t\t\t<\/li>\n\t\t\t\t\t\t<\/ul>\n\t\t\t\t\t\t<\/div>\n\t\t\t\t<\/div>\n\t\t\t\t<div class=\"elementor-element elementor-element-cdfc2d2 elementor-widget elementor-widget-spacer\" data-id=\"cdfc2d2\" data-element_type=\"widget\" data-e-type=\"widget\" data-widget_type=\"spacer.default\">\n\t\t\t\t<div class=\"elementor-widget-container\">\n\t\t\t\t\t\t\t<div class=\"elementor-spacer\">\n\t\t\t<div class=\"elementor-spacer-inner\"><\/div>\n\t\t<\/div>\n\t\t\t\t\t\t<\/div>\n\t\t\t\t<\/div>\n\t\t\t\t<div class=\"elementor-element elementor-element-615e077 elementor-widget elementor-widget-heading\" data-id=\"615e077\" data-element_type=\"widget\" data-e-type=\"widget\" data-widget_type=\"heading.default\">\n\t\t\t\t<div class=\"elementor-widget-container\">\n\t\t\t\t\t<h2 class=\"elementor-heading-title elementor-size-default\"><a href=\"https:\/\/careers.expleo.com\/fr\/life-at-expleo\/\">Life@Expleo<\/a><\/h2>\t\t\t\t<\/div>\n\t\t\t\t<\/div>\n\t\t\t\t<div class=\"elementor-element elementor-element-6a09a58 elementor-align-start elementor-icon-list--layout-traditional elementor-list-item-link-full_width elementor-widget elementor-widget-icon-list\" data-id=\"6a09a58\" data-element_type=\"widget\" data-e-type=\"widget\" data-widget_type=\"icon-list.default\">\n\t\t\t\t<div class=\"elementor-widget-container\">\n\t\t\t\t\t\t\t<ul class=\"elementor-icon-list-items\">\n\t\t\t\t\t\t\t<li class=\"elementor-icon-list-item\">\n\t\t\t\t\t\t\t\t\t\t\t<a href=\"https:\/\/careers.expleo.com\/fr\/life-at-expleo\/?role-family=assurance-qualite\">\n\n\t\t\t\t\t\t\t\t\t\t\t<span class=\"elementor-icon-list-text\">Assurance qualit\u00e9<\/span>\n\t\t\t\t\t\t\t\t\t\t\t<\/a>\n\t\t\t\t\t\t\t\t\t<\/li>\n\t\t\t\t\t\t\t\t<li class=\"elementor-icon-list-item\">\n\t\t\t\t\t\t\t\t\t\t\t<a href=\"https:\/\/careers.expleo.com\/fr\/life-at-expleo\/?role-family=conseil-en-transformation\">\n\n\t\t\t\t\t\t\t\t\t\t\t<span class=\"elementor-icon-list-text\">Conseil en transformation<\/span>\n\t\t\t\t\t\t\t\t\t\t\t<\/a>\n\t\t\t\t\t\t\t\t\t<\/li>\n\t\t\t\t\t\t\t\t<li class=\"elementor-icon-list-item\">\n\t\t\t\t\t\t\t\t\t\t\t<a href=\"https:\/\/careers.expleo.com\/fr\/life-at-expleo\/?role-family=corporate\">\n\n\t\t\t\t\t\t\t\t\t\t\t<span class=\"elementor-icon-list-text\">Corporate<\/span>\n\t\t\t\t\t\t\t\t\t\t\t<\/a>\n\t\t\t\t\t\t\t\t\t<\/li>\n\t\t\t\t\t\t\t\t<li class=\"elementor-icon-list-item\">\n\t\t\t\t\t\t\t\t\t\t\t<a href=\"https:\/\/careers.expleo.com\/fr\/life-at-expleo\/?role-family=developpement-et-digital\">\n\n\t\t\t\t\t\t\t\t\t\t\t<span class=\"elementor-icon-list-text\">D\u00e9veloppement &amp; Digital<\/span>\n\t\t\t\t\t\t\t\t\t\t\t<\/a>\n\t\t\t\t\t\t\t\t\t<\/li>\n\t\t\t\t\t\t\t\t<li class=\"elementor-icon-list-item\">\n\t\t\t\t\t\t\t\t\t\t\t<a href=\"https:\/\/careers.expleo.com\/fr\/life-at-expleo\/?role-family=gestion-de-projet\">\n\n\t\t\t\t\t\t\t\t\t\t\t<span class=\"elementor-icon-list-text\">Gestion de projet<\/span>\n\t\t\t\t\t\t\t\t\t\t\t<\/a>\n\t\t\t\t\t\t\t\t\t<\/li>\n\t\t\t\t\t\t\t\t<li class=\"elementor-icon-list-item\">\n\t\t\t\t\t\t\t\t\t\t\t<a href=\"https:\/\/careers.expleo.com\/fr\/life-at-expleo\/?role-family=ingenierie\">\n\n\t\t\t\t\t\t\t\t\t\t\t<span class=\"elementor-icon-list-text\">Ing\u00e9nierie<\/span>\n\t\t\t\t\t\t\t\t\t\t\t<\/a>\n\t\t\t\t\t\t\t\t\t<\/li>\n\t\t\t\t\t\t\t\t<li class=\"elementor-icon-list-item\">\n\t\t\t\t\t\t\t\t\t\t\t<a href=\"https:\/\/careers.expleo.com\/fr\/life-at-expleo\/?role-family=vente-et-assistance\">\n\n\t\t\t\t\t\t\t\t\t\t\t<span class=\"elementor-icon-list-text\">Vente &amp; Assistance<\/span>\n\t\t\t\t\t\t\t\t\t\t\t<\/a>\n\t\t\t\t\t\t\t\t\t<\/li>\n\t\t\t\t\t\t<\/ul>\n\t\t\t\t\t\t<\/div>\n\t\t\t\t<\/div>\n\t\t\t\t<div class=\"elementor-element elementor-element-96747f3 elementor-widget elementor-widget-spacer\" data-id=\"96747f3\" data-element_type=\"widget\" data-e-type=\"widget\" data-widget_type=\"spacer.default\">\n\t\t\t\t<div class=\"elementor-widget-container\">\n\t\t\t\t\t\t\t<div class=\"elementor-spacer\">\n\t\t\t<div class=\"elementor-spacer-inner\"><\/div>\n\t\t<\/div>\n\t\t\t\t\t\t<\/div>\n\t\t\t\t<\/div>\n\t\t\t\t<div class=\"elementor-element elementor-element-211781b elementor-widget elementor-widget-heading\" data-id=\"211781b\" data-element_type=\"widget\" data-e-type=\"widget\" data-widget_type=\"heading.default\">\n\t\t\t\t<div class=\"elementor-widget-container\">\n\t\t\t\t\t<h2 class=\"elementor-heading-title elementor-size-default\"><a href=\"https:\/\/careers-french-expleo-jobs.icims.com\/jobs\/intro?hashed=-435712793\">Nous rejoindre<\/a><\/h2>\t\t\t\t<\/div>\n\t\t\t\t<\/div>\n\t\t\t\t<div class=\"elementor-element elementor-element-a2abe62 elementor-widget elementor-widget-spacer\" data-id=\"a2abe62\" data-element_type=\"widget\" data-e-type=\"widget\" data-widget_type=\"spacer.default\">\n\t\t\t\t<div class=\"elementor-widget-container\">\n\t\t\t\t\t\t\t<div class=\"elementor-spacer\">\n\t\t\t<div class=\"elementor-spacer-inner\"><\/div>\n\t\t<\/div>\n\t\t\t\t\t\t<\/div>\n\t\t\t\t<\/div>\n\t\t\t\t<div class=\"elementor-element elementor-element-42d9659 elementor-widget elementor-widget-heading\" data-id=\"42d9659\" data-element_type=\"widget\" data-e-type=\"widget\" data-widget_type=\"heading.default\">\n\t\t\t\t<div class=\"elementor-widget-container\">\n\t\t\t\t\t<h2 class=\"elementor-heading-title elementor-size-default\"><a href=\"https:\/\/careers.expleo.com\/fr\/contact-recherche-emploi\/\">Contact<\/a><\/h2>\t\t\t\t<\/div>\n\t\t\t\t<\/div>\n\t\t\t\t\t<\/div>\n\t\t<\/div>\n\t\t\t\t<div class=\"elementor-column elementor-col-50 elementor-inner-column elementor-element elementor-element-9bc0b4b\" data-id=\"9bc0b4b\" data-element_type=\"column\" data-e-type=\"column\">\n\t\t\t<div class=\"elementor-widget-wrap elementor-element-populated\">\n\t\t\t\t\t\t<div class=\"elementor-element elementor-element-381d0fc elementor-widget elementor-widget-heading\" data-id=\"381d0fc\" data-element_type=\"widget\" data-e-type=\"widget\" data-widget_type=\"heading.default\">\n\t\t\t\t<div class=\"elementor-widget-container\">\n\t\t\t\t\t<h2 class=\"elementor-heading-title elementor-size-default\">Explorer Nos M\u00e9tiers<\/h2>\t\t\t\t<\/div>\n\t\t\t\t<\/div>\n\t\t\t\t<div class=\"elementor-element elementor-element-f1aee71 elementor-widget elementor-widget-heading\" data-id=\"f1aee71\" data-element_type=\"widget\" data-e-type=\"widget\" data-widget_type=\"heading.default\">\n\t\t\t\t<div class=\"elementor-widget-container\">\n\t\t\t\t\t<h2 class=\"elementor-heading-title elementor-size-default\"><a href=\"https:\/\/careers.expleo.com\/fr\/metiers\/conseil-en-transformation\/\">Conseil en transformation<\/a><\/h2>\t\t\t\t<\/div>\n\t\t\t\t<\/div>\n\t\t\t\t<div class=\"elementor-element elementor-element-acbc7ff elementor-widget elementor-widget-heading\" data-id=\"acbc7ff\" data-element_type=\"widget\" data-e-type=\"widget\" data-widget_type=\"heading.default\">\n\t\t\t\t<div class=\"elementor-widget-container\">\n\t\t\t\t\t<h2 class=\"elementor-heading-title elementor-size-default\"><a href=\"https:\/\/careers.expleo.com\/fr\/metiers\/assurance-qualite\/\">Assurance Qualit\u00e9<\/a><\/h2>\t\t\t\t<\/div>\n\t\t\t\t<\/div>\n\t\t\t\t<div class=\"elementor-element elementor-element-fd6b9ab elementor-widget elementor-widget-heading\" data-id=\"fd6b9ab\" data-element_type=\"widget\" data-e-type=\"widget\" data-widget_type=\"heading.default\">\n\t\t\t\t<div class=\"elementor-widget-container\">\n\t\t\t\t\t<h2 class=\"elementor-heading-title elementor-size-default\"><a href=\"https:\/\/careers.expleo.com\/fr\/metiers\/corporate\/\">Corporate<\/a><\/h2>\t\t\t\t<\/div>\n\t\t\t\t<\/div>\n\t\t\t\t<div class=\"elementor-element elementor-element-b1e2ae8 elementor-widget elementor-widget-heading\" data-id=\"b1e2ae8\" data-element_type=\"widget\" data-e-type=\"widget\" data-widget_type=\"heading.default\">\n\t\t\t\t<div class=\"elementor-widget-container\">\n\t\t\t\t\t<h2 class=\"elementor-heading-title elementor-size-default\"><a href=\"https:\/\/careers.expleo.com\/fr\/metiers\/developpement-digital\/\">D\u00e9veloppement &amp; Digital<\/a><\/h2>\t\t\t\t<\/div>\n\t\t\t\t<\/div>\n\t\t\t\t<div class=\"elementor-element elementor-element-6b8e179 elementor-widget elementor-widget-heading\" data-id=\"6b8e179\" data-element_type=\"widget\" data-e-type=\"widget\" data-widget_type=\"heading.default\">\n\t\t\t\t<div class=\"elementor-widget-container\">\n\t\t\t\t\t<h2 class=\"elementor-heading-title elementor-size-default\"><a href=\"https:\/\/careers.expleo.com\/fr\/metiers\/ingenierie\/\">Ing\u00e9nierie<\/a><\/h2>\t\t\t\t<\/div>\n\t\t\t\t<\/div>\n\t\t\t\t<div class=\"elementor-element elementor-element-f35bae0 elementor-widget elementor-widget-heading\" data-id=\"f35bae0\" data-element_type=\"widget\" data-e-type=\"widget\" data-widget_type=\"heading.default\">\n\t\t\t\t<div class=\"elementor-widget-container\">\n\t\t\t\t\t<h2 class=\"elementor-heading-title elementor-size-default\"><a href=\"https:\/\/careers.expleo.com\/fr\/metiers\/gestion-de-projet\/\">Gestion de projet<\/a><\/h2>\t\t\t\t<\/div>\n\t\t\t\t<\/div>\n\t\t\t\t<div class=\"elementor-element elementor-element-f66a263 elementor-widget elementor-widget-heading\" data-id=\"f66a263\" data-element_type=\"widget\" data-e-type=\"widget\" data-widget_type=\"heading.default\">\n\t\t\t\t<div class=\"elementor-widget-container\">\n\t\t\t\t\t<h2 class=\"elementor-heading-title elementor-size-default\"><a href=\"https:\/\/careers.expleo.com\/fr\/metiers\/ventes-assistance\/\">Vente &amp; Assistance<\/a><\/h2>\t\t\t\t<\/div>\n\t\t\t\t<\/div>\n\t\t\t\t<div class=\"elementor-element elementor-element-78a5ae8 elementor-widget elementor-widget-heading\" data-id=\"78a5ae8\" data-element_type=\"widget\" data-e-type=\"widget\" data-widget_type=\"heading.default\">\n\t\t\t\t<div class=\"elementor-widget-container\">\n\t\t\t\t\t<h2 class=\"elementor-heading-title elementor-size-default\"><a href=\"https:\/\/careers.expleo.com\/fr\/metiers\/secteurs\/\">Explorer nos m\u00e9tiers par industrie<\/a><\/h2>\t\t\t\t<\/div>\n\t\t\t\t<\/div>\n\t\t\t\t\t<\/div>\n\t\t<\/div>\n\t\t\t\t\t<\/div>\n\t\t<\/section>\n\t\t\t\t\t<\/div>\n\t\t<\/div>\n\t\t\t\t\t<\/div>\n\t\t<\/section>\n\t\t\t\t<\/div>\n\t\t","protected":false},"excerpt":{"rendered":"<p>Carri\u00e8res Le processus de recrutement Jeunes dipl\u00f4m\u00e9s La vie chez Expleo Expleo Academy\u200b Life@Expleo Assurance qualit\u00e9 Conseil en transformation Corporate D\u00e9veloppement &amp; Digital Gestion de projet Ing\u00e9nierie Vente &amp; Assistance Nous rejoindre Contact Explorer Nos M\u00e9tiers Conseil en transformation Assurance Qualit\u00e9 Corporate D\u00e9veloppement &amp; Digital Ing\u00e9nierie Gestion de projet Vente &amp; Assistance Explorer nos m\u00e9tiers [&hellip;]<\/p>\n","protected":false},"author":120,"featured_media":0,"parent":0,"menu_order":0,"comment_status":"closed","ping_status":"closed","template":"","meta":{"_oasis_is_in_workflow":0,"_oasis_original":0,"_oasis_task_priority":"","footnotes":""},"class_list":["post-29017","page","type-page","status-publish","hentry"],"yoast_head":"<!-- This site is optimized with the Yoast SEO Premium plugin v27.3 (Yoast SEO v27.4) - https:\/\/yoast.com\/product\/yoast-seo-premium-wordpress\/ -->\n<title>Expleo | Plan du site Expleo<\/title>\n<meta name=\"description\" content=\"Retrouvez sur le plan du site Expleo FR, tout le contenu des pages et urls publi\u00e9es en fran\u00e7ais avec un acc\u00e8s direct aux articles.\" \/>\n<meta name=\"robots\" content=\"index, follow, max-snippet:-1, max-image-preview:large, max-video-preview:-1\" \/>\n<link rel=\"canonical\" href=\"https:\/\/careers.expleo.com\/fr\/plan-du-site\/\" \/>\n<meta property=\"og:locale\" content=\"fr_FR\" \/>\n<meta property=\"og:type\" content=\"article\" \/>\n<meta property=\"og:title\" content=\"Plan du Site\" \/>\n<meta property=\"og:description\" content=\"Retrouvez sur le plan du site Expleo FR, tout le contenu des pages et urls publi\u00e9es en fran\u00e7ais avec un acc\u00e8s direct aux articles.\" \/>\n<meta property=\"og:url\" content=\"https:\/\/careers.expleo.com\/fr\/plan-du-site\/\" \/>\n<meta property=\"og:site_name\" content=\"FR\" \/>\n<meta property=\"article:modified_time\" content=\"2026-03-26T08:52:13+00:00\" \/>\n<meta name=\"twitter:card\" content=\"summary_large_image\" \/>\n<meta name=\"twitter:label1\" content=\"Est. reading time\" \/>\n\t<meta name=\"twitter:data1\" content=\"1 minute\" \/>\n<script type=\"application\/ld+json\" class=\"yoast-schema-graph\">{\"@context\":\"https:\\\/\\\/schema.org\",\"@graph\":[{\"@type\":\"WebPage\",\"@id\":\"https:\\\/\\\/careers.expleo.com\\\/fr\\\/plan-du-site\\\/\",\"url\":\"https:\\\/\\\/careers.expleo.com\\\/fr\\\/plan-du-site\\\/\",\"name\":\"Expleo | Plan du site Expleo\",\"isPartOf\":{\"@id\":\"https:\\\/\\\/careers.expleo.com\\\/fr\\\/#website\"},\"datePublished\":\"2024-07-18T03:35:23+00:00\",\"dateModified\":\"2026-03-26T08:52:13+00:00\",\"description\":\"Retrouvez sur le plan du site Expleo FR, tout le contenu des pages et urls publi\u00e9es en fran\u00e7ais avec un acc\u00e8s direct aux articles.\",\"breadcrumb\":{\"@id\":\"https:\\\/\\\/careers.expleo.com\\\/fr\\\/plan-du-site\\\/#breadcrumb\"},\"inLanguage\":\"fr-FR\",\"potentialAction\":[{\"@type\":\"ReadAction\",\"target\":[\"https:\\\/\\\/careers.expleo.com\\\/fr\\\/plan-du-site\\\/\"]}]},{\"@type\":\"BreadcrumbList\",\"@id\":\"https:\\\/\\\/careers.expleo.com\\\/fr\\\/plan-du-site\\\/#breadcrumb\",\"itemListElement\":[{\"@type\":\"ListItem\",\"position\":1,\"name\":\"Home\",\"item\":\"https:\\\/\\\/careers.expleo.com\\\/fr\\\/\"},{\"@type\":\"ListItem\",\"position\":2,\"name\":\"Plan du Site\"}]},{\"@type\":\"WebSite\",\"@id\":\"https:\\\/\\\/careers.expleo.com\\\/fr\\\/#website\",\"url\":\"https:\\\/\\\/careers.expleo.com\\\/fr\\\/\",\"name\":\"EXPLEO | FR\",\"description\":\"Expleo\",\"publisher\":{\"@id\":\"https:\\\/\\\/careers.expleo.com\\\/fr\\\/#organization\"},\"potentialAction\":[{\"@type\":\"SearchAction\",\"target\":{\"@type\":\"EntryPoint\",\"urlTemplate\":\"https:\\\/\\\/careers.expleo.com\\\/fr\\\/?s={search_term_string}\"},\"query-input\":{\"@type\":\"PropertyValueSpecification\",\"valueRequired\":true,\"valueName\":\"search_term_string\"}}],\"inLanguage\":\"fr-FR\"},{\"@type\":\"Organization\",\"@id\":\"https:\\\/\\\/careers.expleo.com\\\/fr\\\/#organization\",\"name\":\"EXPLEO | FR\",\"url\":\"https:\\\/\\\/careers.expleo.com\\\/fr\\\/\",\"logo\":{\"@type\":\"ImageObject\",\"inLanguage\":\"fr-FR\",\"@id\":\"https:\\\/\\\/careers.expleo.com\\\/fr\\\/#\\\/schema\\\/logo\\\/image\\\/\",\"url\":\"https:\\\/\\\/careers.expleo.com\\\/fr\\\/wp-content\\\/uploads\\\/2019\\\/02\\\/expleo-logo-and-tagline.png\",\"contentUrl\":\"https:\\\/\\\/careers.expleo.com\\\/fr\\\/wp-content\\\/uploads\\\/2019\\\/02\\\/expleo-logo-and-tagline.png\",\"width\":1600,\"height\":774,\"caption\":\"EXPLEO | FR\"},\"image\":{\"@id\":\"https:\\\/\\\/careers.expleo.com\\\/fr\\\/#\\\/schema\\\/logo\\\/image\\\/\"}}]}<\/script>\n<!-- \/ Yoast SEO Premium plugin. -->","yoast_head_json":{"title":"Expleo | Plan du site Expleo","description":"Retrouvez sur le plan du site Expleo FR, tout le contenu des pages et urls publi\u00e9es en fran\u00e7ais avec un acc\u00e8s direct aux articles.","robots":{"index":"index","follow":"follow","max-snippet":"max-snippet:-1","max-image-preview":"max-image-preview:large","max-video-preview":"max-video-preview:-1"},"canonical":"https:\/\/careers.expleo.com\/fr\/plan-du-site\/","og_locale":"fr_FR","og_type":"article","og_title":"Plan du Site","og_description":"Retrouvez sur le plan du site Expleo FR, tout le contenu des pages et urls publi\u00e9es en fran\u00e7ais avec un acc\u00e8s direct aux articles.","og_url":"https:\/\/careers.expleo.com\/fr\/plan-du-site\/","og_site_name":"FR","article_modified_time":"2026-03-26T08:52:13+00:00","twitter_card":"summary_large_image","twitter_misc":{"Est. reading time":"1 minute"},"schema":{"@context":"https:\/\/schema.org","@graph":[{"@type":"WebPage","@id":"https:\/\/careers.expleo.com\/fr\/plan-du-site\/","url":"https:\/\/careers.expleo.com\/fr\/plan-du-site\/","name":"Expleo | Plan du site Expleo","isPartOf":{"@id":"https:\/\/careers.expleo.com\/fr\/#website"},"datePublished":"2024-07-18T03:35:23+00:00","dateModified":"2026-03-26T08:52:13+00:00","description":"Retrouvez sur le plan du site Expleo FR, tout le contenu des pages et urls publi\u00e9es en fran\u00e7ais avec un acc\u00e8s direct aux articles.","breadcrumb":{"@id":"https:\/\/careers.expleo.com\/fr\/plan-du-site\/#breadcrumb"},"inLanguage":"fr-FR","potentialAction":[{"@type":"ReadAction","target":["https:\/\/careers.expleo.com\/fr\/plan-du-site\/"]}]},{"@type":"BreadcrumbList","@id":"https:\/\/careers.expleo.com\/fr\/plan-du-site\/#breadcrumb","itemListElement":[{"@type":"ListItem","position":1,"name":"Home","item":"https:\/\/careers.expleo.com\/fr\/"},{"@type":"ListItem","position":2,"name":"Plan du Site"}]},{"@type":"WebSite","@id":"https:\/\/careers.expleo.com\/fr\/#website","url":"https:\/\/careers.expleo.com\/fr\/","name":"EXPLEO | FR","description":"Expleo","publisher":{"@id":"https:\/\/careers.expleo.com\/fr\/#organization"},"potentialAction":[{"@type":"SearchAction","target":{"@type":"EntryPoint","urlTemplate":"https:\/\/careers.expleo.com\/fr\/?s={search_term_string}"},"query-input":{"@type":"PropertyValueSpecification","valueRequired":true,"valueName":"search_term_string"}}],"inLanguage":"fr-FR"},{"@type":"Organization","@id":"https:\/\/careers.expleo.com\/fr\/#organization","name":"EXPLEO | FR","url":"https:\/\/careers.expleo.com\/fr\/","logo":{"@type":"ImageObject","inLanguage":"fr-FR","@id":"https:\/\/careers.expleo.com\/fr\/#\/schema\/logo\/image\/","url":"https:\/\/careers.expleo.com\/fr\/wp-content\/uploads\/2019\/02\/expleo-logo-and-tagline.png","contentUrl":"https:\/\/careers.expleo.com\/fr\/wp-content\/uploads\/2019\/02\/expleo-logo-and-tagline.png","width":1600,"height":774,"caption":"EXPLEO | FR"},"image":{"@id":"https:\/\/careers.expleo.com\/fr\/#\/schema\/logo\/image\/"}}]}},"hreflang":{"rendered":"<link rel=\"alternate\" href=\"https:\/\/careers.expleo.com\/en\/sitemap\/\" hreflang=\"x-default\"\/>\n<link rel=\"alternate\" href=\"https:\/\/careers.expleo.com\/en\/sitemap\/\" hreflang=\"en\"\/>\n<link rel=\"alternate\" href=\"https:\/\/careers.expleo.com\/fr\/plan-du-site\/\" hreflang=\"fr\"\/>\n<link rel=\"alternate\" href=\"https:\/\/careers.expleo.com\/de\/sitemap\/\" hreflang=\"de\"\/>\n","structure":[{"blogId":4,"blogIsHidden":false,"postId":54305,"url":"https:\/\/careers.expleo.com\/en\/sitemap\/","language":"en","default":true},{"blogId":5,"blogIsHidden":false,"postId":29017,"url":"https:\/\/careers.expleo.com\/fr\/plan-du-site\/","language":"fr","default":false},{"blogId":6,"blogIsHidden":false,"postId":26022,"url":"https:\/\/careers.expleo.com\/de\/sitemap\/","language":"de","default":false}]},"_links":{"self":[{"href":"https:\/\/careers.expleo.com\/fr\/wp-json\/wp\/v2\/pages\/29017","targetHints":{"allow":["GET"]}}],"collection":[{"href":"https:\/\/careers.expleo.com\/fr\/wp-json\/wp\/v2\/pages"}],"about":[{"href":"https:\/\/careers.expleo.com\/fr\/wp-json\/wp\/v2\/types\/page"}],"author":[{"embeddable":true,"href":"https:\/\/careers.expleo.com\/fr\/wp-json\/wp\/v2\/users\/120"}],"replies":[{"embeddable":true,"href":"https:\/\/careers.expleo.com\/fr\/wp-json\/wp\/v2\/comments?post=29017"}],"version-history":[{"count":5,"href":"https:\/\/careers.expleo.com\/fr\/wp-json\/wp\/v2\/pages\/29017\/revisions"}],"predecessor-version":[{"id":101288,"href":"https:\/\/careers.expleo.com\/fr\/wp-json\/wp\/v2\/pages\/29017\/revisions\/101288"}],"wp:attachment":[{"href":"https:\/\/careers.expleo.com\/fr\/wp-json\/wp\/v2\/media?parent=29017"}],"curies":[{"name":"wp","href":"https:\/\/api.w.org\/{rel}","templated":true}]}}