{"id":12133,"date":"2022-01-12T12:32:27","date_gmt":"2022-01-12T12:32:27","guid":{"rendered":"https:\/\/careers.expleo.com\/global\/en\/?page_id=18014"},"modified":"2026-03-30T12:15:49","modified_gmt":"2026-03-30T12:15:49","slug":"contact-recherche-emploi","status":"publish","type":"page","link":"https:\/\/careers.expleo.com\/fr\/contact-recherche-emploi\/","title":{"rendered":"Contactez-nous pour votre recherche d\u2019emploi"},"content":{"rendered":"\t\t<div data-elementor-type=\"wp-page\" data-elementor-id=\"12133\" class=\"elementor elementor-12133\" data-elementor-post-type=\"page\">\n\t\t\t\t\t\t<section class=\"elementor-section elementor-top-section elementor-element elementor-element-4e1f6b3 gg-banner-animation-rtl gg-standard-banner gg-container-small-pb-144 elementor-section-boxed elementor-section-height-default elementor-section-height-default\" data-id=\"4e1f6b3\" data-element_type=\"section\" data-e-type=\"section\" data-settings=\"{&quot;background_background&quot;:&quot;classic&quot;}\">\n\t\t\t\t\t\t\t<div class=\"elementor-background-overlay\"><\/div>\n\t\t\t\t\t\t\t<div class=\"elementor-container elementor-column-gap-no\">\n\t\t\t\t\t<div class=\"elementor-column elementor-col-100 elementor-top-column elementor-element elementor-element-835fca8\" data-id=\"835fca8\" data-element_type=\"column\" data-e-type=\"column\">\n\t\t\t<div class=\"elementor-widget-wrap elementor-element-populated\">\n\t\t\t\t\t\t<div class=\"elementor-element elementor-element-c2397e1 elementor-widget elementor-widget-template\" data-id=\"c2397e1\" data-element_type=\"widget\" data-e-type=\"widget\" data-widget_type=\"template.default\">\n\t\t\t\t<div class=\"elementor-widget-container\">\n\t\t\t\t\t\t\t<div class=\"elementor-template\">\n\t\t\t\t\t<div data-elementor-type=\"section\" data-elementor-id=\"2396\" class=\"elementor elementor-2396\" data-elementor-post-type=\"elementor_library\">\n\t\t\t\t\t<section class=\"elementor-section elementor-top-section elementor-element elementor-element-32d90ec6 gg-font-v11 gg-breadcrumbs gg-breadcrumbs-page elementor-section-full_width elementor-hidden-mobile elementor-section-height-default elementor-section-height-default\" data-id=\"32d90ec6\" data-element_type=\"section\" data-e-type=\"section\">\n\t\t\t\t\t\t<div class=\"elementor-container elementor-column-gap-no\">\n\t\t\t\t\t<div class=\"elementor-column elementor-col-100 elementor-top-column elementor-element elementor-element-b0f6d34 gg-breadcrumbs-column\" data-id=\"b0f6d34\" data-element_type=\"column\" data-e-type=\"column\">\n\t\t\t<div class=\"elementor-widget-wrap elementor-element-populated\">\n\t\t\t\t\t\t<div class=\"elementor-element elementor-element-425d9abe elementor-widget elementor-widget-breadcrumbs\" data-id=\"425d9abe\" data-element_type=\"widget\" data-e-type=\"widget\" data-switcher=\"false\" data-widget_type=\"breadcrumbs.default\">\n\t\t\t\t<div class=\"elementor-widget-container\">\n\t\t\t\t\t<p id=\"breadcrumbs\"><span><span><a href=\"https:\/\/careers.expleo.com\/fr\/\">Home<\/a><\/span><\/span><\/p>\t\t\t\t<\/div>\n\t\t\t\t<\/div>\n\t\t\t\t\t<\/div>\n\t\t<\/div>\n\t\t\t\t\t<\/div>\n\t\t<\/section>\n\t\t\t\t<\/div>\n\t\t\t\t<\/div>\n\t\t\t\t\t\t<\/div>\n\t\t\t\t<\/div>\n\t\t\t\t<div class=\"elementor-element elementor-element-ffab3f7 elementor-widget elementor-widget-gravity-advanced-cta\" data-id=\"ffab3f7\" data-element_type=\"widget\" data-e-type=\"widget\" data-widget_type=\"gravity-advanced-cta.default\">\n\t\t\t\t<div class=\"elementor-widget-container\">\n\t\t\t\t\t        <div class=\"gg-advanced-cta\">\r\n            \r\n        <p class=\"gg-advanced-cta__heading gg-tagline-heading-left \">\r\n        <strong>        CARRIERES        <\/strong>        <\/p>\r\n        \r\n        <h1 class=\"gg-advanced-cta__subheading gg-font-v1 \">\r\n                <span>Contactez-nous pour votre recherche d\u2019emploi<\/span>                <\/h1>\r\n                <div class=\"gg-advanced-cta__description gg-font-v9\">\r\n            <span><p>Pour en savoir plus sur les opportunit\u00e9s passionnantes qui s\u2019offrent \u00e0 vous, veuillez compl\u00e9ter le formulaire ci-dessous et joindre votre CV. Si vous ne trouvez pas le pays que vous recherchez dans la liste ci-dessous, merci de retourner \u00e0 la <a class=\"sc-1ko78hw-0 fiVZLH\" title=\"Home page\" href=\"https:\/\/careers.expleo.com\/fr\/\" data-renderer-mark=\"true\">Home page<\/a> et s\u00e9lectionner le pays en question.<\/p><\/span>        <\/div>\r\n                <\/div>\r\n\r\n        \t\t\t\t<\/div>\n\t\t\t\t<\/div>\n\t\t\t\t<div class=\"elementor-element elementor-element-94fe0f5 gg-outside-left-element elementor-widget elementor-widget-heading\" data-id=\"94fe0f5\" data-element_type=\"widget\" data-e-type=\"widget\" data-widget_type=\"heading.default\">\n\t\t\t\t<div class=\"elementor-widget-container\">\n\t\t\t\t\t<div class=\"elementor-heading-title elementor-size-default\">Scroll<\/div>\t\t\t\t<\/div>\n\t\t\t\t<\/div>\n\t\t\t\t\t<\/div>\n\t\t<\/div>\n\t\t\t\t\t<\/div>\n\t\t<\/section>\n\t\t\t\t<section class=\"elementor-section elementor-top-section elementor-element elementor-element-16112ca3 gg-container-small-ptb-96 gg-expleo-form gg-contact-us-careers elementor-section-boxed elementor-section-height-default elementor-section-height-default\" data-id=\"16112ca3\" data-element_type=\"section\" data-e-type=\"section\">\n\t\t\t\t\t\t<div class=\"elementor-container elementor-column-gap-no\">\n\t\t\t\t\t<div class=\"elementor-column elementor-col-100 elementor-top-column elementor-element elementor-element-674807a3\" data-id=\"674807a3\" data-element_type=\"column\" data-e-type=\"column\">\n\t\t\t<div class=\"elementor-widget-wrap elementor-element-populated\">\n\t\t\t\t\t\t<div class=\"elementor-element elementor-element-25d6c103 elementor-button-align-start gg-button-v4 elementor-widget elementor-widget-form\" data-id=\"25d6c103\" data-element_type=\"widget\" data-e-type=\"widget\" data-settings=\"{&quot;step_next_label&quot;:&quot;Next&quot;,&quot;step_previous_label&quot;:&quot;Previous&quot;,&quot;button_width&quot;:&quot;100&quot;,&quot;step_type&quot;:&quot;number_text&quot;,&quot;step_icon_shape&quot;:&quot;circle&quot;}\" data-widget_type=\"form.default\">\n\t\t\t\t<div class=\"elementor-widget-container\">\n\t\t\t\t\t\t\t<form class=\"elementor-form\" method=\"post\" name=\"Lets talk CAREERS\" aria-label=\"Lets talk CAREERS\">\n\t\t\t<input type=\"hidden\" name=\"post_id\" value=\"12133\"\/>\n\t\t\t<input type=\"hidden\" name=\"form_id\" value=\"25d6c103\"\/>\n\t\t\t<input type=\"hidden\" name=\"referer_title\" value=\"FR\" \/>\n\n\t\t\t\n\t\t\t<div class=\"elementor-form-fields-wrapper elementor-labels-above\">\n\t\t\t\t\t\t\t\t<div class=\"elementor-field-type-text elementor-field-group elementor-column elementor-field-group-first_name elementor-col-100 elementor-field-required\">\n\t\t\t\t\t\t\t\t\t\t\t\t<label for=\"form-field-first_name\" class=\"elementor-field-label\">\n\t\t\t\t\t\t\t\tPr\u00e9nom\t\t\t\t\t\t\t<\/label>\n\t\t\t\t\t\t\t\t\t\t\t\t\t\t<input size=\"1\" type=\"text\" name=\"form_fields[first_name]\" id=\"form-field-first_name\" class=\"elementor-field elementor-size-sm  elementor-field-textual\" placeholder=\"Pr\u00e9nom*\" required=\"required\">\n\t\t\t\t\t\t\t\t\t\t\t<\/div>\n\t\t\t\t\t\t\t\t<div class=\"elementor-field-type-text elementor-field-group elementor-column elementor-field-group-surname elementor-col-100 elementor-field-required\">\n\t\t\t\t\t\t\t\t\t\t\t\t<label for=\"form-field-surname\" class=\"elementor-field-label\">\n\t\t\t\t\t\t\t\tNom\t\t\t\t\t\t\t<\/label>\n\t\t\t\t\t\t\t\t\t\t\t\t\t\t<input size=\"1\" type=\"text\" name=\"form_fields[surname]\" id=\"form-field-surname\" class=\"elementor-field elementor-size-sm  elementor-field-textual\" placeholder=\"Nom*\" required=\"required\">\n\t\t\t\t\t\t\t\t\t\t\t<\/div>\n\t\t\t\t\t\t\t\t<div class=\"elementor-field-type-tel elementor-field-group elementor-column elementor-field-group-phone elementor-col-100 elementor-field-required\">\n\t\t\t\t\t\t\t\t\t\t\t\t<label for=\"form-field-phone\" class=\"elementor-field-label\">\n\t\t\t\t\t\t\t\tT\u00e9l\u00e9phone\t\t\t\t\t\t\t<\/label>\n\t\t\t\t\t\t\t\t<input size=\"1\" type=\"tel\" name=\"form_fields[phone]\" id=\"form-field-phone\" class=\"elementor-field elementor-size-sm  elementor-field-textual\" placeholder=\"T\u00e9l\u00e9phone*\" required=\"required\" pattern=\"[0-9()#&amp;+*-=.]+\" title=\"Only numbers and phone characters (#, -, *, etc) are accepted.\">\n\n\t\t\t\t\t\t<\/div>\n\t\t\t\t\t\t\t\t<div class=\"elementor-field-type-email elementor-field-group elementor-column elementor-field-group-email elementor-col-100 elementor-field-required\">\n\t\t\t\t\t\t\t\t\t\t\t\t<label for=\"form-field-email\" class=\"elementor-field-label\">\n\t\t\t\t\t\t\t\tMail\t\t\t\t\t\t\t<\/label>\n\t\t\t\t\t\t\t\t\t\t\t\t\t\t<input size=\"1\" type=\"email\" name=\"form_fields[email]\" id=\"form-field-email\" class=\"elementor-field elementor-size-sm  elementor-field-textual\" placeholder=\"Mail*\" required=\"required\">\n\t\t\t\t\t\t\t\t\t\t\t<\/div>\n\t\t\t\t\t\t\t\t<div class=\"elementor-field-type-select elementor-field-group elementor-column elementor-field-group-country elementor-col-100 elementor-field-required\">\n\t\t\t\t\t\t\t\t\t\t\t\t<label for=\"form-field-country\" class=\"elementor-field-label\">\n\t\t\t\t\t\t\t\tPays\t\t\t\t\t\t\t<\/label>\n\t\t\t\t\t\t\t\t<div class=\"elementor-field elementor-select-wrapper remove-before \">\n\t\t\t<div class=\"select-caret-down-wrapper\">\n\t\t\t\t<i aria-hidden=\"true\" class=\"eicon-caret-down\"><\/i>\t\t\t<\/div>\n\t\t\t<select name=\"form_fields[country]\" id=\"form-field-country\" class=\"elementor-field-textual elementor-size-sm\" required=\"required\">\n\t\t\t\t\t\t\t\t\t<option value=\"Pays*\">Pays*<\/option>\n\t\t\t\t\t\t\t\t\t<option value=\"careers_australia@expleogroup.com\">Australia<\/option>\n\t\t\t\t\t\t\t\t\t<option value=\"careers_china@expleogroup.com\">China<\/option>\n\t\t\t\t\t\t\t\t\t<option value=\"careers_finland@expleogroup.com\">Finland<\/option>\n\t\t\t\t\t\t\t\t\t<option value=\"careers_italy@expleogroup.com\">Italie<\/option>\n\t\t\t\t\t\t\t\t\t<option value=\"careers_malaysia@expleogroup.com\">Malaysia<\/option>\n\t\t\t\t\t\t\t\t\t<option value=\"careers_mexico@expleogroup.com\">Mexico<\/option>\n\t\t\t\t\t\t\t\t\t<option value=\"careers_singapore@expleogroup.com\">Singapour<\/option>\n\t\t\t\t\t\t\t\t\t<option value=\"\"><\/option>\n\t\t\t\t\t\t\t<\/select>\n\t\t<\/div>\n\t\t\t\t\t\t<\/div>\n\t\t\t\t\t\t\t\t<div class=\"elementor-field-type-select elementor-field-group elementor-column elementor-field-group-reasons elementor-col-100 elementor-field-required\">\n\t\t\t\t\t\t\t\t\t\t\t\t<label for=\"form-field-reasons\" class=\"elementor-field-label\">\n\t\t\t\t\t\t\t\tDrop down top level reasons\t\t\t\t\t\t\t<\/label>\n\t\t\t\t\t\t\t\t<div class=\"elementor-field elementor-select-wrapper remove-before \">\n\t\t\t<div class=\"select-caret-down-wrapper\">\n\t\t\t\t<i aria-hidden=\"true\" class=\"eicon-caret-down\"><\/i>\t\t\t<\/div>\n\t\t\t<select name=\"form_fields[reasons]\" id=\"form-field-reasons\" class=\"elementor-field-textual elementor-size-sm\" required=\"required\">\n\t\t\t\t\t\t\t\t\t<option value=\"Je vous contacte car*\">Je vous contacte car*<\/option>\n\t\t\t\t\t\t\t\t\t<option value=\"Je souhaite travailler pour Expleo\">Je souhaite travailler pour Expleo<\/option>\n\t\t\t\t\t\t\t\t\t<option value=\"Je souhaite comprendre le processus de recrutement\">Je souhaite comprendre le processus de recrutement<\/option>\n\t\t\t\t\t\t\t\t\t<option value=\"Je souhaite recommander quelqu&#039;un \u00e0 Expleo\">Je souhaite recommander quelqu&#039;un \u00e0 Expleo<\/option>\n\t\t\t\t\t\t\t\t\t<option value=\"Je souhaite fournir des services \u00e0 Expleo\">Je souhaite fournir des services \u00e0 Expleo<\/option>\n\t\t\t\t\t\t\t\t\t<option value=\"Autre (veuillez pr\u00e9ciser votre demande ci-dessous)\">Autre (veuillez pr\u00e9ciser votre demande ci-dessous)<\/option>\n\t\t\t\t\t\t\t<\/select>\n\t\t<\/div>\n\t\t\t\t\t\t<\/div>\n\t\t\t\t\t\t\t\t<div class=\"elementor-field-type-url elementor-field-group elementor-column elementor-field-group-link elementor-col-100\">\n\t\t\t\t\t\t\t\t\t\t\t\t<label for=\"form-field-link\" class=\"elementor-field-label\">\n\t\t\t\t\t\t\t\tProfil professionnel en ligne\t\t\t\t\t\t\t<\/label>\n\t\t\t\t\t\t\t\t\t\t\t\t\t\t<input size=\"1\" type=\"url\" name=\"form_fields[link]\" id=\"form-field-link\" class=\"elementor-field elementor-size-sm  elementor-field-textual\" placeholder=\"Profil professionnel en ligne\">\n\t\t\t\t\t\t\t\t\t\t\t<\/div>\n\t\t\t\t\t\t\t\t<div class=\"elementor-field-type-upload elementor-field-group elementor-column elementor-field-group-file elementor-col-100 elementor-field-required\">\n\t\t\t\t\t\t\t\t\t\t\t\t<label for=\"form-field-file\" class=\"elementor-field-label\">\n\t\t\t\t\t\t\t\tCV\/Document <span>Parcourir <\/span>*\t\t\t\t\t\t\t<\/label>\n\t\t\t\t\t\t\t\t<input type=\"file\" name=\"form_fields[file][]\" id=\"form-field-file\" class=\"elementor-field elementor-size-sm  elementor-upload-field\" required=\"required\" multiple=\"multiple\" data-maxsize=\"5\" data-maxsize-message=\"This file exceeds the maximum allowed size.\">\n\n\t\t\t\t\t\t<\/div>\n\t\t\t\t\t\t\t\t<div class=\"elementor-field-type-html elementor-field-group elementor-column elementor-field-group-field_6d6c32f elementor-col-100\">\n\t\t\t\t\t<div class=\"gg-files-output\"><\/div>\t\t\t\t<\/div>\n\t\t\t\t\t\t\t\t<div class=\"elementor-field-type-textarea elementor-field-group elementor-column elementor-field-group-message elementor-col-100\">\n\t\t\t\t\t\t\t\t\t\t\t\t<label for=\"form-field-message\" class=\"elementor-field-label\">\n\t\t\t\t\t\t\t\tMessage\t\t\t\t\t\t\t<\/label>\n\t\t\t\t\t\t<textarea class=\"elementor-field-textual elementor-field  elementor-size-sm\" name=\"form_fields[message]\" id=\"form-field-message\" rows=\"3\" placeholder=\"Message\"><\/textarea>\t\t\t\t<\/div>\n\t\t\t\t\t\t\t\t<div class=\"elementor-field-type-text elementor-field-group elementor-column elementor-field-group-field_gg_req elementor-col-100\">\n\t\t\t\t\t\t\t\t\t\t\t\t<label for=\"form-field-field_gg_req\" class=\"elementor-field-label\">\n\t\t\t\t\t\t\t\t* =champs obligatoires\t\t\t\t\t\t\t<\/label>\n\t\t\t\t\t\t\t\t\t\t\t\t\t\t<input size=\"1\" type=\"text\" name=\"form_fields[field_gg_req]\" id=\"form-field-field_gg_req\" class=\"elementor-field elementor-size-sm  elementor-field-textual\">\n\t\t\t\t\t\t\t\t\t\t\t<\/div>\n\t\t\t\t\t\t\t\t<div class=\"elementor-field-type-recaptcha_v3 elementor-field-group elementor-column elementor-field-group-recaptcha elementor-col-100 recaptcha_v3-inline\">\n\t\t\t\t\t<div class=\"elementor-field\" id=\"form-field-recaptcha\"><div class=\"elementor-g-recaptcha\" data-sitekey=\"6LcoTCkdAAAAAPXnkuxY7WbPscoClTtSh-SyXLi_\" data-type=\"v3\" data-action=\"Form\" data-badge=\"inline\" data-size=\"invisible\"><\/div><\/div>\t\t\t\t<\/div>\n\t\t\t\t\t\t\t\t<div class=\"elementor-field-type-acceptance elementor-field-group elementor-column elementor-field-group-marketing_subscription elementor-col-100\">\n\t\t\t\t\t\t\t\t\t\t\t\t<label for=\"form-field-marketing_subscription\" class=\"elementor-field-label\">\n\t\t\t\t\t\t\t\tMarketing email Subscription Opt in\t\t\t\t\t\t\t<\/label>\n\t\t\t\t\t\t\t\t<div class=\"elementor-field-subgroup\">\n\t\t\t<span class=\"elementor-field-option\">\n\t\t\t\t<input type=\"checkbox\" name=\"form_fields[marketing_subscription]\" id=\"form-field-marketing_subscription\" class=\"elementor-field elementor-size-sm  elementor-acceptance-field\">\n\t\t\t\t<label for=\"form-field-marketing_subscription\">Je souhaite recevoir des informations par email de la part d\u2019Expleo et j\u2019accepte le traitement commercial de mes donn\u00e9es.<\/label>\t\t\t<\/span>\n\t\t<\/div>\n\t\t\t\t\t\t<\/div>\n\t\t\t\t\t\t\t\t<div class=\"elementor-field-type-acceptance elementor-field-group elementor-column elementor-field-group-gdpr_opt elementor-col-100 elementor-field-required\">\n\t\t\t\t\t\t\t\t\t\t\t\t<label for=\"form-field-gdpr_opt\" class=\"elementor-field-label\">\n\t\t\t\t\t\t\t\tGDPR Opt In\t\t\t\t\t\t\t<\/label>\n\t\t\t\t\t\t\t\t<div class=\"elementor-field-subgroup\">\n\t\t\t<span class=\"elementor-field-option\">\n\t\t\t\t<input type=\"checkbox\" name=\"form_fields[gdpr_opt]\" id=\"form-field-gdpr_opt\" class=\"elementor-field elementor-size-sm  elementor-acceptance-field\" required=\"required\">\n\t\t\t\t<label for=\"form-field-gdpr_opt\">J\u2019accepte la politique de <a href=\"https:\/\/careers.expleo.com\/fr\/recruitment-privacy-policy\/\"  data-href=\"recruitment-privacy-policy\">Politique de confidentialit\u00e9 du recrutement<\/a>.*<br>Vous pouvez r\u00e9voquer votre consentement et cesser de recevoir nos mises \u00e0 jour \u00e0 tout moment, en nous avisant par tous les canaux de communication connus. Pour plus d'informations, <a href=\"https:\/\/expleo.com\/global\/fr\/conditions-generales-dutilisation\/\" target=\"_blank\" data-href\"conditions-generales-dutilisation\" >cliquez ici<\/a>.<\/label>\t\t\t<\/span>\n\t\t<\/div>\n\t\t\t\t\t\t<\/div>\n\t\t\t\t\t\t\t\t<div class=\"elementor-field-group elementor-column elementor-field-type-submit elementor-col-100 e-form__buttons\">\n\t\t\t\t\t<button class=\"elementor-button elementor-size-sm\" type=\"submit\">\n\t\t\t\t\t\t<span class=\"elementor-button-content-wrapper\">\n\t\t\t\t\t\t\t\t\t\t\t\t\t\t\t\t\t\t\t\t\t\t<span class=\"elementor-button-text\">Parlons-en<\/span>\n\t\t\t\t\t\t\t\t\t\t\t\t\t<\/span>\n\t\t\t\t\t<\/button>\n\t\t\t\t<\/div>\n\t\t\t<\/div>\n\t\t<\/form>\n\t\t\t\t\t\t<\/div>\n\t\t\t\t<\/div>\n\t\t\t\t\t<\/div>\n\t\t<\/div>\n\t\t\t\t\t<\/div>\n\t\t<\/section>\n\t\t\t\t<\/div>\n\t\t","protected":false},"excerpt":{"rendered":"<p>CARRIERES Contactez-nous pour votre recherche d\u2019emploi Pour en savoir plus sur les opportunit\u00e9s passionnantes qui s\u2019offrent \u00e0 vous, veuillez compl\u00e9ter le formulaire ci-dessous et joindre votre CV. Si vous ne trouvez pas le pays que vous recherchez dans la liste ci-dessous, merci de retourner \u00e0 la Home page et s\u00e9lectionner le pays en question. Scroll<\/p>\n","protected":false},"author":1,"featured_media":0,"parent":0,"menu_order":0,"comment_status":"closed","ping_status":"closed","template":"","meta":{"_oasis_is_in_workflow":0,"_oasis_original":0,"_oasis_task_priority":"","footnotes":""},"class_list":["post-12133","page","type-page","status-publish","hentry"],"yoast_head":"<!-- This site is optimized with the Yoast SEO Premium plugin v27.3 (Yoast SEO v27.4) - https:\/\/yoast.com\/product\/yoast-seo-premium-wordpress\/ -->\n<title>Expleo | Contactez-nous pour votre recherche d\u2019emploi<\/title>\n<meta name=\"description\" content=\"Contactez-nousSeparated they live in Bookmarks right at the coast of the famous Semantics, large language ocean Separated they live in Bookmarks right\" \/>\n<meta name=\"robots\" content=\"index, follow, max-snippet:-1, max-image-preview:large, max-video-preview:-1\" \/>\n<link rel=\"canonical\" href=\"https:\/\/careers.expleo.com\/fr\/contact-recherche-emploi\/\" \/>\n<meta property=\"og:locale\" content=\"fr_FR\" \/>\n<meta property=\"og:type\" content=\"article\" \/>\n<meta property=\"og:title\" content=\"Contactez-nous pour votre recherche d\u2019emploi\" \/>\n<meta property=\"og:description\" content=\"Contactez-nousSeparated they live in Bookmarks right at the coast of the famous Semantics, large language ocean Separated they live in Bookmarks right\" \/>\n<meta property=\"og:url\" content=\"https:\/\/careers.expleo.com\/fr\/contact-recherche-emploi\/\" \/>\n<meta property=\"og:site_name\" content=\"FR\" \/>\n<meta property=\"article:modified_time\" content=\"2026-03-30T12:15:49+00:00\" \/>\n<meta name=\"twitter:card\" content=\"summary_large_image\" \/>\n<meta name=\"twitter:label1\" content=\"Est. reading time\" \/>\n\t<meta name=\"twitter:data1\" content=\"1 minute\" \/>\n<script type=\"application\/ld+json\" class=\"yoast-schema-graph\">{\"@context\":\"https:\\\/\\\/schema.org\",\"@graph\":[{\"@type\":\"WebPage\",\"@id\":\"https:\\\/\\\/careers.expleo.com\\\/fr\\\/contact-recherche-emploi\\\/\",\"url\":\"https:\\\/\\\/careers.expleo.com\\\/fr\\\/contact-recherche-emploi\\\/\",\"name\":\"Expleo | Contactez-nous pour votre recherche d\u2019emploi\",\"isPartOf\":{\"@id\":\"https:\\\/\\\/careers.expleo.com\\\/fr\\\/#website\"},\"datePublished\":\"2022-01-12T12:32:27+00:00\",\"dateModified\":\"2026-03-30T12:15:49+00:00\",\"description\":\"Contactez-nousSeparated they live in Bookmarks right at the coast of the famous Semantics, large language ocean Separated they live in Bookmarks right\",\"breadcrumb\":{\"@id\":\"https:\\\/\\\/careers.expleo.com\\\/fr\\\/contact-recherche-emploi\\\/#breadcrumb\"},\"inLanguage\":\"fr-FR\",\"potentialAction\":[{\"@type\":\"ReadAction\",\"target\":[\"https:\\\/\\\/careers.expleo.com\\\/fr\\\/contact-recherche-emploi\\\/\"]}]},{\"@type\":\"BreadcrumbList\",\"@id\":\"https:\\\/\\\/careers.expleo.com\\\/fr\\\/contact-recherche-emploi\\\/#breadcrumb\",\"itemListElement\":[{\"@type\":\"ListItem\",\"position\":1,\"name\":\"Home\",\"item\":\"https:\\\/\\\/careers.expleo.com\\\/fr\\\/\"},{\"@type\":\"ListItem\",\"position\":2,\"name\":\"Contactez-nous pour votre recherche d\u2019emploi\"}]},{\"@type\":\"WebSite\",\"@id\":\"https:\\\/\\\/careers.expleo.com\\\/fr\\\/#website\",\"url\":\"https:\\\/\\\/careers.expleo.com\\\/fr\\\/\",\"name\":\"EXPLEO | FR\",\"description\":\"Expleo\",\"publisher\":{\"@id\":\"https:\\\/\\\/careers.expleo.com\\\/fr\\\/#organization\"},\"potentialAction\":[{\"@type\":\"SearchAction\",\"target\":{\"@type\":\"EntryPoint\",\"urlTemplate\":\"https:\\\/\\\/careers.expleo.com\\\/fr\\\/?s={search_term_string}\"},\"query-input\":{\"@type\":\"PropertyValueSpecification\",\"valueRequired\":true,\"valueName\":\"search_term_string\"}}],\"inLanguage\":\"fr-FR\"},{\"@type\":\"Organization\",\"@id\":\"https:\\\/\\\/careers.expleo.com\\\/fr\\\/#organization\",\"name\":\"EXPLEO | FR\",\"url\":\"https:\\\/\\\/careers.expleo.com\\\/fr\\\/\",\"logo\":{\"@type\":\"ImageObject\",\"inLanguage\":\"fr-FR\",\"@id\":\"https:\\\/\\\/careers.expleo.com\\\/fr\\\/#\\\/schema\\\/logo\\\/image\\\/\",\"url\":\"https:\\\/\\\/careers.expleo.com\\\/fr\\\/wp-content\\\/uploads\\\/2019\\\/02\\\/expleo-logo-and-tagline.png\",\"contentUrl\":\"https:\\\/\\\/careers.expleo.com\\\/fr\\\/wp-content\\\/uploads\\\/2019\\\/02\\\/expleo-logo-and-tagline.png\",\"width\":1600,\"height\":774,\"caption\":\"EXPLEO | FR\"},\"image\":{\"@id\":\"https:\\\/\\\/careers.expleo.com\\\/fr\\\/#\\\/schema\\\/logo\\\/image\\\/\"}}]}<\/script>\n<!-- \/ Yoast SEO Premium plugin. -->","yoast_head_json":{"title":"Expleo | Contactez-nous pour votre recherche d\u2019emploi","description":"Contactez-nousSeparated they live in Bookmarks right at the coast of the famous Semantics, large language ocean Separated they live in Bookmarks right","robots":{"index":"index","follow":"follow","max-snippet":"max-snippet:-1","max-image-preview":"max-image-preview:large","max-video-preview":"max-video-preview:-1"},"canonical":"https:\/\/careers.expleo.com\/fr\/contact-recherche-emploi\/","og_locale":"fr_FR","og_type":"article","og_title":"Contactez-nous pour votre recherche d\u2019emploi","og_description":"Contactez-nousSeparated they live in Bookmarks right at the coast of the famous Semantics, large language ocean Separated they live in Bookmarks right","og_url":"https:\/\/careers.expleo.com\/fr\/contact-recherche-emploi\/","og_site_name":"FR","article_modified_time":"2026-03-30T12:15:49+00:00","twitter_card":"summary_large_image","twitter_misc":{"Est. reading time":"1 minute"},"schema":{"@context":"https:\/\/schema.org","@graph":[{"@type":"WebPage","@id":"https:\/\/careers.expleo.com\/fr\/contact-recherche-emploi\/","url":"https:\/\/careers.expleo.com\/fr\/contact-recherche-emploi\/","name":"Expleo | Contactez-nous pour votre recherche d\u2019emploi","isPartOf":{"@id":"https:\/\/careers.expleo.com\/fr\/#website"},"datePublished":"2022-01-12T12:32:27+00:00","dateModified":"2026-03-30T12:15:49+00:00","description":"Contactez-nousSeparated they live in Bookmarks right at the coast of the famous Semantics, large language ocean Separated they live in Bookmarks right","breadcrumb":{"@id":"https:\/\/careers.expleo.com\/fr\/contact-recherche-emploi\/#breadcrumb"},"inLanguage":"fr-FR","potentialAction":[{"@type":"ReadAction","target":["https:\/\/careers.expleo.com\/fr\/contact-recherche-emploi\/"]}]},{"@type":"BreadcrumbList","@id":"https:\/\/careers.expleo.com\/fr\/contact-recherche-emploi\/#breadcrumb","itemListElement":[{"@type":"ListItem","position":1,"name":"Home","item":"https:\/\/careers.expleo.com\/fr\/"},{"@type":"ListItem","position":2,"name":"Contactez-nous pour votre recherche d\u2019emploi"}]},{"@type":"WebSite","@id":"https:\/\/careers.expleo.com\/fr\/#website","url":"https:\/\/careers.expleo.com\/fr\/","name":"EXPLEO | FR","description":"Expleo","publisher":{"@id":"https:\/\/careers.expleo.com\/fr\/#organization"},"potentialAction":[{"@type":"SearchAction","target":{"@type":"EntryPoint","urlTemplate":"https:\/\/careers.expleo.com\/fr\/?s={search_term_string}"},"query-input":{"@type":"PropertyValueSpecification","valueRequired":true,"valueName":"search_term_string"}}],"inLanguage":"fr-FR"},{"@type":"Organization","@id":"https:\/\/careers.expleo.com\/fr\/#organization","name":"EXPLEO | FR","url":"https:\/\/careers.expleo.com\/fr\/","logo":{"@type":"ImageObject","inLanguage":"fr-FR","@id":"https:\/\/careers.expleo.com\/fr\/#\/schema\/logo\/image\/","url":"https:\/\/careers.expleo.com\/fr\/wp-content\/uploads\/2019\/02\/expleo-logo-and-tagline.png","contentUrl":"https:\/\/careers.expleo.com\/fr\/wp-content\/uploads\/2019\/02\/expleo-logo-and-tagline.png","width":1600,"height":774,"caption":"EXPLEO | FR"},"image":{"@id":"https:\/\/careers.expleo.com\/fr\/#\/schema\/logo\/image\/"}}]}},"hreflang":{"rendered":"<link rel=\"alternate\" href=\"https:\/\/careers.expleo.com\/en\/contact-job-search\/\" hreflang=\"x-default\"\/>\n<link rel=\"alternate\" href=\"https:\/\/careers.expleo.com\/en\/contact-job-search\/\" hreflang=\"en\"\/>\n<link rel=\"alternate\" href=\"https:\/\/careers.expleo.com\/fr\/contact-recherche-emploi\/\" hreflang=\"fr\"\/>\n<link rel=\"alternate\" href=\"https:\/\/careers.expleo.com\/de\/kontakt-stellensuche\/\" hreflang=\"de\"\/>\n","structure":[{"blogId":4,"blogIsHidden":false,"postId":18014,"url":"https:\/\/careers.expleo.com\/en\/contact-job-search\/","language":"en","default":true},{"blogId":5,"blogIsHidden":false,"postId":12133,"url":"https:\/\/careers.expleo.com\/fr\/contact-recherche-emploi\/","language":"fr","default":false},{"blogId":6,"blogIsHidden":false,"postId":12550,"url":"https:\/\/careers.expleo.com\/de\/kontakt-stellensuche\/","language":"de","default":false}]},"_links":{"self":[{"href":"https:\/\/careers.expleo.com\/fr\/wp-json\/wp\/v2\/pages\/12133","targetHints":{"allow":["GET"]}}],"collection":[{"href":"https:\/\/careers.expleo.com\/fr\/wp-json\/wp\/v2\/pages"}],"about":[{"href":"https:\/\/careers.expleo.com\/fr\/wp-json\/wp\/v2\/types\/page"}],"author":[{"embeddable":true,"href":"https:\/\/careers.expleo.com\/fr\/wp-json\/wp\/v2\/users\/1"}],"replies":[{"embeddable":true,"href":"https:\/\/careers.expleo.com\/fr\/wp-json\/wp\/v2\/comments?post=12133"}],"version-history":[{"count":5,"href":"https:\/\/careers.expleo.com\/fr\/wp-json\/wp\/v2\/pages\/12133\/revisions"}],"predecessor-version":[{"id":101336,"href":"https:\/\/careers.expleo.com\/fr\/wp-json\/wp\/v2\/pages\/12133\/revisions\/101336"}],"wp:attachment":[{"href":"https:\/\/careers.expleo.com\/fr\/wp-json\/wp\/v2\/media?parent=12133"}],"curies":[{"name":"wp","href":"https:\/\/api.w.org\/{rel}","templated":true}]}}