{"id":25830,"date":"2024-02-08T04:58:24","date_gmt":"2024-02-08T04:58:24","guid":{"rendered":"https:\/\/careers.expleo.com\/en\/?page_id=52887"},"modified":"2026-01-30T14:22:54","modified_gmt":"2026-01-30T14:22:54","slug":"allgemeine-geschaeftsbedingungen","status":"publish","type":"page","link":"https:\/\/careers.expleo.com\/de\/allgemeine-geschaeftsbedingungen\/","title":{"rendered":"Allgemeine Gesch\u00e4ftsbedingungen"},"content":{"rendered":"\t\t<div data-elementor-type=\"wp-page\" data-elementor-id=\"25830\" class=\"elementor elementor-25830\" data-elementor-post-type=\"page\">\n\t\t\t\t\t\t<section class=\"elementor-section elementor-top-section elementor-element elementor-element-62d130d gg-simple-banner gg-container-small-pb-144 gg-simple-banner--small small-mobile elementor-section-boxed elementor-section-height-default elementor-section-height-default\" data-id=\"62d130d\" data-element_type=\"section\" data-e-type=\"section\">\n\t\t\t\t\t\t\t<div class=\"elementor-background-overlay\"><\/div>\n\t\t\t\t\t\t\t<div class=\"elementor-container elementor-column-gap-no\">\n\t\t\t\t\t<div class=\"elementor-column elementor-col-100 elementor-top-column elementor-element elementor-element-48936f6\" data-id=\"48936f6\" data-element_type=\"column\" data-e-type=\"column\">\n\t\t\t<div class=\"elementor-widget-wrap elementor-element-populated\">\n\t\t\t\t\t\t<div class=\"elementor-element elementor-element-7b717ea elementor-widget elementor-widget-template\" data-id=\"7b717ea\" data-element_type=\"widget\" data-e-type=\"widget\" data-widget_type=\"template.default\">\n\t\t\t\t<div class=\"elementor-widget-container\">\n\t\t\t\t\t\t\t<div class=\"elementor-template\">\n\t\t\t\t\t<div data-elementor-type=\"section\" data-elementor-id=\"2357\" class=\"elementor elementor-2357\" data-elementor-post-type=\"elementor_library\">\n\t\t\t\t\t<section class=\"elementor-section elementor-top-section elementor-element elementor-element-32d90ec6 gg-font-v11 gg-breadcrumbs gg-breadcrumbs-page elementor-section-full_width elementor-hidden-mobile elementor-section-height-default elementor-section-height-default\" data-id=\"32d90ec6\" data-element_type=\"section\" data-e-type=\"section\">\n\t\t\t\t\t\t<div class=\"elementor-container elementor-column-gap-no\">\n\t\t\t\t\t<div class=\"elementor-column elementor-col-100 elementor-top-column elementor-element elementor-element-b0f6d34 gg-breadcrumbs-column\" data-id=\"b0f6d34\" data-element_type=\"column\" data-e-type=\"column\">\n\t\t\t<div class=\"elementor-widget-wrap elementor-element-populated\">\n\t\t\t\t\t\t<div class=\"elementor-element elementor-element-425d9abe elementor-widget elementor-widget-breadcrumbs\" data-id=\"425d9abe\" data-element_type=\"widget\" data-e-type=\"widget\" data-switcher=\"false\" data-widget_type=\"breadcrumbs.default\">\n\t\t\t\t<div class=\"elementor-widget-container\">\n\t\t\t\t\t<p id=\"breadcrumbs\"><span><span><a href=\"https:\/\/careers.expleo.com\/de\/\">Home<\/a><\/span><\/span><\/p>\t\t\t\t<\/div>\n\t\t\t\t<\/div>\n\t\t\t\t\t<\/div>\n\t\t<\/div>\n\t\t\t\t\t<\/div>\n\t\t<\/section>\n\t\t\t\t<\/div>\n\t\t\t\t<\/div>\n\t\t\t\t\t\t<\/div>\n\t\t\t\t<\/div>\n\t\t\t\t<div class=\"elementor-element elementor-element-784a9a9 gg-simple-banner_title elementor-widget elementor-widget-heading\" data-id=\"784a9a9\" data-element_type=\"widget\" data-e-type=\"widget\" data-widget_type=\"heading.default\">\n\t\t\t\t<div class=\"elementor-widget-container\">\n\t\t\t\t\t<h1 class=\"elementor-heading-title elementor-size-default\">Allgemeine Gesch\u00e4ftsbedingungen<\/h1>\t\t\t\t<\/div>\n\t\t\t\t<\/div>\n\t\t\t\t\t<\/div>\n\t\t<\/div>\n\t\t\t\t\t<\/div>\n\t\t<\/section>\n\t\t\t\t<section class=\"elementor-section elementor-top-section elementor-element elementor-element-f5d1a2d gg-container-large-ptb-96 gg-flip-box-accordion-v2 elementor-section-boxed elementor-section-height-default elementor-section-height-default\" data-id=\"f5d1a2d\" data-element_type=\"section\" data-e-type=\"section\" data-settings=\"{&quot;background_background&quot;:&quot;video&quot;}\">\n\t\t\t\t\t\t<div class=\"elementor-container elementor-column-gap-no\">\n\t\t\t\t\t<div class=\"elementor-column elementor-col-100 elementor-top-column elementor-element elementor-element-d81bc59\" data-id=\"d81bc59\" data-element_type=\"column\" data-e-type=\"column\">\n\t\t\t<div class=\"elementor-widget-wrap elementor-element-populated\">\n\t\t\t\t\t\t<section class=\"elementor-section elementor-inner-section elementor-element elementor-element-2e05b40 elementor-section-boxed elementor-section-height-default elementor-section-height-default\" data-id=\"2e05b40\" data-element_type=\"section\" data-e-type=\"section\">\n\t\t\t\t\t\t<div class=\"elementor-container elementor-column-gap-default\">\n\t\t\t\t\t<div class=\"elementor-column elementor-col-50 elementor-inner-column elementor-element elementor-element-08750ff\" data-id=\"08750ff\" data-element_type=\"column\" data-e-type=\"column\">\n\t\t\t<div class=\"elementor-widget-wrap elementor-element-populated\">\n\t\t\t\t\t\t<div class=\"elementor-element elementor-element-e33a398 gg-font-v8 gg-flip-accordion elementor-widget elementor-widget-jet-accordion\" data-id=\"e33a398\" data-element_type=\"widget\" data-e-type=\"widget\" data-widget_type=\"jet-accordion.default\">\n\t\t\t\t<div class=\"elementor-widget-container\">\n\t\t\t\t\t\t\t\t\t<div class=\"jet-accordion\" data-settings=\"{&quot;collapsible&quot;:false,&quot;ajaxTemplate&quot;:false,&quot;switchScrolling&quot;:false,&quot;switchScrollingTablet&quot;:false,&quot;switchScrollingMobile&quot;:false,&quot;switchScrollingOffset&quot;:{&quot;size&quot;:0,&quot;unit&quot;:&quot;px&quot;},&quot;switchScrollingOffsetTablet&quot;:{&quot;size&quot;:0,&quot;unit&quot;:&quot;px&quot;},&quot;switchScrollingOffsetMobile&quot;:{&quot;size&quot;:0,&quot;unit&quot;:&quot;px&quot;},&quot;switchScrollingDelay&quot;:500,&quot;switchScrollingDelayTablet&quot;:500,&quot;switchScrollingDelayMobile&quot;:500}\">\n\t\t\t<div class=\"jet-accordion__inner\">\n\t\t\t\t<div class=\" jet-accordion__item jet-toggle jet-toggle-none-effect \">\n\t\t\t\t\t\t\t<div id=\"jet-toggle-control-2381\" class=\"jet-toggle__control elementor-menu-anchor\" data-toggle=\"1\" role=\"button\" tabindex=\"0\" aria-controls=\"jet-toggle-content-2381\" aria-expanded=\"false\" data-template-id=\"false\">\n\t\t\t\t\t\t\t\t<div class=\"jet-toggle__label-text\">Deutschland<\/div>\t\t\t\t\t\t\t<\/div>\n\t\t\t\t\t\t\t<div id=\"jet-toggle-content-2381\" class=\"jet-toggle__content\" data-toggle=\"1\" role=\"region\" data-template-id=\"false\">\n\t\t\t\t\t\t\t\t<div class=\"jet-toggle__content-inner\"><ul><li><a href=\"https:\/\/expleo.com\/global\/en\/wp-content\/uploads\/2024\/04\/allgemeine-einkaufsbedingungen-der-expleo-germany-gmbh.pdf\"><span lang=\"de\">Allgemeine Einkaufsbedingungen der Expleo Germany GmbH<\/span><\/a><\/li><li><a href=\"https:\/\/expleo.com\/global\/en\/wp-content\/documents\/Allgemeine Einkaufsbedingungen der Expleo Technology Germany GmbH.pdf\" data-wplink-url-error=\"true\"><span lang=\"de\">Allgemeine Einkaufsbedingungen der Expleo Technology Germany GmbH<\/span><\/a><\/li><li><a href=\"https:\/\/expleo.com\/wp-content\/uploads\/2021\/12\/general-terms-and-conditions-of-purchase_expleo-technology-germany-gmbh.pdf\" target=\"_blank\" rel=\"noopener\">Purchasing Conditions Expleo Technology Germany GmbH<\/a><\/li><li><a href=\"https:\/\/expleo.com\/global\/en\/wp-content\/uploads\/2024\/04\/purchasing-conditions-expleo-germany-gmbh.pdf\" target=\"_blank\" rel=\"noopener\">Purchasing Conditions Expleo Germany GmbH<\/a><\/li><li><a href=\"https:\/\/expleo.com\/global\/en\/wp-content\/uploads\/2023\/01\/general-terms-and-conditions-for-services-of-expleo-germany-gmbh.pdf\" target=\"_blank\" rel=\"noopener\">General Terms and Conditions for Services of Expleo Germany GmbH<\/a><\/li><li><a href=\"https:\/\/expleo.com\/global\/en\/wp-content\/uploads\/2023\/01\/license-and-support-conditions.pdf\" target=\"_blank\" rel=\"noopener\">License and Support Conditions<\/a><\/li><\/ul><\/div>\n\t\t\t\t\t\t\t<\/div>\n\t\t\t\t\t\t<\/div><div class=\" jet-accordion__item jet-toggle jet-toggle-none-effect \">\n\t\t\t\t\t\t\t<div id=\"jet-toggle-control-2382\" class=\"jet-toggle__control elementor-menu-anchor\" data-toggle=\"2\" role=\"button\" tabindex=\"0\" aria-controls=\"jet-toggle-content-2382\" aria-expanded=\"false\" data-template-id=\"false\">\n\t\t\t\t\t\t\t\t<div class=\"jet-toggle__label-text\">Indien<\/div>\t\t\t\t\t\t\t<\/div>\n\t\t\t\t\t\t\t<div id=\"jet-toggle-content-2382\" class=\"jet-toggle__content\" data-toggle=\"2\" role=\"region\" data-template-id=\"false\">\n\t\t\t\t\t\t\t\t<div class=\"jet-toggle__content-inner\"><ul><li><a href=\"https:\/\/expleo.com\/wp-content\/uploads\/2022\/05\/etipl-creditors-meeting.pdf\" target=\"_blank\" rel=\"noopener\">ETIPL Creditors Meeting<\/a><\/li><li><a href=\"https:\/\/expleo.com\/wp-content\/uploads\/2022\/05\/eeipl-creditors-meeting.pdf\" target=\"_blank\" rel=\"noopener\">EEIPL Creditors Meeting<\/a><\/li><li><a href=\"https:\/\/expleo.com\/wp-content\/uploads\/2022\/05\/ssdcpl-creditors-meeting.pdf\" target=\"_blank\" rel=\"noopener\">SSDCPL Creditors Meeting<\/a><\/li><\/ul><\/div>\n\t\t\t\t\t\t\t<\/div>\n\t\t\t\t\t\t<\/div><div class=\" jet-accordion__item jet-toggle jet-toggle-none-effect \">\n\t\t\t\t\t\t\t<div id=\"jet-toggle-control-2383\" class=\"jet-toggle__control elementor-menu-anchor\" data-toggle=\"3\" role=\"button\" tabindex=\"0\" aria-controls=\"jet-toggle-content-2383\" aria-expanded=\"false\" data-template-id=\"false\">\n\t\t\t\t\t\t\t\t<div class=\"jet-toggle__label-text\">Irland<\/div>\t\t\t\t\t\t\t<\/div>\n\t\t\t\t\t\t\t<div id=\"jet-toggle-content-2383\" class=\"jet-toggle__content\" data-toggle=\"3\" role=\"region\" data-template-id=\"false\">\n\t\t\t\t\t\t\t\t<div class=\"jet-toggle__content-inner\"><p><a href=\"https:\/\/expleo.com\/global\/en\/wp-content\/documents\/Expleo Technology Ireland_Gender Pay Gap Report 2024.pdf\" data-wplink-url-error=\"true\">Gender Pay Gap Report 2024<\/a><\/p><p><a href=\"https:\/\/expleo.com\/global\/en\/wp-content\/documents\/Expleo-Technology-Ireland-Gender-Pay-Gap-Report-2023.pdf\">Gender Pay Gap Report 2023<\/a><\/p><\/div>\n\t\t\t\t\t\t\t<\/div>\n\t\t\t\t\t\t<\/div><div class=\" jet-accordion__item jet-toggle jet-toggle-none-effect \">\n\t\t\t\t\t\t\t<div id=\"jet-toggle-control-2384\" class=\"jet-toggle__control elementor-menu-anchor\" data-toggle=\"4\" role=\"button\" tabindex=\"0\" aria-controls=\"jet-toggle-content-2384\" aria-expanded=\"false\" data-template-id=\"false\">\n\t\t\t\t\t\t\t\t<div class=\"jet-toggle__label-text\">Italien<\/div>\t\t\t\t\t\t\t<\/div>\n\t\t\t\t\t\t\t<div id=\"jet-toggle-content-2384\" class=\"jet-toggle__content\" data-toggle=\"4\" role=\"region\" data-template-id=\"false\">\n\t\t\t\t\t\t\t\t<div class=\"jet-toggle__content-inner\"><ul><li><a href=\"https:\/\/expleo.com\/global\/en\/rd-projects-italy\/\" rel=\"noopener\">R&amp;D Projects<\/a><\/li><li><a href=\"https:\/\/expleo.com\/global\/en\/wp-content\/documents\/Codice%20Etico%20Expleo%202024.pdf\">Codice Etico Expleo Italia S.p.A.<\/a><\/li><li><a href=\"https:\/\/expleo.com\/global\/en\/wp-content\/documents\/Politica UNI PDR 125_2023.pdf\" data-wplink-url-error=\"true\">Politica UNI PDR 125 2023<\/a><\/li><li><a class=\"row-title\" href=\"https:\/\/expleo.com\/global\/en\/wp-content\/documents\/Expleo Italia - parit\u00e0 di genere.pdf\" aria-label=\"\u201cExpleo Italia \u2013 parit\u00e0 di genere\u201d (Edit)\" data-wplink-url-error=\"true\">Expleo Italia \u2013 parit\u00e0 di genere<\/a><\/li><li><a href=\"https:\/\/expleo.com\/global\/en\/wp-content\/documents\/Procedura Whistleblowing Expleo_rev.1.0.pdf\" data-wplink-url-error=\"true\">Procedura Whistleblowing Expleo<\/a><\/li><li><a href=\"https:\/\/expleo.com\/global\/en\/wp-content\/documents\/Whistleblowing_Comunicazione gestione segnalazioni_Zucchetti.pdf\" data-wplink-url-error=\"true\">Whistleblowing Comunicazione gestione segnalazioni Zucchetti<\/a><\/li><li><a href=\"https:\/\/expleo.com\/global\/en\/wp-content\/documents\/Codice Di Condotta Expleo.pdf\" data-wplink-url-error=\"true\">Codice di condotta di Expleo <\/a><\/li><li><a href=\"https:\/\/expleo.com\/global\/en\/wp-content\/documents\/Politica Ambiente e Sicurezza 2023.pdf\" data-wplink-url-error=\"true\">Politica Ambiente e Sicurezza<\/a><\/li><li><a href=\"https:\/\/expleo.com\/global\/en\/wp-content\/documents\/Politica UNI PDR 125 e SA8000_2024.pdf\" data-wplink-url-error=\"true\">Politica UNI PDR 125 e SA8000_2024<\/a><\/li><li><a href=\"https:\/\/expleo.com\/global\/en\/wp-content\/documents\/Politica SGI_ Rev.7 2024.pdf\" data-wplink-url-error=\"true\">Politica SGI_ Rev.7 2024<\/a><\/li><li><a href=\"https:\/\/expleo.com\/global\/en\/wp-content\/documents\/Modello Organizzativo 231 Expleo Italia.pdf\" data-wplink-url-error=\"true\">Modello di organizzazione, gestione e controllo<\/a><\/li><\/ul><\/div>\n\t\t\t\t\t\t\t<\/div>\n\t\t\t\t\t\t<\/div>\t\t\t<\/div>\n\t\t<\/div>\n\t\t\t\t\t\t<\/div>\n\t\t\t\t<\/div>\n\t\t\t\t\t<\/div>\n\t\t<\/div>\n\t\t\t\t<div class=\"elementor-column elementor-col-50 elementor-inner-column elementor-element elementor-element-b722aab\" data-id=\"b722aab\" data-element_type=\"column\" data-e-type=\"column\">\n\t\t\t<div class=\"elementor-widget-wrap elementor-element-populated\">\n\t\t\t\t\t\t<div class=\"elementor-element elementor-element-001310a gg-font-v8 gg-flip-accordion elementor-widget elementor-widget-jet-accordion\" data-id=\"001310a\" data-element_type=\"widget\" data-e-type=\"widget\" data-widget_type=\"jet-accordion.default\">\n\t\t\t\t<div class=\"elementor-widget-container\">\n\t\t\t\t\t\t\t\t\t<div class=\"jet-accordion\" data-settings=\"{&quot;collapsible&quot;:false,&quot;ajaxTemplate&quot;:false,&quot;switchScrolling&quot;:false,&quot;switchScrollingTablet&quot;:false,&quot;switchScrollingMobile&quot;:false,&quot;switchScrollingOffset&quot;:{&quot;size&quot;:0,&quot;unit&quot;:&quot;px&quot;},&quot;switchScrollingOffsetTablet&quot;:{&quot;size&quot;:0,&quot;unit&quot;:&quot;px&quot;},&quot;switchScrollingOffsetMobile&quot;:{&quot;size&quot;:0,&quot;unit&quot;:&quot;px&quot;},&quot;switchScrollingDelay&quot;:500,&quot;switchScrollingDelayTablet&quot;:500,&quot;switchScrollingDelayMobile&quot;:500}\">\n\t\t\t<div class=\"jet-accordion__inner\">\n\t\t\t\t<div class=\" jet-accordion__item jet-toggle jet-toggle-none-effect \">\n\t\t\t\t\t\t\t<div id=\"jet-toggle-control-7801\" class=\"jet-toggle__control elementor-menu-anchor\" data-toggle=\"1\" role=\"button\" tabindex=\"0\" aria-controls=\"jet-toggle-content-7801\" aria-expanded=\"false\" data-template-id=\"false\">\n\t\t\t\t\t\t\t\t<div class=\"jet-toggle__label-text\">Kanada<\/div>\t\t\t\t\t\t\t<\/div>\n\t\t\t\t\t\t\t<div id=\"jet-toggle-content-7801\" class=\"jet-toggle__content\" data-toggle=\"1\" role=\"region\" data-template-id=\"false\">\n\t\t\t\t\t\t\t\t<div class=\"jet-toggle__content-inner\"><p><a href=\"https:\/\/expleo.com\/wp-content\/uploads\/2021\/12\/pmc_certificat_20180328-20230327.pdf\" target=\"_blank\" rel=\"noopener\">Certified Controlled Goods Programme<\/a><\/p><\/div>\n\t\t\t\t\t\t\t<\/div>\n\t\t\t\t\t\t<\/div><div class=\" jet-accordion__item jet-toggle jet-toggle-none-effect \">\n\t\t\t\t\t\t\t<div id=\"jet-toggle-control-7802\" class=\"jet-toggle__control elementor-menu-anchor\" data-toggle=\"2\" role=\"button\" tabindex=\"0\" aria-controls=\"jet-toggle-content-7802\" aria-expanded=\"false\" data-template-id=\"false\">\n\t\t\t\t\t\t\t\t<div class=\"jet-toggle__label-text\">S\u00fcdafrika<\/div>\t\t\t\t\t\t\t<\/div>\n\t\t\t\t\t\t\t<div id=\"jet-toggle-content-7802\" class=\"jet-toggle__content\" data-toggle=\"2\" role=\"region\" data-template-id=\"false\">\n\t\t\t\t\t\t\t\t<div class=\"jet-toggle__content-inner\"><p><a href=\"https:\/\/expleo.com\/global\/en\/wp-content\/documents\/Expleo SA_PAIA_Manual_v0.4.pdf\" target=\"_blank\" rel=\"noopener\" data-wplink-url-error=\"true\">PAIA<\/a><\/p><\/div>\n\t\t\t\t\t\t\t<\/div>\n\t\t\t\t\t\t<\/div><div class=\" jet-accordion__item jet-toggle jet-toggle-none-effect \">\n\t\t\t\t\t\t\t<div id=\"jet-toggle-control-7803\" class=\"jet-toggle__control elementor-menu-anchor\" data-toggle=\"3\" role=\"button\" tabindex=\"0\" aria-controls=\"jet-toggle-content-7803\" aria-expanded=\"false\" data-template-id=\"false\">\n\t\t\t\t\t\t\t\t<div class=\"jet-toggle__label-text\">Vereinigtes K\u00f6nigreich<\/div>\t\t\t\t\t\t\t<\/div>\n\t\t\t\t\t\t\t<div id=\"jet-toggle-content-7803\" class=\"jet-toggle__content\" data-toggle=\"3\" role=\"region\" data-template-id=\"false\">\n\t\t\t\t\t\t\t\t<div class=\"jet-toggle__content-inner\"><ul><li><a href=\"https:\/\/expleo.com\/global\/en\/wp-content\/documents\/Modern Slavery and Human Trafficking Statement 2025.pdf\" data-wplink-url-error=\"true\">Modern Slavery and Human Trafficking Statement<\/a><\/li><li><a href=\"https:\/\/expleo.com\/global\/en\/wp-content\/documents\/Expleo-group-uk-tax-strategy_2024.pdf\" target=\"_blank\" rel=\"noopener\">UK Tax Strategy<\/a><\/li><li><a href=\"https:\/\/expleo.com\/global\/en\/gender-pay-gap-uk\/\" rel=\"noopener\">Gender Pay Gap<\/a><\/li><li><a href=\"https:\/\/expleo.com\/global\/en\/wp-content\/documents\/Expleo-Carbon-Reduction-Plan-2025.pdf\" target=\"_blank\" rel=\"noopener\">Expleo Carbon Reduction Plan<\/a><\/li><\/ul><\/div>\n\t\t\t\t\t\t\t<\/div>\n\t\t\t\t\t\t<\/div>\t\t\t<\/div>\n\t\t<\/div>\n\t\t\t\t\t\t<\/div>\n\t\t\t\t<\/div>\n\t\t\t\t\t<\/div>\n\t\t<\/div>\n\t\t\t\t\t<\/div>\n\t\t<\/section>\n\t\t\t\t\t<\/div>\n\t\t<\/div>\n\t\t\t\t\t<\/div>\n\t\t<\/section>\n\t\t\t\t<\/div>\n\t\t","protected":false},"excerpt":{"rendered":"<p>Allgemeine Gesch\u00e4ftsbedingungen Deutschland Allgemeine Einkaufsbedingungen der Expleo Germany GmbH Allgemeine Einkaufsbedingungen der Expleo Technology Germany GmbH Purchasing Conditions Expleo Technology Germany GmbH Purchasing Conditions Expleo Germany GmbH General Terms and Conditions for Services of Expleo Germany GmbH License and Support Conditions Indien ETIPL Creditors Meeting EEIPL Creditors Meeting SSDCPL Creditors Meeting Irland Gender Pay Gap [&hellip;]<\/p>\n","protected":false},"author":60,"featured_media":0,"parent":0,"menu_order":0,"comment_status":"closed","ping_status":"closed","template":"","meta":{"_oasis_is_in_workflow":0,"_oasis_original":0,"_oasis_task_priority":"","footnotes":""},"class_list":["post-25830","page","type-page","status-publish","hentry"],"yoast_head":"<!-- This site is optimized with the Yoast SEO Premium plugin v27.3 (Yoast SEO v27.4) - https:\/\/yoast.com\/product\/yoast-seo-premium-wordpress\/ -->\n<title>Expleo | Allgemeine Gesch\u00e4ftsbedingungen<\/title>\n<meta name=\"description\" content=\"Informieren Sie sich \u00fcber die Allgemeinen Gesch\u00e4ftsbedingungen (AGB) und die Nutzungsbedingungen der Expleo Recruiting-Website.\" \/>\n<meta name=\"robots\" content=\"index, follow, max-snippet:-1, max-image-preview:large, max-video-preview:-1\" \/>\n<link rel=\"canonical\" href=\"https:\/\/careers.expleo.com\/de\/allgemeine-geschaeftsbedingungen\/\" \/>\n<meta property=\"og:locale\" content=\"de_DE\" \/>\n<meta property=\"og:type\" content=\"article\" \/>\n<meta property=\"og:title\" content=\"Allgemeine Gesch\u00e4ftsbedingungen\" \/>\n<meta property=\"og:description\" content=\"Informieren Sie sich \u00fcber die Allgemeinen Gesch\u00e4ftsbedingungen (AGB) und die Nutzungsbedingungen der Expleo Recruiting-Website.\" \/>\n<meta property=\"og:url\" content=\"https:\/\/careers.expleo.com\/de\/allgemeine-geschaeftsbedingungen\/\" \/>\n<meta property=\"og:site_name\" content=\"DE\" \/>\n<meta property=\"article:modified_time\" content=\"2026-01-30T14:22:54+00:00\" \/>\n<meta name=\"twitter:card\" content=\"summary_large_image\" \/>\n<meta name=\"twitter:label1\" content=\"Est. reading time\" \/>\n\t<meta name=\"twitter:data1\" content=\"1 minute\" \/>\n<script type=\"application\/ld+json\" class=\"yoast-schema-graph\">{\"@context\":\"https:\\\/\\\/schema.org\",\"@graph\":[{\"@type\":\"WebPage\",\"@id\":\"https:\\\/\\\/careers.expleo.com\\\/de\\\/allgemeine-geschaeftsbedingungen\\\/\",\"url\":\"https:\\\/\\\/careers.expleo.com\\\/de\\\/allgemeine-geschaeftsbedingungen\\\/\",\"name\":\"Expleo | Allgemeine Gesch\u00e4ftsbedingungen\",\"isPartOf\":{\"@id\":\"https:\\\/\\\/careers.expleo.com\\\/de\\\/#website\"},\"datePublished\":\"2024-02-08T04:58:24+00:00\",\"dateModified\":\"2026-01-30T14:22:54+00:00\",\"description\":\"Informieren Sie sich \u00fcber die Allgemeinen Gesch\u00e4ftsbedingungen (AGB) und die Nutzungsbedingungen der Expleo Recruiting-Website.\",\"breadcrumb\":{\"@id\":\"https:\\\/\\\/careers.expleo.com\\\/de\\\/allgemeine-geschaeftsbedingungen\\\/#breadcrumb\"},\"inLanguage\":\"de-DE\",\"potentialAction\":[{\"@type\":\"ReadAction\",\"target\":[\"https:\\\/\\\/careers.expleo.com\\\/de\\\/allgemeine-geschaeftsbedingungen\\\/\"]}]},{\"@type\":\"BreadcrumbList\",\"@id\":\"https:\\\/\\\/careers.expleo.com\\\/de\\\/allgemeine-geschaeftsbedingungen\\\/#breadcrumb\",\"itemListElement\":[{\"@type\":\"ListItem\",\"position\":1,\"name\":\"Home\",\"item\":\"https:\\\/\\\/careers.expleo.com\\\/de\\\/\"},{\"@type\":\"ListItem\",\"position\":2,\"name\":\"Allgemeine Gesch\u00e4ftsbedingungen\"}]},{\"@type\":\"WebSite\",\"@id\":\"https:\\\/\\\/careers.expleo.com\\\/de\\\/#website\",\"url\":\"https:\\\/\\\/careers.expleo.com\\\/de\\\/\",\"name\":\"EXPLEO | DE\",\"description\":\"Expleo\",\"publisher\":{\"@id\":\"https:\\\/\\\/careers.expleo.com\\\/de\\\/#organization\"},\"potentialAction\":[{\"@type\":\"SearchAction\",\"target\":{\"@type\":\"EntryPoint\",\"urlTemplate\":\"https:\\\/\\\/careers.expleo.com\\\/de\\\/?s={search_term_string}\"},\"query-input\":{\"@type\":\"PropertyValueSpecification\",\"valueRequired\":true,\"valueName\":\"search_term_string\"}}],\"inLanguage\":\"de-DE\"},{\"@type\":\"Organization\",\"@id\":\"https:\\\/\\\/careers.expleo.com\\\/de\\\/#organization\",\"name\":\"EXPLEO | DE\",\"url\":\"https:\\\/\\\/careers.expleo.com\\\/de\\\/\",\"logo\":{\"@type\":\"ImageObject\",\"inLanguage\":\"de-DE\",\"@id\":\"https:\\\/\\\/careers.expleo.com\\\/de\\\/#\\\/schema\\\/logo\\\/image\\\/\",\"url\":\"https:\\\/\\\/careers.expleo.com\\\/de\\\/wp-content\\\/uploads\\\/2021\\\/10\\\/layer-9-1.svg\",\"contentUrl\":\"https:\\\/\\\/careers.expleo.com\\\/de\\\/wp-content\\\/uploads\\\/2021\\\/10\\\/layer-9-1.svg\",\"width\":41,\"height\":40,\"caption\":\"EXPLEO | DE\"},\"image\":{\"@id\":\"https:\\\/\\\/careers.expleo.com\\\/de\\\/#\\\/schema\\\/logo\\\/image\\\/\"}}]}<\/script>\n<!-- \/ Yoast SEO Premium plugin. -->","yoast_head_json":{"title":"Expleo | Allgemeine Gesch\u00e4ftsbedingungen","description":"Informieren Sie sich \u00fcber die Allgemeinen Gesch\u00e4ftsbedingungen (AGB) und die Nutzungsbedingungen der Expleo Recruiting-Website.","robots":{"index":"index","follow":"follow","max-snippet":"max-snippet:-1","max-image-preview":"max-image-preview:large","max-video-preview":"max-video-preview:-1"},"canonical":"https:\/\/careers.expleo.com\/de\/allgemeine-geschaeftsbedingungen\/","og_locale":"de_DE","og_type":"article","og_title":"Allgemeine Gesch\u00e4ftsbedingungen","og_description":"Informieren Sie sich \u00fcber die Allgemeinen Gesch\u00e4ftsbedingungen (AGB) und die Nutzungsbedingungen der Expleo Recruiting-Website.","og_url":"https:\/\/careers.expleo.com\/de\/allgemeine-geschaeftsbedingungen\/","og_site_name":"DE","article_modified_time":"2026-01-30T14:22:54+00:00","twitter_card":"summary_large_image","twitter_misc":{"Est. reading time":"1 minute"},"schema":{"@context":"https:\/\/schema.org","@graph":[{"@type":"WebPage","@id":"https:\/\/careers.expleo.com\/de\/allgemeine-geschaeftsbedingungen\/","url":"https:\/\/careers.expleo.com\/de\/allgemeine-geschaeftsbedingungen\/","name":"Expleo | Allgemeine Gesch\u00e4ftsbedingungen","isPartOf":{"@id":"https:\/\/careers.expleo.com\/de\/#website"},"datePublished":"2024-02-08T04:58:24+00:00","dateModified":"2026-01-30T14:22:54+00:00","description":"Informieren Sie sich \u00fcber die Allgemeinen Gesch\u00e4ftsbedingungen (AGB) und die Nutzungsbedingungen der Expleo Recruiting-Website.","breadcrumb":{"@id":"https:\/\/careers.expleo.com\/de\/allgemeine-geschaeftsbedingungen\/#breadcrumb"},"inLanguage":"de-DE","potentialAction":[{"@type":"ReadAction","target":["https:\/\/careers.expleo.com\/de\/allgemeine-geschaeftsbedingungen\/"]}]},{"@type":"BreadcrumbList","@id":"https:\/\/careers.expleo.com\/de\/allgemeine-geschaeftsbedingungen\/#breadcrumb","itemListElement":[{"@type":"ListItem","position":1,"name":"Home","item":"https:\/\/careers.expleo.com\/de\/"},{"@type":"ListItem","position":2,"name":"Allgemeine Gesch\u00e4ftsbedingungen"}]},{"@type":"WebSite","@id":"https:\/\/careers.expleo.com\/de\/#website","url":"https:\/\/careers.expleo.com\/de\/","name":"EXPLEO | DE","description":"Expleo","publisher":{"@id":"https:\/\/careers.expleo.com\/de\/#organization"},"potentialAction":[{"@type":"SearchAction","target":{"@type":"EntryPoint","urlTemplate":"https:\/\/careers.expleo.com\/de\/?s={search_term_string}"},"query-input":{"@type":"PropertyValueSpecification","valueRequired":true,"valueName":"search_term_string"}}],"inLanguage":"de-DE"},{"@type":"Organization","@id":"https:\/\/careers.expleo.com\/de\/#organization","name":"EXPLEO | DE","url":"https:\/\/careers.expleo.com\/de\/","logo":{"@type":"ImageObject","inLanguage":"de-DE","@id":"https:\/\/careers.expleo.com\/de\/#\/schema\/logo\/image\/","url":"https:\/\/careers.expleo.com\/de\/wp-content\/uploads\/2021\/10\/layer-9-1.svg","contentUrl":"https:\/\/careers.expleo.com\/de\/wp-content\/uploads\/2021\/10\/layer-9-1.svg","width":41,"height":40,"caption":"EXPLEO | DE"},"image":{"@id":"https:\/\/careers.expleo.com\/de\/#\/schema\/logo\/image\/"}}]}},"hreflang":{"rendered":"<link rel=\"alternate\" href=\"https:\/\/careers.expleo.com\/en\/legal-documentation\/\" hreflang=\"x-default\"\/>\n<link rel=\"alternate\" href=\"https:\/\/careers.expleo.com\/en\/legal-documentation\/\" hreflang=\"en\"\/>\n<link rel=\"alternate\" href=\"https:\/\/careers.expleo.com\/fr\/documents-juridiques\/\" hreflang=\"fr\"\/>\n<link rel=\"alternate\" href=\"https:\/\/careers.expleo.com\/de\/allgemeine-geschaeftsbedingungen\/\" hreflang=\"de\"\/>\n","structure":[{"blogId":4,"blogIsHidden":false,"postId":52887,"url":"https:\/\/careers.expleo.com\/en\/legal-documentation\/","language":"en","default":true},{"blogId":5,"blogIsHidden":false,"postId":28823,"url":"https:\/\/careers.expleo.com\/fr\/documents-juridiques\/","language":"fr","default":false},{"blogId":6,"blogIsHidden":false,"postId":25830,"url":"https:\/\/careers.expleo.com\/de\/allgemeine-geschaeftsbedingungen\/","language":"de","default":false}]},"_links":{"self":[{"href":"https:\/\/careers.expleo.com\/de\/wp-json\/wp\/v2\/pages\/25830","targetHints":{"allow":["GET"]}}],"collection":[{"href":"https:\/\/careers.expleo.com\/de\/wp-json\/wp\/v2\/pages"}],"about":[{"href":"https:\/\/careers.expleo.com\/de\/wp-json\/wp\/v2\/types\/page"}],"author":[{"embeddable":true,"href":"https:\/\/careers.expleo.com\/de\/wp-json\/wp\/v2\/users\/60"}],"replies":[{"embeddable":true,"href":"https:\/\/careers.expleo.com\/de\/wp-json\/wp\/v2\/comments?post=25830"}],"version-history":[{"count":5,"href":"https:\/\/careers.expleo.com\/de\/wp-json\/wp\/v2\/pages\/25830\/revisions"}],"predecessor-version":[{"id":28479,"href":"https:\/\/careers.expleo.com\/de\/wp-json\/wp\/v2\/pages\/25830\/revisions\/28479"}],"wp:attachment":[{"href":"https:\/\/careers.expleo.com\/de\/wp-json\/wp\/v2\/media?parent=25830"}],"curies":[{"name":"wp","href":"https:\/\/api.w.org\/{rel}","templated":true}]}}