{"id":12550,"date":"2022-01-12T12:32:27","date_gmt":"2022-01-12T12:32:27","guid":{"rendered":"https:\/\/careers.expleo.com\/global\/en\/?page_id=18014"},"modified":"2026-03-30T07:47:14","modified_gmt":"2026-03-30T07:47:14","slug":"kontakt-stellensuche","status":"publish","type":"page","link":"https:\/\/careers.expleo.com\/de\/kontakt-stellensuche\/","title":{"rendered":"Kontaktiere uns f\u00fcr deine Stellensuche"},"content":{"rendered":"\t\t<div data-elementor-type=\"wp-page\" data-elementor-id=\"12550\" class=\"elementor elementor-12550\" data-elementor-post-type=\"page\">\n\t\t\t\t\t\t<section class=\"elementor-section elementor-top-section elementor-element elementor-element-4e1f6b3 gg-banner-animation-rtl gg-standard-banner gg-container-small-pb-144 elementor-section-boxed elementor-section-height-default elementor-section-height-default\" data-id=\"4e1f6b3\" data-element_type=\"section\" data-e-type=\"section\" data-settings=\"{&quot;background_background&quot;:&quot;classic&quot;}\">\n\t\t\t\t\t\t\t<div class=\"elementor-background-overlay\"><\/div>\n\t\t\t\t\t\t\t<div class=\"elementor-container elementor-column-gap-no\">\n\t\t\t\t\t<div class=\"elementor-column elementor-col-100 elementor-top-column elementor-element elementor-element-835fca8\" data-id=\"835fca8\" data-element_type=\"column\" data-e-type=\"column\">\n\t\t\t<div class=\"elementor-widget-wrap elementor-element-populated\">\n\t\t\t\t\t\t<div class=\"elementor-element elementor-element-c2397e1 elementor-widget elementor-widget-template\" data-id=\"c2397e1\" data-element_type=\"widget\" data-e-type=\"widget\" data-widget_type=\"template.default\">\n\t\t\t\t<div class=\"elementor-widget-container\">\n\t\t\t\t\t\t\t<div class=\"elementor-template\">\n\t\t\t\t\t<div data-elementor-type=\"section\" data-elementor-id=\"2357\" class=\"elementor elementor-2357\" data-elementor-post-type=\"elementor_library\">\n\t\t\t\t\t<section class=\"elementor-section elementor-top-section elementor-element elementor-element-32d90ec6 gg-font-v11 gg-breadcrumbs gg-breadcrumbs-page elementor-section-full_width elementor-hidden-mobile elementor-section-height-default elementor-section-height-default\" data-id=\"32d90ec6\" data-element_type=\"section\" data-e-type=\"section\">\n\t\t\t\t\t\t<div class=\"elementor-container elementor-column-gap-no\">\n\t\t\t\t\t<div class=\"elementor-column elementor-col-100 elementor-top-column elementor-element elementor-element-b0f6d34 gg-breadcrumbs-column\" data-id=\"b0f6d34\" data-element_type=\"column\" data-e-type=\"column\">\n\t\t\t<div class=\"elementor-widget-wrap elementor-element-populated\">\n\t\t\t\t\t\t<div class=\"elementor-element elementor-element-425d9abe elementor-widget elementor-widget-breadcrumbs\" data-id=\"425d9abe\" data-element_type=\"widget\" data-e-type=\"widget\" data-switcher=\"false\" data-widget_type=\"breadcrumbs.default\">\n\t\t\t\t<div class=\"elementor-widget-container\">\n\t\t\t\t\t<p id=\"breadcrumbs\"><span><span><a href=\"https:\/\/careers.expleo.com\/de\/\">Home<\/a><\/span><\/span><\/p>\t\t\t\t<\/div>\n\t\t\t\t<\/div>\n\t\t\t\t\t<\/div>\n\t\t<\/div>\n\t\t\t\t\t<\/div>\n\t\t<\/section>\n\t\t\t\t<\/div>\n\t\t\t\t<\/div>\n\t\t\t\t\t\t<\/div>\n\t\t\t\t<\/div>\n\t\t\t\t<div class=\"elementor-element elementor-element-ffab3f7 elementor-widget elementor-widget-gravity-advanced-cta\" data-id=\"ffab3f7\" data-element_type=\"widget\" data-e-type=\"widget\" data-widget_type=\"gravity-advanced-cta.default\">\n\t\t\t\t<div class=\"elementor-widget-container\">\n\t\t\t\t\t        <div class=\"gg-advanced-cta\">\r\n            \r\n        <p class=\"gg-advanced-cta__heading gg-tagline-heading-left \">\r\n        <strong>        KARRIERE        <\/strong>        <\/p>\r\n        \r\n        <h1 class=\"gg-advanced-cta__subheading gg-font-v1 \">\r\n                <span>Kontaktiere uns f\u00fcr deine Stellensuche<\/span>                <\/h1>\r\n                <div class=\"gg-advanced-cta__description gg-font-v9\">\r\n            <span><p>Um Informationen \u00fcber interessante Jobangebote zu erhalten, f\u00fclle bitte das untenstehende Formular aus und f\u00fcge deinen Lebenslauf bei. Wenn du das gesuchte Land in der folgenden Liste nicht siehst, kehre zur <a class=\"sc-1ko78hw-0 fiVZLH\" title=\"\/de\/\" href=\"\/de\/\" data-renderer-mark=\"true\">Homepage<\/a> zur\u00fcck und w\u00e4hle das entsprechende Land aus.<\/p><\/span>        <\/div>\r\n                <\/div>\r\n\r\n        \t\t\t\t<\/div>\n\t\t\t\t<\/div>\n\t\t\t\t<div class=\"elementor-element elementor-element-94fe0f5 gg-outside-left-element elementor-widget elementor-widget-heading\" data-id=\"94fe0f5\" data-element_type=\"widget\" data-e-type=\"widget\" data-widget_type=\"heading.default\">\n\t\t\t\t<div class=\"elementor-widget-container\">\n\t\t\t\t\t<div class=\"elementor-heading-title elementor-size-default\">Scroll<\/div>\t\t\t\t<\/div>\n\t\t\t\t<\/div>\n\t\t\t\t\t<\/div>\n\t\t<\/div>\n\t\t\t\t\t<\/div>\n\t\t<\/section>\n\t\t\t\t<section class=\"elementor-section elementor-top-section elementor-element elementor-element-16112ca3 gg-container-small-ptb-96 gg-expleo-form gg-contact-us-careers elementor-section-boxed elementor-section-height-default elementor-section-height-default\" data-id=\"16112ca3\" data-element_type=\"section\" data-e-type=\"section\">\n\t\t\t\t\t\t<div class=\"elementor-container elementor-column-gap-no\">\n\t\t\t\t\t<div class=\"elementor-column elementor-col-100 elementor-top-column elementor-element elementor-element-674807a3 contact-form-column\" data-id=\"674807a3\" data-element_type=\"column\" data-e-type=\"column\">\n\t\t\t<div class=\"elementor-widget-wrap elementor-element-populated\">\n\t\t\t\t\t\t<div class=\"elementor-element elementor-element-25d6c103 elementor-button-align-start gg-button-v4 elementor-widget elementor-widget-form\" data-id=\"25d6c103\" data-element_type=\"widget\" data-e-type=\"widget\" data-settings=\"{&quot;step_next_label&quot;:&quot;Next&quot;,&quot;step_previous_label&quot;:&quot;Previous&quot;,&quot;button_width&quot;:&quot;100&quot;,&quot;step_type&quot;:&quot;number_text&quot;,&quot;step_icon_shape&quot;:&quot;circle&quot;}\" data-widget_type=\"form.default\">\n\t\t\t\t<div class=\"elementor-widget-container\">\n\t\t\t\t\t\t\t<form class=\"elementor-form\" method=\"post\" name=\"Lets talk CAREERS\" aria-label=\"Lets talk CAREERS\">\n\t\t\t<input type=\"hidden\" name=\"post_id\" value=\"12550\"\/>\n\t\t\t<input type=\"hidden\" name=\"form_id\" value=\"25d6c103\"\/>\n\t\t\t<input type=\"hidden\" name=\"referer_title\" value=\"DE\" \/>\n\n\t\t\t\n\t\t\t<div class=\"elementor-form-fields-wrapper elementor-labels-above\">\n\t\t\t\t\t\t\t\t<div class=\"elementor-field-type-text elementor-field-group elementor-column elementor-field-group-first_name elementor-col-100 elementor-field-required\">\n\t\t\t\t\t\t\t\t\t\t\t\t<label for=\"form-field-first_name\" class=\"elementor-field-label\">\n\t\t\t\t\t\t\t\tVorname\t\t\t\t\t\t\t<\/label>\n\t\t\t\t\t\t\t\t\t\t\t\t\t\t<input size=\"1\" type=\"text\" name=\"form_fields[first_name]\" id=\"form-field-first_name\" class=\"elementor-field elementor-size-sm  elementor-field-textual\" placeholder=\"Vorname*\" required=\"required\">\n\t\t\t\t\t\t\t\t\t\t\t<\/div>\n\t\t\t\t\t\t\t\t<div class=\"elementor-field-type-text elementor-field-group elementor-column elementor-field-group-surname elementor-col-100 elementor-field-required\">\n\t\t\t\t\t\t\t\t\t\t\t\t<label for=\"form-field-surname\" class=\"elementor-field-label\">\n\t\t\t\t\t\t\t\tName\t\t\t\t\t\t\t<\/label>\n\t\t\t\t\t\t\t\t\t\t\t\t\t\t<input size=\"1\" type=\"text\" name=\"form_fields[surname]\" id=\"form-field-surname\" class=\"elementor-field elementor-size-sm  elementor-field-textual\" placeholder=\"Name*\" required=\"required\">\n\t\t\t\t\t\t\t\t\t\t\t<\/div>\n\t\t\t\t\t\t\t\t<div class=\"elementor-field-type-tel elementor-field-group elementor-column elementor-field-group-phone elementor-col-100 elementor-field-required\">\n\t\t\t\t\t\t\t\t\t\t\t\t<label for=\"form-field-phone\" class=\"elementor-field-label\">\n\t\t\t\t\t\t\t\tTelefon\t\t\t\t\t\t\t<\/label>\n\t\t\t\t\t\t\t\t<input size=\"1\" type=\"tel\" name=\"form_fields[phone]\" id=\"form-field-phone\" class=\"elementor-field elementor-size-sm  elementor-field-textual\" placeholder=\"Telefon*\" required=\"required\" pattern=\"[0-9()#&amp;+*-=.]+\" title=\"Only numbers and phone characters (#, -, *, etc) are accepted.\">\n\n\t\t\t\t\t\t<\/div>\n\t\t\t\t\t\t\t\t<div class=\"elementor-field-type-email elementor-field-group elementor-column elementor-field-group-email elementor-col-100 elementor-field-required\">\n\t\t\t\t\t\t\t\t\t\t\t\t<label for=\"form-field-email\" class=\"elementor-field-label\">\n\t\t\t\t\t\t\t\tE-Mail\t\t\t\t\t\t\t<\/label>\n\t\t\t\t\t\t\t\t\t\t\t\t\t\t<input size=\"1\" type=\"email\" name=\"form_fields[email]\" id=\"form-field-email\" class=\"elementor-field elementor-size-sm  elementor-field-textual\" placeholder=\"E-Mail*\" required=\"required\">\n\t\t\t\t\t\t\t\t\t\t\t<\/div>\n\t\t\t\t\t\t\t\t<div class=\"elementor-field-type-select elementor-field-group elementor-column elementor-field-group-country elementor-col-100 elementor-field-required\">\n\t\t\t\t\t\t\t\t\t\t\t\t<label for=\"form-field-country\" class=\"elementor-field-label\">\n\t\t\t\t\t\t\t\tLand*\t\t\t\t\t\t\t<\/label>\n\t\t\t\t\t\t\t\t<div class=\"elementor-field elementor-select-wrapper remove-before \">\n\t\t\t<div class=\"select-caret-down-wrapper\">\n\t\t\t\t<i aria-hidden=\"true\" class=\"eicon-caret-down\"><\/i>\t\t\t<\/div>\n\t\t\t<select name=\"form_fields[country]\" id=\"form-field-country\" class=\"elementor-field-textual elementor-size-sm\" required=\"required\">\n\t\t\t\t\t\t\t\t\t<option value=\"Land*\">Land*<\/option>\n\t\t\t\t\t\t\t\t\t<option value=\"careers_australia@expleogroup.com\">Australia<\/option>\n\t\t\t\t\t\t\t\t\t<option value=\"careers_china@expleogroup.com\">China<\/option>\n\t\t\t\t\t\t\t\t\t<option value=\"careers_finland@expleogroup.com\">Finland<\/option>\n\t\t\t\t\t\t\t\t\t<option value=\"careers_italy@expleogroup.com\">Italien<\/option>\n\t\t\t\t\t\t\t\t\t<option value=\"careers_malaysia@expleogroup.com\">Malaysia<\/option>\n\t\t\t\t\t\t\t\t\t<option value=\"careers_mexico@expleogroup.com\">Mexico<\/option>\n\t\t\t\t\t\t\t\t\t<option value=\"careers_singapore@expleogroup.com\">Singapur<\/option>\n\t\t\t\t\t\t\t\t\t<option value=\"\"><\/option>\n\t\t\t\t\t\t\t<\/select>\n\t\t<\/div>\n\t\t\t\t\t\t<\/div>\n\t\t\t\t\t\t\t\t<div class=\"elementor-field-type-select elementor-field-group elementor-column elementor-field-group-reasons elementor-col-100 elementor-field-required\">\n\t\t\t\t\t\t\t\t\t\t\t\t<label for=\"form-field-reasons\" class=\"elementor-field-label\">\n\t\t\t\t\t\t\t\tDrop down top level reasons\t\t\t\t\t\t\t<\/label>\n\t\t\t\t\t\t\t\t<div class=\"elementor-field elementor-select-wrapper remove-before \">\n\t\t\t<div class=\"select-caret-down-wrapper\">\n\t\t\t\t<i aria-hidden=\"true\" class=\"eicon-caret-down\"><\/i>\t\t\t<\/div>\n\t\t\t<select name=\"form_fields[reasons]\" id=\"form-field-reasons\" class=\"elementor-field-textual elementor-size-sm\" required=\"required\">\n\t\t\t\t\t\t\t\t\t<option value=\"Grund der Kontaktaufnahme:*\">Grund der Kontaktaufnahme:*<\/option>\n\t\t\t\t\t\t\t\t\t<option value=\"Ich w\u00fcrde gerne f\u00fcr Expleo arbeiten\">Ich w\u00fcrde gerne f\u00fcr Expleo arbeiten<\/option>\n\t\t\t\t\t\t\t\t\t<option value=\"Ich m\u00f6chte den Einstellungsprozess verstehen\">Ich m\u00f6chte den Einstellungsprozess verstehen<\/option>\n\t\t\t\t\t\t\t\t\t<option value=\"Ich m\u00f6chte jemanden an Expleo verweisen\">Ich m\u00f6chte jemanden an Expleo verweisen<\/option>\n\t\t\t\t\t\t\t\t\t<option value=\"Ich w\u00fcrde gerne Dienstleistungen f\u00fcr Expleo anbieten\">Ich w\u00fcrde gerne Dienstleistungen f\u00fcr Expleo anbieten<\/option>\n\t\t\t\t\t\t\t\t\t<option value=\"Anderer Grund (bitte unten angeben)\">Anderer Grund (bitte unten angeben)<\/option>\n\t\t\t\t\t\t\t<\/select>\n\t\t<\/div>\n\t\t\t\t\t\t<\/div>\n\t\t\t\t\t\t\t\t<div class=\"elementor-field-type-url elementor-field-group elementor-column elementor-field-group-link elementor-col-100\">\n\t\t\t\t\t\t\t\t\t\t\t\t<label for=\"form-field-link\" class=\"elementor-field-label\">\n\t\t\t\t\t\t\t\tLink zu Ihrem Online-Profil\t\t\t\t\t\t\t<\/label>\n\t\t\t\t\t\t\t\t\t\t\t\t\t\t<input size=\"1\" type=\"url\" name=\"form_fields[link]\" id=\"form-field-link\" class=\"elementor-field elementor-size-sm  elementor-field-textual\" placeholder=\"Link zu deinem Online-Profil\">\n\t\t\t\t\t\t\t\t\t\t\t<\/div>\n\t\t\t\t\t\t\t\t<div class=\"elementor-field-type-upload elementor-field-group elementor-column elementor-field-group-file elementor-col-100 elementor-field-required\">\n\t\t\t\t\t\t\t\t\t\t\t\t<label for=\"form-field-file\" class=\"elementor-field-label\">\n\t\t\t\t\t\t\t\tLebenslauf\/Dokumente <span>hochladen<\/span>*\t\t\t\t\t\t\t<\/label>\n\t\t\t\t\t\t\t\t<input type=\"file\" name=\"form_fields[file][]\" id=\"form-field-file\" class=\"elementor-field elementor-size-sm  elementor-upload-field\" required=\"required\" multiple=\"multiple\" data-maxsize=\"5\" data-maxsize-message=\"This file exceeds the maximum allowed size.\">\n\n\t\t\t\t\t\t<\/div>\n\t\t\t\t\t\t\t\t<div class=\"elementor-field-type-html elementor-field-group elementor-column elementor-field-group-field_6d6c32f elementor-col-100\">\n\t\t\t\t\t<div class=\"gg-files-output\"><\/div>\t\t\t\t<\/div>\n\t\t\t\t\t\t\t\t<div class=\"elementor-field-type-textarea elementor-field-group elementor-column elementor-field-group-message elementor-col-100\">\n\t\t\t\t\t\t\t\t\t\t\t\t<label for=\"form-field-message\" class=\"elementor-field-label\">\n\t\t\t\t\t\t\t\tDeine Nachricht\t\t\t\t\t\t\t<\/label>\n\t\t\t\t\t\t<textarea class=\"elementor-field-textual elementor-field  elementor-size-sm\" name=\"form_fields[message]\" id=\"form-field-message\" rows=\"3\" placeholder=\"Deine Nachricht\"><\/textarea>\t\t\t\t<\/div>\n\t\t\t\t\t\t\t\t<div class=\"elementor-field-type-text elementor-field-group elementor-column elementor-field-group-field_gg_req elementor-col-100\">\n\t\t\t\t\t\t\t\t\t\t\t\t<label for=\"form-field-field_gg_req\" class=\"elementor-field-label\">\n\t\t\t\t\t\t\t\t* = Erforderliche angaben\t\t\t\t\t\t\t<\/label>\n\t\t\t\t\t\t\t\t\t\t\t\t\t\t<input size=\"1\" type=\"text\" name=\"form_fields[field_gg_req]\" id=\"form-field-field_gg_req\" class=\"elementor-field elementor-size-sm  elementor-field-textual\">\n\t\t\t\t\t\t\t\t\t\t\t<\/div>\n\t\t\t\t\t\t\t\t<div class=\"elementor-field-type-recaptcha_v3 elementor-field-group elementor-column elementor-field-group-recaptcha elementor-col-100 recaptcha_v3-inline\">\n\t\t\t\t\t<div class=\"elementor-field\" id=\"form-field-recaptcha\"><div class=\"elementor-g-recaptcha\" data-sitekey=\"6LcoTCkdAAAAAPXnkuxY7WbPscoClTtSh-SyXLi_\" data-type=\"v3\" data-action=\"Form\" data-badge=\"inline\" data-size=\"invisible\"><\/div><\/div>\t\t\t\t<\/div>\n\t\t\t\t\t\t\t\t<div class=\"elementor-field-type-acceptance elementor-field-group elementor-column elementor-field-group-marketing_subscription elementor-col-100\">\n\t\t\t\t\t\t\t\t\t\t\t\t<label for=\"form-field-marketing_subscription\" class=\"elementor-field-label\">\n\t\t\t\t\t\t\t\tMarketing email Subscription Opt in\t\t\t\t\t\t\t<\/label>\n\t\t\t\t\t\t\t\t<div class=\"elementor-field-subgroup\">\n\t\t\t<span class=\"elementor-field-option\">\n\t\t\t\t<input type=\"checkbox\" name=\"form_fields[marketing_subscription]\" id=\"form-field-marketing_subscription\" class=\"elementor-field elementor-size-sm  elementor-acceptance-field\">\n\t\t\t\t<label for=\"form-field-marketing_subscription\">Um relevante Informationen von Expleo per E-Mail zu erhalten, stimme ich der kommerziellen Verarbeitung meiner Daten zu.<\/label>\t\t\t<\/span>\n\t\t<\/div>\n\t\t\t\t\t\t<\/div>\n\t\t\t\t\t\t\t\t<div class=\"elementor-field-type-acceptance elementor-field-group elementor-column elementor-field-group-gdpr_opt elementor-col-100 elementor-field-required\">\n\t\t\t\t\t\t\t\t\t\t\t\t<label for=\"form-field-gdpr_opt\" class=\"elementor-field-label\">\n\t\t\t\t\t\t\t\tGDPR Opt In\t\t\t\t\t\t\t<\/label>\n\t\t\t\t\t\t\t\t<div class=\"elementor-field-subgroup\">\n\t\t\t<span class=\"elementor-field-option\">\n\t\t\t\t<input type=\"checkbox\" name=\"form_fields[gdpr_opt]\" id=\"form-field-gdpr_opt\" class=\"elementor-field elementor-size-sm  elementor-acceptance-field\" required=\"required\">\n\t\t\t\t<label for=\"form-field-gdpr_opt\">Ich akzeptiere die <a   href=\"https:\/\/careers.expleo.com\/de\/recruitment-privacy-policy\/\" data-href=\"recruitment-privacy-policy\">Datenschutzrichtlinie f\u00fcr Personalbeschaffung<\/a>>.*<br>Du kannst deine Zustimmung jederzeit widerrufen, indem du uns \u00fcber die bekannten Kommunikationskan\u00e4le kontaktierst. Mehr Informationen findest du <a target=\"_blank\" href=\"https:\/\/expleo.com\/global\/de\/nutzungsbestimmungen\/\"> hier<\/a>.<\/label>\t\t\t<\/span>\n\t\t<\/div>\n\t\t\t\t\t\t<\/div>\n\t\t\t\t\t\t\t\t<div class=\"elementor-field-group elementor-column elementor-field-type-submit elementor-col-100 e-form__buttons\">\n\t\t\t\t\t<button class=\"elementor-button elementor-size-sm\" type=\"submit\">\n\t\t\t\t\t\t<span class=\"elementor-button-content-wrapper\">\n\t\t\t\t\t\t\t\t\t\t\t\t\t\t\t\t\t\t\t\t\t\t<span class=\"elementor-button-text\">senden<\/span>\n\t\t\t\t\t\t\t\t\t\t\t\t\t<\/span>\n\t\t\t\t\t<\/button>\n\t\t\t\t<\/div>\n\t\t\t<\/div>\n\t\t<\/form>\n\t\t\t\t\t\t<\/div>\n\t\t\t\t<\/div>\n\t\t\t\t\t<\/div>\n\t\t<\/div>\n\t\t\t\t\t<\/div>\n\t\t<\/section>\n\t\t\t\t<\/div>\n\t\t","protected":false},"excerpt":{"rendered":"<p>KARRIERE Kontaktiere uns f\u00fcr deine Stellensuche Um Informationen \u00fcber interessante Jobangebote zu erhalten, f\u00fclle bitte das untenstehende Formular aus und f\u00fcge deinen Lebenslauf bei. Wenn du das gesuchte Land in der folgenden Liste nicht siehst, kehre zur Homepage zur\u00fcck und w\u00e4hle das entsprechende Land aus. Scroll<\/p>\n","protected":false},"author":1,"featured_media":0,"parent":0,"menu_order":0,"comment_status":"closed","ping_status":"closed","template":"","meta":{"_oasis_is_in_workflow":0,"_oasis_original":0,"_oasis_task_priority":"","footnotes":""},"class_list":["post-12550","page","type-page","status-publish","hentry"],"yoast_head":"<!-- This site is optimized with the Yoast SEO Premium plugin v27.3 (Yoast SEO v27.4) - https:\/\/yoast.com\/product\/yoast-seo-premium-wordpress\/ -->\n<title>Expleo | Kontaktiere uns f\u00fcr deine Stellensuche<\/title>\n<meta name=\"description\" content=\"Arbeiten bei Expleo: Nehmen Sie Kontakt mit uns auf f\u00fcr Ihre Traumkarriere in einem weltweit agierenden Unternehmen.\" \/>\n<meta name=\"robots\" content=\"index, follow, max-snippet:-1, max-image-preview:large, max-video-preview:-1\" \/>\n<link rel=\"canonical\" href=\"https:\/\/careers.expleo.com\/de\/kontakt-stellensuche\/\" \/>\n<meta property=\"og:locale\" content=\"de_DE\" \/>\n<meta property=\"og:type\" content=\"article\" \/>\n<meta property=\"og:title\" content=\"Kontaktiere uns f\u00fcr deine Stellensuche\" \/>\n<meta property=\"og:description\" content=\"Arbeiten bei Expleo: Nehmen Sie Kontakt mit uns auf f\u00fcr Ihre Traumkarriere in einem weltweit agierenden Unternehmen.\" \/>\n<meta property=\"og:url\" content=\"https:\/\/careers.expleo.com\/de\/kontakt-stellensuche\/\" \/>\n<meta property=\"og:site_name\" content=\"DE\" \/>\n<meta property=\"article:modified_time\" content=\"2026-03-30T07:47:14+00:00\" \/>\n<meta name=\"twitter:card\" content=\"summary_large_image\" \/>\n<meta name=\"twitter:label1\" content=\"Est. reading time\" \/>\n\t<meta name=\"twitter:data1\" content=\"1 minute\" \/>\n<script type=\"application\/ld+json\" class=\"yoast-schema-graph\">{\"@context\":\"https:\\\/\\\/schema.org\",\"@graph\":[{\"@type\":\"WebPage\",\"@id\":\"https:\\\/\\\/careers.expleo.com\\\/de\\\/kontakt-stellensuche\\\/\",\"url\":\"https:\\\/\\\/careers.expleo.com\\\/de\\\/kontakt-stellensuche\\\/\",\"name\":\"Expleo | Kontaktiere uns f\u00fcr deine Stellensuche\",\"isPartOf\":{\"@id\":\"https:\\\/\\\/careers.expleo.com\\\/de\\\/#website\"},\"datePublished\":\"2022-01-12T12:32:27+00:00\",\"dateModified\":\"2026-03-30T07:47:14+00:00\",\"description\":\"Arbeiten bei Expleo: Nehmen Sie Kontakt mit uns auf f\u00fcr Ihre Traumkarriere in einem weltweit agierenden Unternehmen.\",\"breadcrumb\":{\"@id\":\"https:\\\/\\\/careers.expleo.com\\\/de\\\/kontakt-stellensuche\\\/#breadcrumb\"},\"inLanguage\":\"de-DE\",\"potentialAction\":[{\"@type\":\"ReadAction\",\"target\":[\"https:\\\/\\\/careers.expleo.com\\\/de\\\/kontakt-stellensuche\\\/\"]}]},{\"@type\":\"BreadcrumbList\",\"@id\":\"https:\\\/\\\/careers.expleo.com\\\/de\\\/kontakt-stellensuche\\\/#breadcrumb\",\"itemListElement\":[{\"@type\":\"ListItem\",\"position\":1,\"name\":\"Home\",\"item\":\"https:\\\/\\\/careers.expleo.com\\\/de\\\/\"},{\"@type\":\"ListItem\",\"position\":2,\"name\":\"Kontaktiere uns f\u00fcr deine Stellensuche\"}]},{\"@type\":\"WebSite\",\"@id\":\"https:\\\/\\\/careers.expleo.com\\\/de\\\/#website\",\"url\":\"https:\\\/\\\/careers.expleo.com\\\/de\\\/\",\"name\":\"EXPLEO | DE\",\"description\":\"Expleo\",\"publisher\":{\"@id\":\"https:\\\/\\\/careers.expleo.com\\\/de\\\/#organization\"},\"potentialAction\":[{\"@type\":\"SearchAction\",\"target\":{\"@type\":\"EntryPoint\",\"urlTemplate\":\"https:\\\/\\\/careers.expleo.com\\\/de\\\/?s={search_term_string}\"},\"query-input\":{\"@type\":\"PropertyValueSpecification\",\"valueRequired\":true,\"valueName\":\"search_term_string\"}}],\"inLanguage\":\"de-DE\"},{\"@type\":\"Organization\",\"@id\":\"https:\\\/\\\/careers.expleo.com\\\/de\\\/#organization\",\"name\":\"EXPLEO | DE\",\"url\":\"https:\\\/\\\/careers.expleo.com\\\/de\\\/\",\"logo\":{\"@type\":\"ImageObject\",\"inLanguage\":\"de-DE\",\"@id\":\"https:\\\/\\\/careers.expleo.com\\\/de\\\/#\\\/schema\\\/logo\\\/image\\\/\",\"url\":\"https:\\\/\\\/careers.expleo.com\\\/de\\\/wp-content\\\/uploads\\\/2021\\\/10\\\/layer-9-1.svg\",\"contentUrl\":\"https:\\\/\\\/careers.expleo.com\\\/de\\\/wp-content\\\/uploads\\\/2021\\\/10\\\/layer-9-1.svg\",\"width\":41,\"height\":40,\"caption\":\"EXPLEO | DE\"},\"image\":{\"@id\":\"https:\\\/\\\/careers.expleo.com\\\/de\\\/#\\\/schema\\\/logo\\\/image\\\/\"}}]}<\/script>\n<!-- \/ Yoast SEO Premium plugin. -->","yoast_head_json":{"title":"Expleo | Kontaktiere uns f\u00fcr deine Stellensuche","description":"Arbeiten bei Expleo: Nehmen Sie Kontakt mit uns auf f\u00fcr Ihre Traumkarriere in einem weltweit agierenden Unternehmen.","robots":{"index":"index","follow":"follow","max-snippet":"max-snippet:-1","max-image-preview":"max-image-preview:large","max-video-preview":"max-video-preview:-1"},"canonical":"https:\/\/careers.expleo.com\/de\/kontakt-stellensuche\/","og_locale":"de_DE","og_type":"article","og_title":"Kontaktiere uns f\u00fcr deine Stellensuche","og_description":"Arbeiten bei Expleo: Nehmen Sie Kontakt mit uns auf f\u00fcr Ihre Traumkarriere in einem weltweit agierenden Unternehmen.","og_url":"https:\/\/careers.expleo.com\/de\/kontakt-stellensuche\/","og_site_name":"DE","article_modified_time":"2026-03-30T07:47:14+00:00","twitter_card":"summary_large_image","twitter_misc":{"Est. reading time":"1 minute"},"schema":{"@context":"https:\/\/schema.org","@graph":[{"@type":"WebPage","@id":"https:\/\/careers.expleo.com\/de\/kontakt-stellensuche\/","url":"https:\/\/careers.expleo.com\/de\/kontakt-stellensuche\/","name":"Expleo | Kontaktiere uns f\u00fcr deine Stellensuche","isPartOf":{"@id":"https:\/\/careers.expleo.com\/de\/#website"},"datePublished":"2022-01-12T12:32:27+00:00","dateModified":"2026-03-30T07:47:14+00:00","description":"Arbeiten bei Expleo: Nehmen Sie Kontakt mit uns auf f\u00fcr Ihre Traumkarriere in einem weltweit agierenden Unternehmen.","breadcrumb":{"@id":"https:\/\/careers.expleo.com\/de\/kontakt-stellensuche\/#breadcrumb"},"inLanguage":"de-DE","potentialAction":[{"@type":"ReadAction","target":["https:\/\/careers.expleo.com\/de\/kontakt-stellensuche\/"]}]},{"@type":"BreadcrumbList","@id":"https:\/\/careers.expleo.com\/de\/kontakt-stellensuche\/#breadcrumb","itemListElement":[{"@type":"ListItem","position":1,"name":"Home","item":"https:\/\/careers.expleo.com\/de\/"},{"@type":"ListItem","position":2,"name":"Kontaktiere uns f\u00fcr deine Stellensuche"}]},{"@type":"WebSite","@id":"https:\/\/careers.expleo.com\/de\/#website","url":"https:\/\/careers.expleo.com\/de\/","name":"EXPLEO | DE","description":"Expleo","publisher":{"@id":"https:\/\/careers.expleo.com\/de\/#organization"},"potentialAction":[{"@type":"SearchAction","target":{"@type":"EntryPoint","urlTemplate":"https:\/\/careers.expleo.com\/de\/?s={search_term_string}"},"query-input":{"@type":"PropertyValueSpecification","valueRequired":true,"valueName":"search_term_string"}}],"inLanguage":"de-DE"},{"@type":"Organization","@id":"https:\/\/careers.expleo.com\/de\/#organization","name":"EXPLEO | DE","url":"https:\/\/careers.expleo.com\/de\/","logo":{"@type":"ImageObject","inLanguage":"de-DE","@id":"https:\/\/careers.expleo.com\/de\/#\/schema\/logo\/image\/","url":"https:\/\/careers.expleo.com\/de\/wp-content\/uploads\/2021\/10\/layer-9-1.svg","contentUrl":"https:\/\/careers.expleo.com\/de\/wp-content\/uploads\/2021\/10\/layer-9-1.svg","width":41,"height":40,"caption":"EXPLEO | DE"},"image":{"@id":"https:\/\/careers.expleo.com\/de\/#\/schema\/logo\/image\/"}}]}},"hreflang":{"rendered":"<link rel=\"alternate\" href=\"https:\/\/careers.expleo.com\/en\/contact-job-search\/\" hreflang=\"x-default\"\/>\n<link rel=\"alternate\" href=\"https:\/\/careers.expleo.com\/en\/contact-job-search\/\" hreflang=\"en\"\/>\n<link rel=\"alternate\" href=\"https:\/\/careers.expleo.com\/fr\/contact-recherche-emploi\/\" hreflang=\"fr\"\/>\n<link rel=\"alternate\" href=\"https:\/\/careers.expleo.com\/de\/kontakt-stellensuche\/\" hreflang=\"de\"\/>\n","structure":[{"blogId":4,"blogIsHidden":false,"postId":18014,"url":"https:\/\/careers.expleo.com\/en\/contact-job-search\/","language":"en","default":true},{"blogId":5,"blogIsHidden":false,"postId":12133,"url":"https:\/\/careers.expleo.com\/fr\/contact-recherche-emploi\/","language":"fr","default":false},{"blogId":6,"blogIsHidden":false,"postId":12550,"url":"https:\/\/careers.expleo.com\/de\/kontakt-stellensuche\/","language":"de","default":false}]},"_links":{"self":[{"href":"https:\/\/careers.expleo.com\/de\/wp-json\/wp\/v2\/pages\/12550","targetHints":{"allow":["GET"]}}],"collection":[{"href":"https:\/\/careers.expleo.com\/de\/wp-json\/wp\/v2\/pages"}],"about":[{"href":"https:\/\/careers.expleo.com\/de\/wp-json\/wp\/v2\/types\/page"}],"author":[{"embeddable":true,"href":"https:\/\/careers.expleo.com\/de\/wp-json\/wp\/v2\/users\/1"}],"replies":[{"embeddable":true,"href":"https:\/\/careers.expleo.com\/de\/wp-json\/wp\/v2\/comments?post=12550"}],"version-history":[{"count":5,"href":"https:\/\/careers.expleo.com\/de\/wp-json\/wp\/v2\/pages\/12550\/revisions"}],"predecessor-version":[{"id":39226,"href":"https:\/\/careers.expleo.com\/de\/wp-json\/wp\/v2\/pages\/12550\/revisions\/39226"}],"wp:attachment":[{"href":"https:\/\/careers.expleo.com\/de\/wp-json\/wp\/v2\/media?parent=12550"}],"curies":[{"name":"wp","href":"https:\/\/api.w.org\/{rel}","templated":true}]}}