{"id":10775,"date":"2021-11-03T11:05:06","date_gmt":"2021-11-03T11:05:06","guid":{"rendered":"https:\/\/careers.expleo.com\/global\/en\/about-us-2\/"},"modified":"2024-11-19T09:46:48","modified_gmt":"2024-11-19T09:46:48","slug":"einstellungsverfahren","status":"publish","type":"page","link":"https:\/\/careers.expleo.com\/de\/einstellungsverfahren\/","title":{"rendered":"Einstellungsverfahren"},"content":{"rendered":"\t\t<div data-elementor-type=\"wp-page\" data-elementor-id=\"10775\" class=\"elementor elementor-10775\" data-elementor-post-type=\"page\">\n\t\t\t\t\t\t<section class=\"elementor-section elementor-top-section elementor-element elementor-element-79b3ff0 gg-banner-animation-rtl gg-standard-banner gg-container-small-pb-144 elementor-section-boxed elementor-section-height-default elementor-section-height-default\" data-id=\"79b3ff0\" data-element_type=\"section\" data-e-type=\"section\" data-settings=\"{&quot;background_background&quot;:&quot;classic&quot;}\">\n\t\t\t\t\t\t\t<div class=\"elementor-background-overlay\"><\/div>\n\t\t\t\t\t\t\t<div class=\"elementor-container elementor-column-gap-no\">\n\t\t\t\t\t<div class=\"elementor-column elementor-col-100 elementor-top-column elementor-element elementor-element-4fdafde\" data-id=\"4fdafde\" data-element_type=\"column\" data-e-type=\"column\">\n\t\t\t<div class=\"elementor-widget-wrap elementor-element-populated\">\n\t\t\t\t\t\t<div class=\"elementor-element elementor-element-6511216 elementor-widget elementor-widget-template\" data-id=\"6511216\" data-element_type=\"widget\" data-e-type=\"widget\" data-widget_type=\"template.default\">\n\t\t\t\t<div class=\"elementor-widget-container\">\n\t\t\t\t\t\t\t<div class=\"elementor-template\">\n\t\t\t\t\t<div data-elementor-type=\"section\" data-elementor-id=\"2357\" class=\"elementor elementor-2357\" data-elementor-post-type=\"elementor_library\">\n\t\t\t\t\t<section class=\"elementor-section elementor-top-section elementor-element elementor-element-32d90ec6 gg-font-v11 gg-breadcrumbs gg-breadcrumbs-page elementor-section-full_width elementor-hidden-mobile elementor-section-height-default elementor-section-height-default\" data-id=\"32d90ec6\" data-element_type=\"section\" data-e-type=\"section\">\n\t\t\t\t\t\t<div class=\"elementor-container elementor-column-gap-no\">\n\t\t\t\t\t<div class=\"elementor-column elementor-col-100 elementor-top-column elementor-element elementor-element-b0f6d34 gg-breadcrumbs-column\" data-id=\"b0f6d34\" data-element_type=\"column\" data-e-type=\"column\">\n\t\t\t<div class=\"elementor-widget-wrap elementor-element-populated\">\n\t\t\t\t\t\t<div class=\"elementor-element elementor-element-425d9abe elementor-widget elementor-widget-breadcrumbs\" data-id=\"425d9abe\" data-element_type=\"widget\" data-e-type=\"widget\" data-switcher=\"false\" data-widget_type=\"breadcrumbs.default\">\n\t\t\t\t<div class=\"elementor-widget-container\">\n\t\t\t\t\t<p id=\"breadcrumbs\"><span><span><a href=\"https:\/\/careers.expleo.com\/de\/\">Home<\/a><\/span><\/span><\/p>\t\t\t\t<\/div>\n\t\t\t\t<\/div>\n\t\t\t\t\t<\/div>\n\t\t<\/div>\n\t\t\t\t\t<\/div>\n\t\t<\/section>\n\t\t\t\t<\/div>\n\t\t\t\t<\/div>\n\t\t\t\t\t\t<\/div>\n\t\t\t\t<\/div>\n\t\t\t\t<div class=\"elementor-element elementor-element-950b274 elementor-widget elementor-widget-gravity-advanced-cta\" data-id=\"950b274\" data-element_type=\"widget\" data-e-type=\"widget\" data-widget_type=\"gravity-advanced-cta.default\">\n\t\t\t\t<div class=\"elementor-widget-container\">\n\t\t\t\t\t        <div class=\"gg-advanced-cta\">\r\n            \r\n        <p class=\"gg-advanced-cta__heading gg-tagline-heading-left \">\r\n        <strong>        Hervorragende Chancen nutzen        <\/strong>        <\/p>\r\n        \r\n        <h1 class=\"gg-advanced-cta__subheading gg-font-v1 \">\r\n                <span>Einstellungsverfahren<\/span>                <\/h1>\r\n                <div class=\"gg-advanced-cta__description gg-font-v9\">\r\n            <span><p>Deine Reise mit Expleo beginnt hier! Unser Bewerbungsprozess ist transparent und unkompliziert, damit wir die passende Position f\u00fcr dich mit deinen individuellen F\u00e4higkeiten finden k\u00f6nnen. Wir legen Wert auf ein faires Erlebnis, bei dem sowohl du als auch Expleo die potenzielle Rolle einsch\u00e4tzen k\u00f6nnen. Entdecke die verschiedenen Schritte unseres Prozesses und erfahre, wie wir deine Ziele mit den Anforderungen unseres Teams in Einklang bringen.<br \/><br \/>Klicke auf das &#8216;+&#8217; in jedem Abschnitt, um mehr \u00fcber unseren Bewerbungsprozess zu erfahren<\/p><\/span>        <\/div>\r\n                <\/div>\r\n\r\n        \t\t\t\t<\/div>\n\t\t\t\t<\/div>\n\t\t\t\t<div class=\"elementor-element elementor-element-1821a78 gg-outside-left-element elementor-widget elementor-widget-heading\" data-id=\"1821a78\" data-element_type=\"widget\" data-e-type=\"widget\" data-widget_type=\"heading.default\">\n\t\t\t\t<div class=\"elementor-widget-container\">\n\t\t\t\t\t<div class=\"elementor-heading-title elementor-size-default\">Scroll<\/div>\t\t\t\t<\/div>\n\t\t\t\t<\/div>\n\t\t\t\t\t<\/div>\n\t\t<\/div>\n\t\t\t\t\t<\/div>\n\t\t<\/section>\n\t\t\t\t<section class=\"elementor-section elementor-top-section elementor-element elementor-element-e473a2c elementor-section-boxed elementor-section-height-default elementor-section-height-default\" data-id=\"e473a2c\" data-element_type=\"section\" data-e-type=\"section\">\n\t\t\t\t\t\t<div class=\"elementor-container elementor-column-gap-default\">\n\t\t\t\t\t<div class=\"elementor-column elementor-col-100 elementor-top-column elementor-element elementor-element-15177fc\" data-id=\"15177fc\" data-element_type=\"column\" data-e-type=\"column\">\n\t\t\t<div class=\"elementor-widget-wrap elementor-element-populated\">\n\t\t\t\t\t\t<div class=\"elementor-element elementor-element-fd35d2c elementor-widget elementor-widget-spacer\" data-id=\"fd35d2c\" data-element_type=\"widget\" data-e-type=\"widget\" data-widget_type=\"spacer.default\">\n\t\t\t\t<div class=\"elementor-widget-container\">\n\t\t\t\t\t\t\t<div class=\"elementor-spacer\">\n\t\t\t<div class=\"elementor-spacer-inner\"><\/div>\n\t\t<\/div>\n\t\t\t\t\t\t<\/div>\n\t\t\t\t<\/div>\n\t\t\t\t\t<\/div>\n\t\t<\/div>\n\t\t\t\t\t<\/div>\n\t\t<\/section>\n\t\t\t\t<section class=\"elementor-section elementor-top-section elementor-element elementor-element-25ae48c elementor-section-boxed elementor-section-height-default elementor-section-height-default\" data-id=\"25ae48c\" data-element_type=\"section\" data-e-type=\"section\">\n\t\t\t\t\t\t<div class=\"elementor-container elementor-column-gap-default\">\n\t\t\t\t\t<div class=\"elementor-column elementor-col-100 elementor-top-column elementor-element elementor-element-9260788\" data-id=\"9260788\" data-element_type=\"column\" data-e-type=\"column\">\n\t\t\t<div class=\"elementor-widget-wrap elementor-element-populated\">\n\t\t\t\t\t\t<div class=\"elementor-element elementor-element-e1efb19 elementor-widget elementor-widget-html\" data-id=\"e1efb19\" data-element_type=\"widget\" data-e-type=\"widget\" data-widget_type=\"html.default\">\n\t\t\t\t<div class=\"elementor-widget-container\">\n\t\t\t\t\t\n<iframe width=\"960\" height=\"2026.0645161290322\" data-original-width=\"1240\" data-original-height=\"2617\" src=https:\/\/www.thinglink.com\/card\/1538617959411351553 type=\"text\/html\" frameborder=\"0\" webkitallowfullscreen mozallowfullscreen allowfullscreen scrolling=\"no\"><\/iframe><script async src=\"\/\/cdn.thinglink.me\/jse\/responsive.js\"><\/script>\t\t\t\t<\/div>\n\t\t\t\t<\/div>\n\t\t\t\t\t<\/div>\n\t\t<\/div>\n\t\t\t\t\t<\/div>\n\t\t<\/section>\n\t\t\t\t<\/div>\n\t\t","protected":false},"excerpt":{"rendered":"<p>Hervorragende Chancen nutzen Einstellungsverfahren Deine Reise mit Expleo beginnt hier! Unser Bewerbungsprozess ist transparent und unkompliziert, damit wir die passende Position f\u00fcr dich mit deinen individuellen F\u00e4higkeiten finden k\u00f6nnen. Wir legen Wert auf ein faires Erlebnis, bei dem sowohl du als auch Expleo die potenzielle Rolle einsch\u00e4tzen k\u00f6nnen. Entdecke die verschiedenen Schritte unseres Prozesses und [&hellip;]<\/p>\n","protected":false},"author":18,"featured_media":0,"parent":0,"menu_order":0,"comment_status":"closed","ping_status":"closed","template":"","meta":{"_oasis_is_in_workflow":0,"_oasis_original":0,"_oasis_task_priority":"","footnotes":""},"class_list":["post-10775","page","type-page","status-publish","hentry"],"yoast_head":"<!-- This site is optimized with the Yoast SEO Premium plugin v27.3 (Yoast SEO v27.4) - https:\/\/yoast.com\/product\/yoast-seo-premium-wordpress\/ -->\n<title>Expleo | Einstellungsverfahren<\/title>\n<meta name=\"description\" content=\"Unser Einstellungsverfahren : Sie erfahren, welche Aufgaben am besten zu Ihren Talenten und F\u00e4higkeiten passen.\" \/>\n<meta name=\"robots\" content=\"index, follow, max-snippet:-1, max-image-preview:large, max-video-preview:-1\" \/>\n<link rel=\"canonical\" href=\"https:\/\/careers.expleo.com\/de\/einstellungsverfahren\/\" \/>\n<meta property=\"og:locale\" content=\"de_DE\" \/>\n<meta property=\"og:type\" content=\"article\" \/>\n<meta property=\"og:title\" content=\"Einstellungsverfahren\" \/>\n<meta property=\"og:description\" content=\"Unser Einstellungsverfahren : Sie erfahren, welche Aufgaben am besten zu Ihren Talenten und F\u00e4higkeiten passen.\" \/>\n<meta property=\"og:url\" content=\"https:\/\/careers.expleo.com\/de\/einstellungsverfahren\/\" \/>\n<meta property=\"og:site_name\" content=\"DE\" \/>\n<meta property=\"article:modified_time\" content=\"2024-11-19T09:46:48+00:00\" \/>\n<meta name=\"twitter:card\" content=\"summary_large_image\" \/>\n<meta name=\"twitter:label1\" content=\"Est. reading time\" \/>\n\t<meta name=\"twitter:data1\" content=\"1 minute\" \/>\n<script type=\"application\/ld+json\" class=\"yoast-schema-graph\">{\"@context\":\"https:\\\/\\\/schema.org\",\"@graph\":[{\"@type\":\"WebPage\",\"@id\":\"https:\\\/\\\/careers.expleo.com\\\/de\\\/einstellungsverfahren\\\/\",\"url\":\"https:\\\/\\\/careers.expleo.com\\\/de\\\/einstellungsverfahren\\\/\",\"name\":\"Expleo | Einstellungsverfahren\",\"isPartOf\":{\"@id\":\"https:\\\/\\\/careers.expleo.com\\\/de\\\/#website\"},\"datePublished\":\"2021-11-03T11:05:06+00:00\",\"dateModified\":\"2024-11-19T09:46:48+00:00\",\"description\":\"Unser Einstellungsverfahren : Sie erfahren, welche Aufgaben am besten zu Ihren Talenten und F\u00e4higkeiten passen.\",\"breadcrumb\":{\"@id\":\"https:\\\/\\\/careers.expleo.com\\\/de\\\/einstellungsverfahren\\\/#breadcrumb\"},\"inLanguage\":\"de-DE\",\"potentialAction\":[{\"@type\":\"ReadAction\",\"target\":[\"https:\\\/\\\/careers.expleo.com\\\/de\\\/einstellungsverfahren\\\/\"]}]},{\"@type\":\"BreadcrumbList\",\"@id\":\"https:\\\/\\\/careers.expleo.com\\\/de\\\/einstellungsverfahren\\\/#breadcrumb\",\"itemListElement\":[{\"@type\":\"ListItem\",\"position\":1,\"name\":\"Home\",\"item\":\"https:\\\/\\\/careers.expleo.com\\\/de\\\/\"},{\"@type\":\"ListItem\",\"position\":2,\"name\":\"Einstellungsverfahren\"}]},{\"@type\":\"WebSite\",\"@id\":\"https:\\\/\\\/careers.expleo.com\\\/de\\\/#website\",\"url\":\"https:\\\/\\\/careers.expleo.com\\\/de\\\/\",\"name\":\"EXPLEO | DE\",\"description\":\"Expleo\",\"publisher\":{\"@id\":\"https:\\\/\\\/careers.expleo.com\\\/de\\\/#organization\"},\"potentialAction\":[{\"@type\":\"SearchAction\",\"target\":{\"@type\":\"EntryPoint\",\"urlTemplate\":\"https:\\\/\\\/careers.expleo.com\\\/de\\\/?s={search_term_string}\"},\"query-input\":{\"@type\":\"PropertyValueSpecification\",\"valueRequired\":true,\"valueName\":\"search_term_string\"}}],\"inLanguage\":\"de-DE\"},{\"@type\":\"Organization\",\"@id\":\"https:\\\/\\\/careers.expleo.com\\\/de\\\/#organization\",\"name\":\"EXPLEO | DE\",\"url\":\"https:\\\/\\\/careers.expleo.com\\\/de\\\/\",\"logo\":{\"@type\":\"ImageObject\",\"inLanguage\":\"de-DE\",\"@id\":\"https:\\\/\\\/careers.expleo.com\\\/de\\\/#\\\/schema\\\/logo\\\/image\\\/\",\"url\":\"https:\\\/\\\/careers.expleo.com\\\/de\\\/wp-content\\\/uploads\\\/2021\\\/10\\\/layer-9-1.svg\",\"contentUrl\":\"https:\\\/\\\/careers.expleo.com\\\/de\\\/wp-content\\\/uploads\\\/2021\\\/10\\\/layer-9-1.svg\",\"width\":41,\"height\":40,\"caption\":\"EXPLEO | DE\"},\"image\":{\"@id\":\"https:\\\/\\\/careers.expleo.com\\\/de\\\/#\\\/schema\\\/logo\\\/image\\\/\"}}]}<\/script>\n<!-- \/ Yoast SEO Premium plugin. -->","yoast_head_json":{"title":"Expleo | Einstellungsverfahren","description":"Unser Einstellungsverfahren : Sie erfahren, welche Aufgaben am besten zu Ihren Talenten und F\u00e4higkeiten passen.","robots":{"index":"index","follow":"follow","max-snippet":"max-snippet:-1","max-image-preview":"max-image-preview:large","max-video-preview":"max-video-preview:-1"},"canonical":"https:\/\/careers.expleo.com\/de\/einstellungsverfahren\/","og_locale":"de_DE","og_type":"article","og_title":"Einstellungsverfahren","og_description":"Unser Einstellungsverfahren : Sie erfahren, welche Aufgaben am besten zu Ihren Talenten und F\u00e4higkeiten passen.","og_url":"https:\/\/careers.expleo.com\/de\/einstellungsverfahren\/","og_site_name":"DE","article_modified_time":"2024-11-19T09:46:48+00:00","twitter_card":"summary_large_image","twitter_misc":{"Est. reading time":"1 minute"},"schema":{"@context":"https:\/\/schema.org","@graph":[{"@type":"WebPage","@id":"https:\/\/careers.expleo.com\/de\/einstellungsverfahren\/","url":"https:\/\/careers.expleo.com\/de\/einstellungsverfahren\/","name":"Expleo | Einstellungsverfahren","isPartOf":{"@id":"https:\/\/careers.expleo.com\/de\/#website"},"datePublished":"2021-11-03T11:05:06+00:00","dateModified":"2024-11-19T09:46:48+00:00","description":"Unser Einstellungsverfahren : Sie erfahren, welche Aufgaben am besten zu Ihren Talenten und F\u00e4higkeiten passen.","breadcrumb":{"@id":"https:\/\/careers.expleo.com\/de\/einstellungsverfahren\/#breadcrumb"},"inLanguage":"de-DE","potentialAction":[{"@type":"ReadAction","target":["https:\/\/careers.expleo.com\/de\/einstellungsverfahren\/"]}]},{"@type":"BreadcrumbList","@id":"https:\/\/careers.expleo.com\/de\/einstellungsverfahren\/#breadcrumb","itemListElement":[{"@type":"ListItem","position":1,"name":"Home","item":"https:\/\/careers.expleo.com\/de\/"},{"@type":"ListItem","position":2,"name":"Einstellungsverfahren"}]},{"@type":"WebSite","@id":"https:\/\/careers.expleo.com\/de\/#website","url":"https:\/\/careers.expleo.com\/de\/","name":"EXPLEO | DE","description":"Expleo","publisher":{"@id":"https:\/\/careers.expleo.com\/de\/#organization"},"potentialAction":[{"@type":"SearchAction","target":{"@type":"EntryPoint","urlTemplate":"https:\/\/careers.expleo.com\/de\/?s={search_term_string}"},"query-input":{"@type":"PropertyValueSpecification","valueRequired":true,"valueName":"search_term_string"}}],"inLanguage":"de-DE"},{"@type":"Organization","@id":"https:\/\/careers.expleo.com\/de\/#organization","name":"EXPLEO | DE","url":"https:\/\/careers.expleo.com\/de\/","logo":{"@type":"ImageObject","inLanguage":"de-DE","@id":"https:\/\/careers.expleo.com\/de\/#\/schema\/logo\/image\/","url":"https:\/\/careers.expleo.com\/de\/wp-content\/uploads\/2021\/10\/layer-9-1.svg","contentUrl":"https:\/\/careers.expleo.com\/de\/wp-content\/uploads\/2021\/10\/layer-9-1.svg","width":41,"height":40,"caption":"EXPLEO | DE"},"image":{"@id":"https:\/\/careers.expleo.com\/de\/#\/schema\/logo\/image\/"}}]}},"hreflang":{"rendered":"<link rel=\"alternate\" href=\"https:\/\/careers.expleo.com\/en\/recruitment-process\/\" hreflang=\"x-default\"\/>\n<link rel=\"alternate\" href=\"https:\/\/careers.expleo.com\/en\/recruitment-process\/\" hreflang=\"en\"\/>\n<link rel=\"alternate\" href=\"https:\/\/careers.expleo.com\/fr\/le-processus-de-recrutement\/\" hreflang=\"fr\"\/>\n<link rel=\"alternate\" href=\"https:\/\/careers.expleo.com\/de\/einstellungsverfahren\/\" hreflang=\"de\"\/>\n","structure":[{"blogId":4,"blogIsHidden":false,"postId":15478,"url":"https:\/\/careers.expleo.com\/en\/recruitment-process\/","language":"en","default":true},{"blogId":5,"blogIsHidden":false,"postId":9732,"url":"https:\/\/careers.expleo.com\/fr\/le-processus-de-recrutement\/","language":"fr","default":false},{"blogId":6,"blogIsHidden":false,"postId":10775,"url":"https:\/\/careers.expleo.com\/de\/einstellungsverfahren\/","language":"de","default":false}]},"_links":{"self":[{"href":"https:\/\/careers.expleo.com\/de\/wp-json\/wp\/v2\/pages\/10775","targetHints":{"allow":["GET"]}}],"collection":[{"href":"https:\/\/careers.expleo.com\/de\/wp-json\/wp\/v2\/pages"}],"about":[{"href":"https:\/\/careers.expleo.com\/de\/wp-json\/wp\/v2\/types\/page"}],"author":[{"embeddable":true,"href":"https:\/\/careers.expleo.com\/de\/wp-json\/wp\/v2\/users\/18"}],"replies":[{"embeddable":true,"href":"https:\/\/careers.expleo.com\/de\/wp-json\/wp\/v2\/comments?post=10775"}],"version-history":[{"count":10,"href":"https:\/\/careers.expleo.com\/de\/wp-json\/wp\/v2\/pages\/10775\/revisions"}],"predecessor-version":[{"id":26640,"href":"https:\/\/careers.expleo.com\/de\/wp-json\/wp\/v2\/pages\/10775\/revisions\/26640"}],"wp:attachment":[{"href":"https:\/\/careers.expleo.com\/de\/wp-json\/wp\/v2\/media?parent=10775"}],"curies":[{"name":"wp","href":"https:\/\/api.w.org\/{rel}","templated":true}]}}